{"id":804,"date":"2023-04-10T10:56:12","date_gmt":"2023-04-10T13:56:12","guid":{"rendered":"https:\/\/pezgordon.com\/msf_dev\/?page_id=804"},"modified":"2023-05-12T10:53:59","modified_gmt":"2023-05-12T13:53:59","slug":"empresas-que-nos-apoyan","status":"publish","type":"page","link":"https:\/\/pezgordon.com\/msf_dev\/colabora\/empresas\/empresas-que-nos-apoyan\/","title":{"rendered":"Empresas que nos apoyan"},"content":{"rendered":"<div id=\"pl-804\"  class=\"panel-layout\" ><div id=\"pg-804-0\"  class=\"panel-grid panel-no-style\" ><div id=\"pgc-804-0-0\"  class=\"panel-grid-cell\" ><div id=\"panel-804-0-0-0\" class=\"so-panel widget_text-module panel-first-child\" data-index=\"0\" ><div\n\t\t\t\n\t\t\tclass=\"so-widget-text-module so-widget-text-module-default-d75171398898-804\"\n\t\t\t\n\t\t>\n<section class=\"text-module full-screen mobile-white desktop-white wide\" style=\"--backgroundDesktop:var(--white);--primaryColorDesktop:var(--grey);--secondaryColorDesktop:var(--grey);--backgroundMobile:var(--white);--primaryColorMobile:var(--grey);--secondaryColorMobile:var(--grey)\">\n\t\t\t\n\t<div class=\"container\">\n\n\t\t<p style=\"text-align: center\">Su <strong>apoyo financiero directo<\/strong> nos permite atender a las v\u00edctimas de las emergencias y a nuestros pacientes en los proyectos regulares:<\/p>\n\n\t<\/div>\n\n<\/section><\/div><\/div><div\n\t\t\t\n\t\t\tclass=\"so-widget-empresas-module so-widget-empresas-module-default-d75171398898-804\"\n\t\t\t\n\t\t>\n<section class=\"msf-logos columns-four \">\n\n\t<div class=\"container\">\n\n\t\t<div class=\"grid\">\n\n\t\t\n\t\t<div>\n\t\t\t<div class=\"thumbnail\">\n\t\t\t\t<img loading=\"lazy\" decoding=\"async\" width=\"1\" height=\"1\" src=\"https:\/\/pezgordon.com\/msf_dev\/wp-content\/uploads\/2023\/04\/benevity_logo.svg\" class=\"attachment-medium size-medium wp-post-image\" alt=\"\" \/>\t\t\t<\/div>\n\t\t<\/div>\n\n\t\t\n\t\t<div>\n\t\t\t<div class=\"thumbnail\">\n\t\t\t\t<img loading=\"lazy\" decoding=\"async\" width=\"1\" height=\"1\" src=\"https:\/\/pezgordon.com\/msf_dev\/wp-content\/uploads\/2023\/04\/bunzl-logo.svg\" class=\"attachment-medium size-medium wp-post-image\" alt=\"\" \/>\t\t\t<\/div>\n\t\t<\/div>\n\n\t\t\n\t\t<\/div>\n\n\t<\/div>\n\n<\/section><\/div><\/div><\/div><\/div>","protected":false},"excerpt":{"rendered":"<p>Empresas Sin Fronteras. Empresas comprometidas.<br \/>\nEmpresas que conf\u00edan en M\u00e9dicos Sin Fronteras (MSF). Gracias a sus aportes podemos hacer nuestro trabajo: salvar vidas en lugares donde nadie m\u00e1s llega. \u00a1Conocelas!<\/p>\n","protected":false},"author":1,"featured_media":814,"parent":582,"menu_order":0,"comment_status":"closed","ping_status":"closed","template":"","meta":{"_acf_changed":false,"footnotes":""},"class_list":["post-804","page","type-page","status-publish","has-post-thumbnail","hentry"],"acf":[],"yoast_head":"<!-- This site is optimized with the Yoast SEO plugin v23.0 - https:\/\/yoast.com\/wordpress\/plugins\/seo\/ -->\n<title>Empresas que nos apoyan - M\u00e9dicos Sin Fronteras Colombia | Ayuda m\u00e9dico-humanitaria<\/title>\n<meta name=\"robots\" content=\"noindex, follow, max-snippet:-1, max-image-preview:large, max-video-preview:-1\" \/>\n<meta property=\"og:locale\" content=\"es_ES\" \/>\n<meta property=\"og:type\" content=\"article\" \/>\n<meta property=\"og:title\" content=\"Empresas que nos apoyan - M\u00e9dicos Sin Fronteras Colombia | Ayuda m\u00e9dico-humanitaria\" \/>\n<meta property=\"og:description\" content=\"Empresas Sin Fronteras. Empresas comprometidas.  Empresas que conf\u00edan en M\u00e9dicos Sin Fronteras (MSF). Gracias a sus aportes podemos hacer nuestro trabajo: salvar vidas en lugares donde nadie m\u00e1s llega. \u00a1Conocelas!\" \/>\n<meta property=\"og:url\" content=\"https:\/\/pezgordon.com\/msf_dev\/colabora\/empresas\/empresas-que-nos-apoyan\/\" \/>\n<meta property=\"og:site_name\" content=\"M\u00e9dicos Sin Fronteras Colombia | Ayuda m\u00e9dico-humanitaria\" \/>\n<meta property=\"article:publisher\" content=\"https:\/\/www.facebook.com\/medicossinfronteras.ong\" \/>\n<meta property=\"article:modified_time\" content=\"2023-05-12T13:53:59+00:00\" \/>\n<meta property=\"og:image\" content=\"https:\/\/pezgordon.com\/msf_dev\/wp-content\/uploads\/2023\/04\/empresas-que-apoyan.jpg\" \/>\n\t<meta property=\"og:image:width\" content=\"863\" \/>\n\t<meta property=\"og:image:height\" content=\"576\" \/>\n\t<meta property=\"og:image:type\" content=\"image\/jpeg\" \/>\n<meta name=\"twitter:card\" content=\"summary_large_image\" \/>\n<meta name=\"twitter:site\" content=\"@MSF_Colombia\" \/>\n<script type=\"application\/ld+json\" class=\"yoast-schema-graph\">{\"@context\":\"https:\/\/schema.org\",\"@graph\":[{\"@type\":\"WebPage\",\"@id\":\"https:\/\/pezgordon.com\/msf_dev\/colabora\/empresas\/empresas-que-nos-apoyan\/\",\"url\":\"https:\/\/pezgordon.com\/msf_dev\/colabora\/empresas\/empresas-que-nos-apoyan\/\",\"name\":\"Empresas que nos apoyan - M\u00e9dicos Sin Fronteras Colombia | Ayuda m\u00e9dico-humanitaria\",\"isPartOf\":{\"@id\":\"https:\/\/pezgordon.com\/msf_dev\/#website\"},\"primaryImageOfPage\":{\"@id\":\"https:\/\/pezgordon.com\/msf_dev\/colabora\/empresas\/empresas-que-nos-apoyan\/#primaryimage\"},\"image\":{\"@id\":\"https:\/\/pezgordon.com\/msf_dev\/colabora\/empresas\/empresas-que-nos-apoyan\/#primaryimage\"},\"thumbnailUrl\":\"https:\/\/pezgordon.com\/msf_dev\/wp-content\/uploads\/2023\/04\/empresas-que-apoyan.jpg\",\"datePublished\":\"2023-04-10T13:56:12+00:00\",\"dateModified\":\"2023-05-12T13:53:59+00:00\",\"breadcrumb\":{\"@id\":\"https:\/\/pezgordon.com\/msf_dev\/colabora\/empresas\/empresas-que-nos-apoyan\/#breadcrumb\"},\"inLanguage\":\"es\",\"potentialAction\":[{\"@type\":\"ReadAction\",\"target\":[\"https:\/\/pezgordon.com\/msf_dev\/colabora\/empresas\/empresas-que-nos-apoyan\/\"]}]},{\"@type\":\"ImageObject\",\"inLanguage\":\"es\",\"@id\":\"https:\/\/pezgordon.com\/msf_dev\/colabora\/empresas\/empresas-que-nos-apoyan\/#primaryimage\",\"url\":\"https:\/\/pezgordon.com\/msf_dev\/wp-content\/uploads\/2023\/04\/empresas-que-apoyan.jpg\",\"contentUrl\":\"https:\/\/pezgordon.com\/msf_dev\/wp-content\/uploads\/2023\/04\/empresas-que-apoyan.jpg\",\"width\":863,\"height\":576},{\"@type\":\"BreadcrumbList\",\"@id\":\"https:\/\/pezgordon.com\/msf_dev\/colabora\/empresas\/empresas-que-nos-apoyan\/#breadcrumb\",\"itemListElement\":[{\"@type\":\"ListItem\",\"position\":1,\"name\":\"Home\",\"item\":\"https:\/\/pezgordon.com\/msf_dev\/\"},{\"@type\":\"ListItem\",\"position\":2,\"name\":\"Colabora\",\"item\":\"https:\/\/pezgordon.com\/msf_dev\/colabora\/\"},{\"@type\":\"ListItem\",\"position\":3,\"name\":\"Empresas\",\"item\":\"https:\/\/pezgordon.com\/msf_dev\/colabora\/empresas\/\"},{\"@type\":\"ListItem\",\"position\":4,\"name\":\"Empresas que nos apoyan\"}]},{\"@type\":\"WebSite\",\"@id\":\"https:\/\/pezgordon.com\/msf_dev\/#website\",\"url\":\"https:\/\/pezgordon.com\/msf_dev\/\",\"name\":\"M\u00e9dicos Sin Fronteras Colombia | Ayuda m\u00e9dico-humanitaria\",\"description\":\"\",\"publisher\":{\"@id\":\"https:\/\/pezgordon.com\/msf_dev\/#organization\"},\"potentialAction\":[{\"@type\":\"SearchAction\",\"target\":{\"@type\":\"EntryPoint\",\"urlTemplate\":\"https:\/\/pezgordon.com\/msf_dev\/?s={search_term_string}\"},\"query-input\":\"required name=search_term_string\"}],\"inLanguage\":\"es\"},{\"@type\":\"Organization\",\"@id\":\"https:\/\/pezgordon.com\/msf_dev\/#organization\",\"name\":\"M\u00e9dicos Sin Fronteras Colombia\",\"alternateName\":\"MSF\",\"url\":\"https:\/\/pezgordon.com\/msf_dev\/\",\"logo\":{\"@type\":\"ImageObject\",\"inLanguage\":\"es\",\"@id\":\"https:\/\/pezgordon.com\/msf_dev\/#\/schema\/logo\/image\/\",\"url\":\"https:\/\/pezgordon.com\/msf_dev\/wp-content\/uploads\/2023\/05\/msf_organization.png\",\"contentUrl\":\"https:\/\/pezgordon.com\/msf_dev\/wp-content\/uploads\/2023\/05\/msf_organization.png\",\"width\":120,\"height\":120,\"caption\":\"M\u00e9dicos Sin Fronteras Colombia\"},\"image\":{\"@id\":\"https:\/\/pezgordon.com\/msf_dev\/#\/schema\/logo\/image\/\"},\"sameAs\":[\"https:\/\/www.facebook.com\/medicossinfronteras.ong\",\"https:\/\/x.com\/MSF_Colombia\",\"https:\/\/www.youtube.com\/user\/MedicosSinFronteras\",\"https:\/\/www.tiktok.com\/@medicossinfronteras\",\"https:\/\/www.instagram.com\/msf_sudamerica\",\"https:\/\/www.linkedin.com\/company\/msf-latam\/mycompany\/\"]}]}<\/script>\n<!-- \/ Yoast SEO plugin. -->","yoast_head_json":{"title":"Empresas que nos apoyan - M\u00e9dicos Sin Fronteras Colombia | Ayuda m\u00e9dico-humanitaria","robots":{"index":"noindex","follow":"follow","max-snippet":"max-snippet:-1","max-image-preview":"max-image-preview:large","max-video-preview":"max-video-preview:-1"},"og_locale":"es_ES","og_type":"article","og_title":"Empresas que nos apoyan - M\u00e9dicos Sin Fronteras Colombia | Ayuda m\u00e9dico-humanitaria","og_description":"Empresas Sin Fronteras. Empresas comprometidas.  Empresas que conf\u00edan en M\u00e9dicos Sin Fronteras (MSF). Gracias a sus aportes podemos hacer nuestro trabajo: salvar vidas en lugares donde nadie m\u00e1s llega. \u00a1Conocelas!","og_url":"https:\/\/pezgordon.com\/msf_dev\/colabora\/empresas\/empresas-que-nos-apoyan\/","og_site_name":"M\u00e9dicos Sin Fronteras Colombia | Ayuda m\u00e9dico-humanitaria","article_publisher":"https:\/\/www.facebook.com\/medicossinfronteras.ong","article_modified_time":"2023-05-12T13:53:59+00:00","og_image":[{"width":863,"height":576,"url":"https:\/\/pezgordon.com\/msf_dev\/wp-content\/uploads\/2023\/04\/empresas-que-apoyan.jpg","type":"image\/jpeg"}],"twitter_card":"summary_large_image","twitter_site":"@MSF_Colombia","schema":{"@context":"https:\/\/schema.org","@graph":[{"@type":"WebPage","@id":"https:\/\/pezgordon.com\/msf_dev\/colabora\/empresas\/empresas-que-nos-apoyan\/","url":"https:\/\/pezgordon.com\/msf_dev\/colabora\/empresas\/empresas-que-nos-apoyan\/","name":"Empresas que nos apoyan - M\u00e9dicos Sin Fronteras Colombia | Ayuda m\u00e9dico-humanitaria","isPartOf":{"@id":"https:\/\/pezgordon.com\/msf_dev\/#website"},"primaryImageOfPage":{"@id":"https:\/\/pezgordon.com\/msf_dev\/colabora\/empresas\/empresas-que-nos-apoyan\/#primaryimage"},"image":{"@id":"https:\/\/pezgordon.com\/msf_dev\/colabora\/empresas\/empresas-que-nos-apoyan\/#primaryimage"},"thumbnailUrl":"https:\/\/pezgordon.com\/msf_dev\/wp-content\/uploads\/2023\/04\/empresas-que-apoyan.jpg","datePublished":"2023-04-10T13:56:12+00:00","dateModified":"2023-05-12T13:53:59+00:00","breadcrumb":{"@id":"https:\/\/pezgordon.com\/msf_dev\/colabora\/empresas\/empresas-que-nos-apoyan\/#breadcrumb"},"inLanguage":"es","potentialAction":[{"@type":"ReadAction","target":["https:\/\/pezgordon.com\/msf_dev\/colabora\/empresas\/empresas-que-nos-apoyan\/"]}]},{"@type":"ImageObject","inLanguage":"es","@id":"https:\/\/pezgordon.com\/msf_dev\/colabora\/empresas\/empresas-que-nos-apoyan\/#primaryimage","url":"https:\/\/pezgordon.com\/msf_dev\/wp-content\/uploads\/2023\/04\/empresas-que-apoyan.jpg","contentUrl":"https:\/\/pezgordon.com\/msf_dev\/wp-content\/uploads\/2023\/04\/empresas-que-apoyan.jpg","width":863,"height":576},{"@type":"BreadcrumbList","@id":"https:\/\/pezgordon.com\/msf_dev\/colabora\/empresas\/empresas-que-nos-apoyan\/#breadcrumb","itemListElement":[{"@type":"ListItem","position":1,"name":"Home","item":"https:\/\/pezgordon.com\/msf_dev\/"},{"@type":"ListItem","position":2,"name":"Colabora","item":"https:\/\/pezgordon.com\/msf_dev\/colabora\/"},{"@type":"ListItem","position":3,"name":"Empresas","item":"https:\/\/pezgordon.com\/msf_dev\/colabora\/empresas\/"},{"@type":"ListItem","position":4,"name":"Empresas que nos apoyan"}]},{"@type":"WebSite","@id":"https:\/\/pezgordon.com\/msf_dev\/#website","url":"https:\/\/pezgordon.com\/msf_dev\/","name":"M\u00e9dicos Sin Fronteras Colombia | Ayuda m\u00e9dico-humanitaria","description":"","publisher":{"@id":"https:\/\/pezgordon.com\/msf_dev\/#organization"},"potentialAction":[{"@type":"SearchAction","target":{"@type":"EntryPoint","urlTemplate":"https:\/\/pezgordon.com\/msf_dev\/?s={search_term_string}"},"query-input":"required name=search_term_string"}],"inLanguage":"es"},{"@type":"Organization","@id":"https:\/\/pezgordon.com\/msf_dev\/#organization","name":"M\u00e9dicos Sin Fronteras Colombia","alternateName":"MSF","url":"https:\/\/pezgordon.com\/msf_dev\/","logo":{"@type":"ImageObject","inLanguage":"es","@id":"https:\/\/pezgordon.com\/msf_dev\/#\/schema\/logo\/image\/","url":"https:\/\/pezgordon.com\/msf_dev\/wp-content\/uploads\/2023\/05\/msf_organization.png","contentUrl":"https:\/\/pezgordon.com\/msf_dev\/wp-content\/uploads\/2023\/05\/msf_organization.png","width":120,"height":120,"caption":"M\u00e9dicos Sin Fronteras Colombia"},"image":{"@id":"https:\/\/pezgordon.com\/msf_dev\/#\/schema\/logo\/image\/"},"sameAs":["https:\/\/www.facebook.com\/medicossinfronteras.ong","https:\/\/x.com\/MSF_Colombia","https:\/\/www.youtube.com\/user\/MedicosSinFronteras","https:\/\/www.tiktok.com\/@medicossinfronteras","https:\/\/www.instagram.com\/msf_sudamerica","https:\/\/www.linkedin.com\/company\/msf-latam\/mycompany\/"]}]}},"_links":{"self":[{"href":"https:\/\/pezgordon.com\/msf_dev\/wp-json\/wp\/v2\/pages\/804"}],"collection":[{"href":"https:\/\/pezgordon.com\/msf_dev\/wp-json\/wp\/v2\/pages"}],"about":[{"href":"https:\/\/pezgordon.com\/msf_dev\/wp-json\/wp\/v2\/types\/page"}],"author":[{"embeddable":true,"href":"https:\/\/pezgordon.com\/msf_dev\/wp-json\/wp\/v2\/users\/1"}],"replies":[{"embeddable":true,"href":"https:\/\/pezgordon.com\/msf_dev\/wp-json\/wp\/v2\/comments?post=804"}],"version-history":[{"count":13,"href":"https:\/\/pezgordon.com\/msf_dev\/wp-json\/wp\/v2\/pages\/804\/revisions"}],"predecessor-version":[{"id":2480,"href":"https:\/\/pezgordon.com\/msf_dev\/wp-json\/wp\/v2\/pages\/804\/revisions\/2480"}],"up":[{"embeddable":true,"href":"https:\/\/pezgordon.com\/msf_dev\/wp-json\/wp\/v2\/pages\/582"}],"wp:featuredmedia":[{"embeddable":true,"href":"https:\/\/pezgordon.com\/msf_dev\/wp-json\/wp\/v2\/media\/814"}],"wp:attachment":[{"href":"https:\/\/pezgordon.com\/msf_dev\/wp-json\/wp\/v2\/media?parent=804"}],"curies":[{"name":"wp","href":"https:\/\/api.w.org\/{rel}","templated":true}]}}