{"id":626,"date":"2023-03-30T11:48:00","date_gmt":"2023-03-30T14:48:00","guid":{"rendered":"https:\/\/pezgordon.com\/msf_dev\/?page_id=626"},"modified":"2023-04-17T15:22:18","modified_gmt":"2023-04-17T18:22:18","slug":"dona-bienes-o-servicios","status":"publish","type":"page","link":"https:\/\/pezgordon.com\/msf_dev\/colabora\/empresas\/dona-bienes-o-servicios\/","title":{"rendered":"Donar Bienes o Servicios"},"content":{"rendered":"<div id=\"pl-626\"  class=\"panel-layout\" ><div id=\"pg-626-0\"  class=\"panel-grid panel-no-style\" ><div id=\"pgc-626-0-0\"  class=\"panel-grid-cell\" ><div id=\"panel-626-0-0-0\" class=\"so-panel widget_text-module panel-first-child\" data-index=\"0\" ><div\n\t\t\t\n\t\t\tclass=\"so-widget-text-module so-widget-text-module-default-d75171398898-626\"\n\t\t\t\n\t\t>\n<section class=\"text-module full-screen mobile-white desktop-white wide\" style=\"--backgroundDesktop:var(--white);--primaryColorDesktop:var(--grey);--secondaryColorDesktop:var(--grey);--backgroundMobile:var(--white);--primaryColorMobile:var(--grey);--secondaryColorMobile:var(--grey)\">\n\t\t\t\n\t<div class=\"container\">\n\n\t\t<h2>\u00bfC\u00f3mo puede colaborar?<\/h2>\n<ol>\n<li>Cediendo a MSF espacios de comunicaci\u00f3n y publicidad.<\/li>\n<li>Prest\u00e1ndonos apoyo t\u00e9cnico y competencial.<\/li>\n<li>Donando bienes de gesti\u00f3n y comunicaci\u00f3n: alojamiento en hoteles, viajes, software etc., suponen un enorme ahorro de costos en los bienes y servicios que necesitamos para nuestra actividad*.<br \/>\n* MSF no recibe donaciones de medicamentos ni material m\u00e9dico, salvo en casos excepcionales.<\/li>\n<\/ol>\n\n\t<\/div>\n\n<\/section><\/div><\/div><div id=\"panel-626-0-0-1\" class=\"so-panel widget_banner-module panel-last-child\" data-index=\"1\" ><div\n\t\t\t\n\t\t\tclass=\"so-widget-banner-module so-widget-banner-module-default-d75171398898-626\"\n\t\t\t\n\t\t>\n<section class=\"form-section form-section-widget\"><form action=\"\" data-redirect=\"\" method=\"post\" class=\"msf_form\"><input type=\"hidden\" id=\"msf_form_nonce_field\" name=\"msf_form_nonce_field\" value=\"8b201601ce\" \/><input type=\"hidden\" name=\"_wp_http_referer\" value=\"\/msf_dev\/wp-json\/wp\/v2\/pages\/626\" \/><input type=\"hidden\" name=\"form_id\" value=\"778\"><input type=\"hidden\" name=\"campana\" data-url-value=\"[destination_url][utm_campaign][3]\" data-id=\"7\" ><input type=\"hidden\" name=\"medio\" data-url-value=\"[destination_url][utm_campaign][4]\" data-id=\"8\" ><input type=\"hidden\" name=\"canal\" value=\"formulario web\" data-id=\"9\" ><input type=\"hidden\" name=\"anuncio\" data-url-value=\"[destination_url][utm_content]\" data-id=\"10\" ><input type=\"hidden\" name=\"id_civi\" data-url-value=\"[destination_url][cid1]\" data-id=\"11\" >\n\t\t<fieldset class=\" b-grey\" data-id=\"1\">\n\t\t\t<div class=\"container\">\n\t\t\t\t<legend class=\"fieldset-legend c-red small\">Para donar bienes o servicios, por favor llene el siguiente formulario:<\/legend>\t\t\t\t<div class=\"form-item checkbox width-100\">\n\n\t\t\t\t    <input  type=\"checkbox\" id=\"msf-form-checkbox-18\" name=\"acuerdas_con_nuestro_a_hrefhttpspezgordoncommsf_devcolaboraempresasmarcodecolaboracion_target_blankmarco_de_colaboraciona\" required=\"required\" aria-required=\"true\" data-id=\"18\" value=\"1\">\n\t\t\t\t    <label class=\"option\" for=\"msf-form-checkbox-18\">\u00bfAcuerdas con nuestro <a href=\"https:\/\/pezgordon.com\/msf_dev\/colabora\/empresas\/marco-de-colaboracion\/\" target=\"_blank\">Marco de Colaboraci\u00f3n<\/a>?<\/label>\n\n\t\t\t\t    <div class=\"field-description\"><\/div>\n\n\t\t\t\t<\/div>\n\n\t\t\t\t\t\t<div class=\"form-item text width-32\">\n\t\t\t\t    <label for=\"\">Persona de Contacto<\/label>\n\n\t\t\t\t    <input type=\"text\" placeholder=\"Persona de Contacto\" name=\"persona_de_contacto\" class=\" \" data-id=\"2\" value=\"\" >\n\t\t\t\t    <div class=\"field-description\">\n\t\t\t\t    \t\t\t\t    <\/div>\n\n\t\t\t\t    \t\t\t\t<\/div>\n\t\t\t\t\t\t<div class=\"form-item text width-32\">\n\t\t\t\t    <label for=\"\">Nombre de la Empresa<\/label>\n\n\t\t\t\t    <input type=\"text\" placeholder=\"Nombre de la Empresa\" name=\"nombre_de_la_empresa\" class=\" \" data-id=\"3\" value=\"\" >\n\t\t\t\t    <div class=\"field-description\">\n\t\t\t\t    \t\t\t\t    <\/div>\n\n\t\t\t\t    \t\t\t\t<\/div>\n\t\t\t\t\t\t<div class=\"form-item email width-32\">\n\t\t\t\t    <label for=\"\">Email<\/label>\n\n\t\t\t\t    <input type=\"email\" placeholder=\"Email\" name=\"email\" size=\"24\" maxlength=\"50\" class=\"\" data-id=\"4\" >\n\t\t\t\t    <div class=\"field-description\">\n\t\t\t\t    \t\t\t\t    <\/div>\n\n\t\t\t\t    \t\t\t\t<\/div>\n\t\t\t\t\t\t<div class=\"form-item tel width-32\">\n\t\t\t\t    <label for=\"\">Tel\u00e9fono\/M\u00f3vil<\/label>\n\n\t\t\t\t    <input type=\"tel\" placeholder=\"Tel\u00e9fono\/M\u00f3vil\" name=\"telefonomovil\" class=\" phone-co\" data-id=\"5\" value=\"\" size=\"24\" maxlength=\"50\" >\n\t\t\t\t    <div class=\"field-description\">\n\t\t\t\t    \t\t\t\t    <\/div>\n\n\t\t\t\t    \t\t\t\t<\/div>\n\t\t\t\t\t\t<div class=\"form-item text width-66\">\n\t\t\t\t    <label for=\"\">Cu\u00e9ntenos brevemente qu\u00e9 le interesa donar<\/label>\n\n\t\t\t\t    <input type=\"text\" placeholder=\"Cu\u00e9ntenos brevemente qu\u00e9 le interesa donar\" name=\"cuentenos_brevemente_que_le_interesa_donar\" class=\" \" data-id=\"6\" value=\"\" >\n\t\t\t\t    <div class=\"field-description\">\n\t\t\t\t    \t\t\t\t    <\/div>\n\n\t\t\t\t    \t\t\t\t<\/div>\n\t\t\t\t\t\t<div class=\"form-item checkbox width-100\">\n\n\t\t\t\t    <input checked type=\"checkbox\" id=\"msf-form-checkbox-17\" name=\"politica_privacidad\"  data-id=\"17\" value=\"1\">\n\t\t\t\t    <label class=\"option\" for=\"msf-form-checkbox-17\">He le\u00eddo y acepto la <a href=\"https:\/\/pezgordon.com\/msf_dev\/conocenos\/politica-de-privacidad\/\" target=\"_blank\">pol\u00edtica de privacidad<\/a> y los t\u00e9rminos y condiciones.<\/label>\n\n\t\t\t\t    <div class=\"field-description\"><\/div>\n\n\t\t\t\t<\/div>\n\n\t\t\t\t\t<\/div>\n\t\t<\/fieldset>\n\n\t<input type=\"hidden\" name=\"url_actual\" data-url-value=\"[url]\" data-id=\"12\" ><input type=\"hidden\" name=\"url_de_destino\" data-url-value=\"[destination_url]\" data-id=\"13\" ><input type=\"hidden\" name=\"socio_o_no_socio\" data-url-value=\"[destination_url][utm_term]\" data-id=\"14\" ><input type=\"hidden\" name=\"variable_fuente\" data-url-value=\"[destination_url][utm_source]\" data-id=\"15\" ><input type=\"hidden\" name=\"dispositivo\" data-url-value=\"[device_type]\" data-id=\"16\" ><fieldset class=\"b-grey\">\n\n            <div class=\"container\">\n\n                <div class=\"form-buttons\">\n                    <button class=\"button form-submit b-red\" type=\"button\" value=\"Enviar\">Enviar<\/button>\n                <\/div>\n\n            <\/div>\n\n        <\/fieldset><\/form><\/section><\/div><\/div><\/div><\/div><\/div>","protected":false},"excerpt":{"rendered":"<p>En M\u00e9dicos Sin Fronteras (MSF) aceptamos bienes y servicios que necesitamos, para invertir as\u00ed este dinero que nos ahorramos en nuestra acci\u00f3n m\u00e9dica y humanitaria.<\/p>\n","protected":false},"author":1,"featured_media":332,"parent":582,"menu_order":0,"comment_status":"closed","ping_status":"closed","template":"","meta":{"_acf_changed":false,"footnotes":""},"class_list":["post-626","page","type-page","status-publish","has-post-thumbnail","hentry"],"acf":[],"yoast_head":"<!-- This site is optimized with the Yoast SEO plugin v23.0 - https:\/\/yoast.com\/wordpress\/plugins\/seo\/ -->\n<title>Donar Bienes o Servicios - M\u00e9dicos Sin Fronteras Colombia | Ayuda m\u00e9dico-humanitaria<\/title>\n<meta name=\"robots\" content=\"noindex, follow, max-snippet:-1, max-image-preview:large, max-video-preview:-1\" \/>\n<meta property=\"og:locale\" content=\"es_ES\" \/>\n<meta property=\"og:type\" content=\"article\" \/>\n<meta property=\"og:title\" content=\"Donar Bienes o Servicios - M\u00e9dicos Sin Fronteras Colombia | Ayuda m\u00e9dico-humanitaria\" \/>\n<meta property=\"og:description\" content=\"En M\u00e9dicos Sin Fronteras (MSF) aceptamos bienes y servicios que necesitamos, para invertir as\u00ed este dinero que nos ahorramos en nuestra acci\u00f3n m\u00e9dica y humanitaria.\" \/>\n<meta property=\"og:url\" content=\"https:\/\/pezgordon.com\/msf_dev\/colabora\/empresas\/dona-bienes-o-servicios\/\" \/>\n<meta property=\"og:site_name\" content=\"M\u00e9dicos Sin Fronteras Colombia | Ayuda m\u00e9dico-humanitaria\" \/>\n<meta property=\"article:publisher\" content=\"https:\/\/www.facebook.com\/medicossinfronteras.ong\" \/>\n<meta property=\"article:modified_time\" content=\"2023-04-17T18:22:18+00:00\" \/>\n<meta property=\"og:image\" content=\"https:\/\/pezgordon.com\/msf_dev\/wp-content\/uploads\/2022\/11\/msb127237_equipo_medico_msf_atendiendo_paciente_unidad_cuidados_intensivos_tren_sanitario_ucrania.jpg\" \/>\n\t<meta property=\"og:image:width\" content=\"1000\" \/>\n\t<meta property=\"og:image:height\" content=\"667\" \/>\n\t<meta property=\"og:image:type\" content=\"image\/jpeg\" \/>\n<meta name=\"twitter:card\" content=\"summary_large_image\" \/>\n<meta name=\"twitter:site\" content=\"@MSF_Colombia\" \/>\n<script type=\"application\/ld+json\" class=\"yoast-schema-graph\">{\"@context\":\"https:\/\/schema.org\",\"@graph\":[{\"@type\":\"WebPage\",\"@id\":\"https:\/\/pezgordon.com\/msf_dev\/colabora\/empresas\/dona-bienes-o-servicios\/\",\"url\":\"https:\/\/pezgordon.com\/msf_dev\/colabora\/empresas\/dona-bienes-o-servicios\/\",\"name\":\"Donar Bienes o Servicios - M\u00e9dicos Sin Fronteras Colombia | Ayuda m\u00e9dico-humanitaria\",\"isPartOf\":{\"@id\":\"https:\/\/pezgordon.com\/msf_dev\/#website\"},\"primaryImageOfPage\":{\"@id\":\"https:\/\/pezgordon.com\/msf_dev\/colabora\/empresas\/dona-bienes-o-servicios\/#primaryimage\"},\"image\":{\"@id\":\"https:\/\/pezgordon.com\/msf_dev\/colabora\/empresas\/dona-bienes-o-servicios\/#primaryimage\"},\"thumbnailUrl\":\"https:\/\/pezgordon.com\/msf_dev\/wp-content\/uploads\/2022\/11\/msb127237_equipo_medico_msf_atendiendo_paciente_unidad_cuidados_intensivos_tren_sanitario_ucrania.jpg\",\"datePublished\":\"2023-03-30T14:48:00+00:00\",\"dateModified\":\"2023-04-17T18:22:18+00:00\",\"breadcrumb\":{\"@id\":\"https:\/\/pezgordon.com\/msf_dev\/colabora\/empresas\/dona-bienes-o-servicios\/#breadcrumb\"},\"inLanguage\":\"es\",\"potentialAction\":[{\"@type\":\"ReadAction\",\"target\":[\"https:\/\/pezgordon.com\/msf_dev\/colabora\/empresas\/dona-bienes-o-servicios\/\"]}]},{\"@type\":\"ImageObject\",\"inLanguage\":\"es\",\"@id\":\"https:\/\/pezgordon.com\/msf_dev\/colabora\/empresas\/dona-bienes-o-servicios\/#primaryimage\",\"url\":\"https:\/\/pezgordon.com\/msf_dev\/wp-content\/uploads\/2022\/11\/msb127237_equipo_medico_msf_atendiendo_paciente_unidad_cuidados_intensivos_tren_sanitario_ucrania.jpg\",\"contentUrl\":\"https:\/\/pezgordon.com\/msf_dev\/wp-content\/uploads\/2022\/11\/msb127237_equipo_medico_msf_atendiendo_paciente_unidad_cuidados_intensivos_tren_sanitario_ucrania.jpg\",\"width\":1000,\"height\":667,\"caption\":\"El equipo m\u00e9dico de MSF atendiendo a un paciente en la Unidad de Cuidados Intensivos del tren sanitario, Ucrania.\"},{\"@type\":\"BreadcrumbList\",\"@id\":\"https:\/\/pezgordon.com\/msf_dev\/colabora\/empresas\/dona-bienes-o-servicios\/#breadcrumb\",\"itemListElement\":[{\"@type\":\"ListItem\",\"position\":1,\"name\":\"Home\",\"item\":\"https:\/\/pezgordon.com\/msf_dev\/\"},{\"@type\":\"ListItem\",\"position\":2,\"name\":\"Colabora\",\"item\":\"https:\/\/pezgordon.com\/msf_dev\/colabora\/\"},{\"@type\":\"ListItem\",\"position\":3,\"name\":\"Empresas\",\"item\":\"https:\/\/pezgordon.com\/msf_dev\/colabora\/empresas\/\"},{\"@type\":\"ListItem\",\"position\":4,\"name\":\"Donar Bienes o Servicios\"}]},{\"@type\":\"WebSite\",\"@id\":\"https:\/\/pezgordon.com\/msf_dev\/#website\",\"url\":\"https:\/\/pezgordon.com\/msf_dev\/\",\"name\":\"M\u00e9dicos Sin Fronteras Colombia | Ayuda m\u00e9dico-humanitaria\",\"description\":\"\",\"publisher\":{\"@id\":\"https:\/\/pezgordon.com\/msf_dev\/#organization\"},\"potentialAction\":[{\"@type\":\"SearchAction\",\"target\":{\"@type\":\"EntryPoint\",\"urlTemplate\":\"https:\/\/pezgordon.com\/msf_dev\/?s={search_term_string}\"},\"query-input\":\"required name=search_term_string\"}],\"inLanguage\":\"es\"},{\"@type\":\"Organization\",\"@id\":\"https:\/\/pezgordon.com\/msf_dev\/#organization\",\"name\":\"M\u00e9dicos Sin Fronteras Colombia\",\"alternateName\":\"MSF\",\"url\":\"https:\/\/pezgordon.com\/msf_dev\/\",\"logo\":{\"@type\":\"ImageObject\",\"inLanguage\":\"es\",\"@id\":\"https:\/\/pezgordon.com\/msf_dev\/#\/schema\/logo\/image\/\",\"url\":\"https:\/\/pezgordon.com\/msf_dev\/wp-content\/uploads\/2023\/05\/msf_organization.png\",\"contentUrl\":\"https:\/\/pezgordon.com\/msf_dev\/wp-content\/uploads\/2023\/05\/msf_organization.png\",\"width\":120,\"height\":120,\"caption\":\"M\u00e9dicos Sin Fronteras Colombia\"},\"image\":{\"@id\":\"https:\/\/pezgordon.com\/msf_dev\/#\/schema\/logo\/image\/\"},\"sameAs\":[\"https:\/\/www.facebook.com\/medicossinfronteras.ong\",\"https:\/\/x.com\/MSF_Colombia\",\"https:\/\/www.youtube.com\/user\/MedicosSinFronteras\",\"https:\/\/www.tiktok.com\/@medicossinfronteras\",\"https:\/\/www.instagram.com\/msf_sudamerica\",\"https:\/\/www.linkedin.com\/company\/msf-latam\/mycompany\/\"]}]}<\/script>\n<!-- \/ Yoast SEO plugin. -->","yoast_head_json":{"title":"Donar Bienes o Servicios - M\u00e9dicos Sin Fronteras Colombia | Ayuda m\u00e9dico-humanitaria","robots":{"index":"noindex","follow":"follow","max-snippet":"max-snippet:-1","max-image-preview":"max-image-preview:large","max-video-preview":"max-video-preview:-1"},"og_locale":"es_ES","og_type":"article","og_title":"Donar Bienes o Servicios - M\u00e9dicos Sin Fronteras Colombia | Ayuda m\u00e9dico-humanitaria","og_description":"En M\u00e9dicos Sin Fronteras (MSF) aceptamos bienes y servicios que necesitamos, para invertir as\u00ed este dinero que nos ahorramos en nuestra acci\u00f3n m\u00e9dica y humanitaria.","og_url":"https:\/\/pezgordon.com\/msf_dev\/colabora\/empresas\/dona-bienes-o-servicios\/","og_site_name":"M\u00e9dicos Sin Fronteras Colombia | Ayuda m\u00e9dico-humanitaria","article_publisher":"https:\/\/www.facebook.com\/medicossinfronteras.ong","article_modified_time":"2023-04-17T18:22:18+00:00","og_image":[{"width":1000,"height":667,"url":"https:\/\/pezgordon.com\/msf_dev\/wp-content\/uploads\/2022\/11\/msb127237_equipo_medico_msf_atendiendo_paciente_unidad_cuidados_intensivos_tren_sanitario_ucrania.jpg","type":"image\/jpeg"}],"twitter_card":"summary_large_image","twitter_site":"@MSF_Colombia","schema":{"@context":"https:\/\/schema.org","@graph":[{"@type":"WebPage","@id":"https:\/\/pezgordon.com\/msf_dev\/colabora\/empresas\/dona-bienes-o-servicios\/","url":"https:\/\/pezgordon.com\/msf_dev\/colabora\/empresas\/dona-bienes-o-servicios\/","name":"Donar Bienes o Servicios - M\u00e9dicos Sin Fronteras Colombia | Ayuda m\u00e9dico-humanitaria","isPartOf":{"@id":"https:\/\/pezgordon.com\/msf_dev\/#website"},"primaryImageOfPage":{"@id":"https:\/\/pezgordon.com\/msf_dev\/colabora\/empresas\/dona-bienes-o-servicios\/#primaryimage"},"image":{"@id":"https:\/\/pezgordon.com\/msf_dev\/colabora\/empresas\/dona-bienes-o-servicios\/#primaryimage"},"thumbnailUrl":"https:\/\/pezgordon.com\/msf_dev\/wp-content\/uploads\/2022\/11\/msb127237_equipo_medico_msf_atendiendo_paciente_unidad_cuidados_intensivos_tren_sanitario_ucrania.jpg","datePublished":"2023-03-30T14:48:00+00:00","dateModified":"2023-04-17T18:22:18+00:00","breadcrumb":{"@id":"https:\/\/pezgordon.com\/msf_dev\/colabora\/empresas\/dona-bienes-o-servicios\/#breadcrumb"},"inLanguage":"es","potentialAction":[{"@type":"ReadAction","target":["https:\/\/pezgordon.com\/msf_dev\/colabora\/empresas\/dona-bienes-o-servicios\/"]}]},{"@type":"ImageObject","inLanguage":"es","@id":"https:\/\/pezgordon.com\/msf_dev\/colabora\/empresas\/dona-bienes-o-servicios\/#primaryimage","url":"https:\/\/pezgordon.com\/msf_dev\/wp-content\/uploads\/2022\/11\/msb127237_equipo_medico_msf_atendiendo_paciente_unidad_cuidados_intensivos_tren_sanitario_ucrania.jpg","contentUrl":"https:\/\/pezgordon.com\/msf_dev\/wp-content\/uploads\/2022\/11\/msb127237_equipo_medico_msf_atendiendo_paciente_unidad_cuidados_intensivos_tren_sanitario_ucrania.jpg","width":1000,"height":667,"caption":"El equipo m\u00e9dico de MSF atendiendo a un paciente en la Unidad de Cuidados Intensivos del tren sanitario, Ucrania."},{"@type":"BreadcrumbList","@id":"https:\/\/pezgordon.com\/msf_dev\/colabora\/empresas\/dona-bienes-o-servicios\/#breadcrumb","itemListElement":[{"@type":"ListItem","position":1,"name":"Home","item":"https:\/\/pezgordon.com\/msf_dev\/"},{"@type":"ListItem","position":2,"name":"Colabora","item":"https:\/\/pezgordon.com\/msf_dev\/colabora\/"},{"@type":"ListItem","position":3,"name":"Empresas","item":"https:\/\/pezgordon.com\/msf_dev\/colabora\/empresas\/"},{"@type":"ListItem","position":4,"name":"Donar Bienes o Servicios"}]},{"@type":"WebSite","@id":"https:\/\/pezgordon.com\/msf_dev\/#website","url":"https:\/\/pezgordon.com\/msf_dev\/","name":"M\u00e9dicos Sin Fronteras Colombia | Ayuda m\u00e9dico-humanitaria","description":"","publisher":{"@id":"https:\/\/pezgordon.com\/msf_dev\/#organization"},"potentialAction":[{"@type":"SearchAction","target":{"@type":"EntryPoint","urlTemplate":"https:\/\/pezgordon.com\/msf_dev\/?s={search_term_string}"},"query-input":"required name=search_term_string"}],"inLanguage":"es"},{"@type":"Organization","@id":"https:\/\/pezgordon.com\/msf_dev\/#organization","name":"M\u00e9dicos Sin Fronteras Colombia","alternateName":"MSF","url":"https:\/\/pezgordon.com\/msf_dev\/","logo":{"@type":"ImageObject","inLanguage":"es","@id":"https:\/\/pezgordon.com\/msf_dev\/#\/schema\/logo\/image\/","url":"https:\/\/pezgordon.com\/msf_dev\/wp-content\/uploads\/2023\/05\/msf_organization.png","contentUrl":"https:\/\/pezgordon.com\/msf_dev\/wp-content\/uploads\/2023\/05\/msf_organization.png","width":120,"height":120,"caption":"M\u00e9dicos Sin Fronteras Colombia"},"image":{"@id":"https:\/\/pezgordon.com\/msf_dev\/#\/schema\/logo\/image\/"},"sameAs":["https:\/\/www.facebook.com\/medicossinfronteras.ong","https:\/\/x.com\/MSF_Colombia","https:\/\/www.youtube.com\/user\/MedicosSinFronteras","https:\/\/www.tiktok.com\/@medicossinfronteras","https:\/\/www.instagram.com\/msf_sudamerica","https:\/\/www.linkedin.com\/company\/msf-latam\/mycompany\/"]}]}},"_links":{"self":[{"href":"https:\/\/pezgordon.com\/msf_dev\/wp-json\/wp\/v2\/pages\/626"}],"collection":[{"href":"https:\/\/pezgordon.com\/msf_dev\/wp-json\/wp\/v2\/pages"}],"about":[{"href":"https:\/\/pezgordon.com\/msf_dev\/wp-json\/wp\/v2\/types\/page"}],"author":[{"embeddable":true,"href":"https:\/\/pezgordon.com\/msf_dev\/wp-json\/wp\/v2\/users\/1"}],"replies":[{"embeddable":true,"href":"https:\/\/pezgordon.com\/msf_dev\/wp-json\/wp\/v2\/comments?post=626"}],"version-history":[{"count":23,"href":"https:\/\/pezgordon.com\/msf_dev\/wp-json\/wp\/v2\/pages\/626\/revisions"}],"predecessor-version":[{"id":1165,"href":"https:\/\/pezgordon.com\/msf_dev\/wp-json\/wp\/v2\/pages\/626\/revisions\/1165"}],"up":[{"embeddable":true,"href":"https:\/\/pezgordon.com\/msf_dev\/wp-json\/wp\/v2\/pages\/582"}],"wp:featuredmedia":[{"embeddable":true,"href":"https:\/\/pezgordon.com\/msf_dev\/wp-json\/wp\/v2\/media\/332"}],"wp:attachment":[{"href":"https:\/\/pezgordon.com\/msf_dev\/wp-json\/wp\/v2\/media?parent=626"}],"curies":[{"name":"wp","href":"https:\/\/api.w.org\/{rel}","templated":true}]}}