{"id":621,"date":"2023-03-30T11:43:26","date_gmt":"2023-03-30T14:43:26","guid":{"rendered":"https:\/\/pezgordon.com\/msf_dev\/?page_id=621"},"modified":"2023-05-10T11:57:47","modified_gmt":"2023-05-10T14:57:47","slug":"testamento-solidario","status":"publish","type":"page","link":"https:\/\/pezgordon.com\/msf_dev\/colabora\/otras-formas-de-colaborar\/testamento-solidario\/","title":{"rendered":"Testamento Solidario"},"content":{"rendered":"<div id=\"pl-621\"  class=\"panel-layout\" ><div id=\"pg-621-0\"  class=\"panel-grid panel-no-style\" ><div id=\"pgc-621-0-0\"  class=\"panel-grid-cell\" ><div id=\"panel-621-0-0-0\" class=\"so-panel widget_text-module panel-first-child\" data-index=\"0\" ><div\n\t\t\t\n\t\t\tclass=\"so-widget-text-module so-widget-text-module-default-d75171398898-621\"\n\t\t\t\n\t\t>\n<section class=\"text-module full-screen mobile-white desktop-white wide\" style=\"--backgroundDesktop:var(--white);--primaryColorDesktop:var(--grey);--secondaryColorDesktop:var(--red);--backgroundMobile:var(--white);--primaryColorMobile:var(--grey);--secondaryColorMobile:var(--red)\">\n\t\t\t\n\t<div class=\"container\">\n\n\t\t<p>En M\u00e9dicos Sin Fronteras los testamentos solidarios constituyen una importante tradici\u00f3n de colaboraci\u00f3n, representando casi el 17% de los ingresos de la organizaci\u00f3n a nivel internacional, lo que nos permite continuar brindando asistencia m\u00e9dico humanitaria en forma independiente y neutral junto a otras formas de colaboraci\u00f3n.<\/p>\n<p>Si est\u00e1s pensando en dejar un legado para MSF, podemos ofrecerte el asesoramiento preciso para que tu voluntad sea cumplida de forma efectiva. Estamos a disposici\u00f3n para informar y aclarar cualquier duda sin ning\u00fan compromiso.<\/p>\n\n\t<\/div>\n\n<\/section><\/div><\/div><div id=\"panel-621-0-0-1\" class=\"so-panel widget_text-module\" data-index=\"1\" ><div\n\t\t\t\n\t\t\tclass=\"so-widget-text-module so-widget-text-module-default-d75171398898-621\"\n\t\t\t\n\t\t>\n<section class=\"text-module full-screen mobile-white desktop-white wide\" style=\"--backgroundDesktop:var(--white);--primaryColorDesktop:var(--grey);--secondaryColorDesktop:var(--red);--backgroundMobile:var(--white);--primaryColorMobile:var(--grey);--secondaryColorMobile:var(--red)\">\n\t\t\t\n\t<div class=\"container\">\n\n\t\t<h2>\u00bfC\u00f3mo dejar un testamento solidario a MSF?<\/h2>\n<ol>\n<li>Piensa lo que te gustar\u00eda dejar a MSF: pueden ser bienes inmuebles, dinero (cuentas bancarias e inversiones) bienes valiosos (joyas, obras de arte) o un seguro de vida. Seg\u00fan tus circunstancias y deseos, puedes dejar un bien concreto a M\u00e9dicos Sin Fronteras o designar a la organizaci\u00f3n como heredera o coheredera.<\/li>\n<li>Redacta tu testamento: real\u00edzalo ante escribano p\u00fablico y con dos testigos, es la forma m\u00e1s segura de que se cumpla tu voluntad. Tambi\u00e9n puedes hacer un testamento ol\u00f3grafo: debe ser escrito \u00edntegramente de pu\u00f1o y letra, debe estar fechado y firmado al final.<br \/>\nAses\u00f3rate bien antes de hacer tu testamento. Si lo deseas, podemos ayudarte sin ning\u00fan compromiso.<\/li>\n<li>Inf\u00f3rmanos: comparte tu decisi\u00f3n con nosotros envi\u00e1ndonos una copia del testamento ya que es muy importante para garantizar el cumplimento de tu voluntad. Trataremos la informaci\u00f3n con absoluta confidencialidad.<\/li>\n<\/ol>\n\n\t<\/div>\n\n<\/section><\/div><\/div><div id=\"panel-621-0-0-2\" class=\"so-panel widget_text-module\" data-index=\"2\" ><div\n\t\t\t\n\t\t\tclass=\"so-widget-text-module so-widget-text-module-default-d75171398898-621\"\n\t\t\t\n\t\t>\n<section class=\"text-module full-screen mobile-white desktop-white wide\" style=\"--backgroundDesktop:var(--white);--primaryColorDesktop:var(--grey);--secondaryColorDesktop:var(--red);--backgroundMobile:var(--white);--primaryColorMobile:var(--grey);--secondaryColorMobile:var(--red)\">\n\t\t\t\n\t<div class=\"container\">\n\n\t\t<h2>\u00bfQu\u00e9 datos son necesarios para incluir a M\u00e9dicos Sin Fronteras en tu testamento solidario?<\/h2>\n\n\t<\/div>\n\n<\/section><\/div><\/div><div id=\"panel-621-0-0-3\" class=\"so-panel widget_text-module\" data-index=\"3\" ><div\n\t\t\t\n\t\t\tclass=\"so-widget-text-module so-widget-text-module-default-d75171398898-621\"\n\t\t\t\n\t\t>\n<section class=\"text-module full-screen mobile-red desktop-red contained\" style=\"--backgroundDesktop:var(--red);--primaryColorDesktop:var(--white);--secondaryColorDesktop:var(--white);--backgroundMobile:var(--red);--primaryColorMobile:var(--white);--secondaryColorMobile:var(--white)\">\n\t\t\t\n\t<div class=\"container\">\n\n\t\t<p>Si quieres incluir a MSF en tu testamento, debes hacer constar los siguientes datos:<\/p>\n<p><strong>Raz\u00f3n Social: M\u00e9dicos Sin Fronteras Espa\u00f1a Asociaci\u00f3n Civil<\/strong><\/p>\n<p>NIT: 800.235.158-6<\/p>\n<p>Una vez realizado el testamento te pedimos que nos env\u00edes una copia.<\/p>\n\n\t<\/div>\n\n<\/section><\/div><\/div><div id=\"panel-621-0-0-4\" class=\"so-panel widget_banner-module\" data-index=\"4\" ><div\n\t\t\t\n\t\t\tclass=\"so-widget-banner-module so-widget-banner-module-default-d75171398898-621\"\n\t\t\t\n\t\t>\n<section class=\"form-section form-section-widget\"><form action=\"\" data-redirect=\"\" method=\"post\" class=\"msf_form\"><input type=\"hidden\" id=\"msf_form_nonce_field\" name=\"msf_form_nonce_field\" value=\"8b201601ce\" \/><input type=\"hidden\" name=\"_wp_http_referer\" value=\"\/msf_dev\/wp-json\/wp\/v2\/pages\/621\" \/><input type=\"hidden\" name=\"form_id\" value=\"697\"><input type=\"hidden\" name=\"campana\" data-url-value=\"[destination_url][utm_campaign][3]\" data-id=\"23\" ><input type=\"hidden\" name=\"medio\" data-url-value=\"[destination_url][utm_campaign][4]\" data-id=\"24\" ><input type=\"hidden\" name=\"canal\" value=\"formulario web\" data-id=\"25\" ><input type=\"hidden\" name=\"anuncio\" data-url-value=\"[destination_url][utm_content]\" data-id=\"26\" ><input type=\"hidden\" name=\"id_civi\" data-url-value=\"[destination_url][cid1]\" data-id=\"27\" >\n\t\t<fieldset class=\" b-grey\" data-id=\"1\">\n\t\t\t<div class=\"container\">\n\t\t\t\t<legend class=\"fieldset-legend c-red big\">\u00bfTienes preguntas? Nos pondremos en contacto contigo<\/legend>\t\t\t\t<div class=\"form-item width-100  text-message\" data-id=\"2\">\n\t\t\t\t    <p>Ponemos a tu disposici\u00f3n asesoramiento jur\u00eddico gratuito, confidencial y sin compromiso, para ayudarte a encontrar las respuestas que mejor se adaptan a tus necesidades. No dudes en contactarte mediante el siguiente formulario. \u00a1Estaremos encantados de responder!<\/p>\n\t\t\t\t<\/div>\n\n\t\t\t\t\t<\/div>\n\t\t<\/fieldset>\n\n\t\n\t\t<fieldset class=\" b-grey\" data-id=\"3\">\n\t\t\t<div class=\"container\">\n\t\t\t\t\t\t\t\t<div class=\"form-item text width-32\">\n\t\t\t\t    <label for=\"\">Nombre\/s<\/label>\n\n\t\t\t\t    <input type=\"text\" placeholder=\"Nombre\/s\" name=\"nombres\" class=\" \" data-id=\"5\" value=\"\" required=\"required\" aria-required=\"true\">\n\t\t\t\t    <div class=\"field-description\">\n\t\t\t\t    \t\t\t\t    \t*Campo obligatorio\t\t\t\t    \t\t\t\t    <\/div>\n\n\t\t\t\t    \t\t\t\t<\/div>\n\t\t\t\t\t\t<div class=\"form-item text width-32\">\n\t\t\t\t    <label for=\"\">Apellido\/s<\/label>\n\n\t\t\t\t    <input type=\"text\" placeholder=\"Apellido\/s\" name=\"apellidos\" class=\" \" data-id=\"6\" value=\"\" required=\"required\" aria-required=\"true\">\n\t\t\t\t    <div class=\"field-description\">\n\t\t\t\t    \t\t\t\t    \t*Campo obligatorio\t\t\t\t    \t\t\t\t    <\/div>\n\n\t\t\t\t    \t\t\t\t<\/div>\n\t\t\t\t\t\t<div class=\"form-item email width-32\">\n\t\t\t\t    <label for=\"\">Email<\/label>\n\n\t\t\t\t    <input type=\"email\" placeholder=\"Email\" name=\"email\" size=\"24\" maxlength=\"50\" class=\"\" data-id=\"8\" required=\"required\" aria-required=\"true\">\n\t\t\t\t    <div class=\"field-description\">\n\t\t\t\t    \t\t\t\t    \t*Campo obligatorio\t\t\t\t    \t\t\t\t    <\/div>\n\n\t\t\t\t    \t\t\t\t<\/div>\n\t\t\t\t\t\t<div class=\"form-item select width-32\">\n\n\t\t\t\t\t<label for=\"\">Tipo de documento<\/label>\n\n\t\t\t\t\t<select name=\"tipo_de_documento\" data-id=\"16\" class=\"msf_form-select\" required=\"required\" aria-required=\"true\"><option value=\"\">Tipo de documento<\/option><option selected value=\"cedula_ciudadania\">C\u00e9dula de Ciudadan\u00eda<\/option><option  value=\"cedula_extrenjeria\">C\u00e9dula de Extranjer\u00eda<\/option><option  value=\"pasaporte\">Pasaporte<\/option><option  value=\"nit\">NIT<\/option><\/select>\n\t\t\t\t\t<div class=\"field-description\">\n\t\t\t\t    \t\t\t\t    \t*Seleccione al menos una opci\u00f3n\t\t\t\t    \t\t\t\t    <\/div>\n\n\t\t\t\t<\/div>\n\t\t\t\t\t\t<div class=\"form-item text width-32\">\n\t\t\t\t    <label for=\"\">N\u00famero identificaci\u00f3n <\/label>\n\n\t\t\t\t    <input type=\"text\" placeholder=\"N\u00famero identificaci\u00f3n \" name=\"numero_identificacion_\" class=\" \" data-id=\"17\" value=\"\" required=\"required\" aria-required=\"true\">\n\t\t\t\t    <div class=\"field-description\">\n\t\t\t\t    \t\t\t\t    \t*Campo obligatorio\t\t\t\t    \t\t\t\t    <\/div>\n\n\t\t\t\t    \t\t\t\t<\/div>\n\t\t\t\t\t\t<div class=\"form-item tel width-32\">\n\t\t\t\t    <label for=\"\">Tel\u00e9fono\/M\u00f3vil<\/label>\n\n\t\t\t\t    <input type=\"tel\" placeholder=\"Tel\u00e9fono\/M\u00f3vil\" name=\"telefono\" class=\" phone-co\" data-id=\"9\" value=\"\" size=\"24\" maxlength=\"50\" required=\"required\" aria-required=\"true\">\n\t\t\t\t    <div class=\"field-description\">\n\t\t\t\t    \t\t\t\t    \t*Campo obligatorio\t\t\t\t    \t\t\t\t    <\/div>\n\n\t\t\t\t    \t\t\t\t<\/div>\n\t\t\t\t\t\t<div class=\"form-item checkbox width-100\">\n\n\t\t\t\t    <input  type=\"checkbox\" id=\"msf-form-checkbox-33\" name=\"politica_de_privacidad\"  data-id=\"33\" value=\"1\">\n\t\t\t\t    <label class=\"option\" for=\"msf-form-checkbox-33\">He le\u00eddo y acepto la <a href=\"https:\/\/pezgordon.com\/msf_dev\/\" target=\"_blank\">pol\u00edtica de privacidad.<\/a><\/label>\n\n\t\t\t\t    <div class=\"field-description\"><\/div>\n\n\t\t\t\t<\/div>\n\n\t\t\t\t\t<\/div>\n\t\t<\/fieldset>\n\n\t<input type=\"hidden\" name=\"url_actual\" data-url-value=\"[url]\" data-id=\"29\" ><input type=\"hidden\" name=\"url_de_destino\" data-url-value=\"[destination_url]\" data-id=\"22\" ><input type=\"hidden\" name=\"socio_o_no_socio\" data-url-value=\"[destination_url][utm_term]\" data-id=\"30\" ><input type=\"hidden\" name=\"variable_fuente\" data-url-value=\"[destination_url][utm_source]\" data-id=\"31\" ><input type=\"hidden\" name=\"dispositivo\" data-url-value=\"[device_type]\" data-id=\"28\" ><fieldset class=\"b-grey\">\n\n            <div class=\"container\">\n\n                <div class=\"form-buttons\">\n                    <button class=\"button form-submit b-red\" type=\"button\" value=\"Enviar\">Enviar<\/button>\n                <\/div>\n\n            <\/div>\n\n        <\/fieldset><\/form><\/section><\/div><\/div><div id=\"panel-621-0-0-5\" class=\"so-panel widget_text-module\" data-index=\"5\" ><div\n\t\t\t\n\t\t\tclass=\"so-widget-text-module so-widget-text-module-default-d75171398898-621\"\n\t\t\t\n\t\t>\n<section class=\"text-module full-screen mobile-white desktop-white wide\" style=\"--backgroundDesktop:var(--white);--primaryColorDesktop:var(--grey);--secondaryColorDesktop:var(--red);--backgroundMobile:var(--white);--primaryColorMobile:var(--grey);--secondaryColorMobile:var(--red)\">\n\t\t\t\n\t<div class=\"container\">\n\n\t\t<p><a class=\"arrow_link\" href=\"https:\/\/pezgordon.com\/msf_dev\/wp-content\/uploads\/2023\/05\/guia_legados_2022_colombia_0.pdf\">Conoce la Gu\u00eda de Testamentos Solidarios<\/a><\/p>\n\n\t<\/div>\n\n<\/section><\/div><\/div><div id=\"panel-621-0-0-6\" class=\"so-panel widget_banner-module panel-last-child\" data-index=\"6\" ><div\n\t\t\t\n\t\t\tclass=\"so-widget-banner-module so-widget-banner-module-default-d75171398898-621\"\n\t\t\t\n\t\t>\n<section class=\"conditional_banners\">\n\n\t<section class=\"call-to-action-compact default_banner\" style=\"--background:url(https:\/\/pezgordon.com\/msf_dev\/wp-content\/uploads\/2023\/04\/Foto-Daniela-para-banner-700x393.jpg);\">\n\n\t\t<div class=\"container b-grey\">\n\n\t\t\t<div class=\"col\">\n\t\t\t<\/div>\n\n\t\t\t<div class=\"col\">\n\n\t\t\t\t<div class=\"thumbnail\"><\/div>\n\n\t\t\t\t<h3 class=\"medium hide_mobile c-red\">Cont\u00e1ctate<\/h3>\n\n\t\t\t\t<p>\u00bfTienes alguna duda o consulta? Comun\u00edcate con nosotros, estamos a tu disposici\u00f3n.<br \/>\r\nMail: daniela.pinzon@bogota.msf.org<br \/>\r\nWhatsApp: +57 310 2028835<\/p>\n\n\t\t\t\t\n\t\t\t\t<a href=\"https:\/\/api.whatsapp.com\/send\/?phone=+573102028835&#038;text=Tengo+una+una+consulta+sobre+Testamentos+Solidarios&#038;type=phone_number&#038;app_absent=0\" target=\"_blank\" class=\"button b-red semi_bold \">Escr\u00edbenos por WhatsApp<\/a>\n\n\t\t\t\t\n\t\t\t<\/div>\n\n\t\t<\/div>\n\n\t<\/section>\n\n\t\n<\/section><\/div><\/div><\/div><\/div><\/div>","protected":false},"excerpt":{"rendered":"<p>Un testamento solidario es un gesto en el presente que ser\u00e1 de gran ayuda en el futuro. Cada vez son m\u00e1s las personas que, con un gran compromiso humanitario, deciden incluirnos en su testamento y ofrecer ayuda solidaria para el futuro.<\/p>\n","protected":false},"author":1,"featured_media":0,"parent":496,"menu_order":0,"comment_status":"closed","ping_status":"closed","template":"","meta":{"_acf_changed":false,"footnotes":""},"class_list":["post-621","page","type-page","status-publish","hentry"],"acf":[],"yoast_head":"<!-- This site is optimized with the Yoast SEO plugin v23.0 - https:\/\/yoast.com\/wordpress\/plugins\/seo\/ -->\n<title>Testamento Solidario - M\u00e9dicos Sin Fronteras Colombia | Ayuda m\u00e9dico-humanitaria<\/title>\n<meta name=\"robots\" content=\"noindex, follow, max-snippet:-1, max-image-preview:large, max-video-preview:-1\" \/>\n<meta property=\"og:locale\" content=\"es_ES\" \/>\n<meta property=\"og:type\" content=\"article\" \/>\n<meta property=\"og:title\" content=\"Testamento Solidario - M\u00e9dicos Sin Fronteras Colombia | Ayuda m\u00e9dico-humanitaria\" \/>\n<meta property=\"og:description\" content=\"Un testamento solidario es un gesto en el presente que ser\u00e1 de gran ayuda en el futuro. Cada vez son m\u00e1s las personas que, con un gran compromiso humanitario, deciden incluirnos en su testamento y ofrecer ayuda solidaria para el futuro.\" \/>\n<meta property=\"og:url\" content=\"https:\/\/pezgordon.com\/msf_dev\/colabora\/otras-formas-de-colaborar\/testamento-solidario\/\" \/>\n<meta property=\"og:site_name\" content=\"M\u00e9dicos Sin Fronteras Colombia | Ayuda m\u00e9dico-humanitaria\" \/>\n<meta property=\"article:publisher\" content=\"https:\/\/www.facebook.com\/medicossinfronteras.ong\" \/>\n<meta property=\"article:modified_time\" content=\"2023-05-10T14:57:47+00:00\" \/>\n<meta property=\"og:image\" content=\"https:\/\/pezgordon.com\/msf_dev\/wp-content\/uploads\/2023\/05\/msf_seo.jpg\" \/>\n\t<meta property=\"og:image:width\" content=\"1200\" \/>\n\t<meta property=\"og:image:height\" content=\"675\" \/>\n\t<meta property=\"og:image:type\" content=\"image\/jpeg\" \/>\n<meta name=\"twitter:card\" content=\"summary_large_image\" \/>\n<meta name=\"twitter:site\" content=\"@MSF_Colombia\" \/>\n<script type=\"application\/ld+json\" class=\"yoast-schema-graph\">{\"@context\":\"https:\/\/schema.org\",\"@graph\":[{\"@type\":\"WebPage\",\"@id\":\"https:\/\/pezgordon.com\/msf_dev\/colabora\/otras-formas-de-colaborar\/testamento-solidario\/\",\"url\":\"https:\/\/pezgordon.com\/msf_dev\/colabora\/otras-formas-de-colaborar\/testamento-solidario\/\",\"name\":\"Testamento Solidario - M\u00e9dicos Sin Fronteras Colombia | Ayuda m\u00e9dico-humanitaria\",\"isPartOf\":{\"@id\":\"https:\/\/pezgordon.com\/msf_dev\/#website\"},\"datePublished\":\"2023-03-30T14:43:26+00:00\",\"dateModified\":\"2023-05-10T14:57:47+00:00\",\"breadcrumb\":{\"@id\":\"https:\/\/pezgordon.com\/msf_dev\/colabora\/otras-formas-de-colaborar\/testamento-solidario\/#breadcrumb\"},\"inLanguage\":\"es\",\"potentialAction\":[{\"@type\":\"ReadAction\",\"target\":[\"https:\/\/pezgordon.com\/msf_dev\/colabora\/otras-formas-de-colaborar\/testamento-solidario\/\"]}]},{\"@type\":\"BreadcrumbList\",\"@id\":\"https:\/\/pezgordon.com\/msf_dev\/colabora\/otras-formas-de-colaborar\/testamento-solidario\/#breadcrumb\",\"itemListElement\":[{\"@type\":\"ListItem\",\"position\":1,\"name\":\"Home\",\"item\":\"https:\/\/pezgordon.com\/msf_dev\/\"},{\"@type\":\"ListItem\",\"position\":2,\"name\":\"Colabora\",\"item\":\"https:\/\/pezgordon.com\/msf_dev\/colabora\/\"},{\"@type\":\"ListItem\",\"position\":3,\"name\":\"Otras formas de colaborar\",\"item\":\"https:\/\/pezgordon.com\/msf_dev\/colabora\/otras-formas-de-colaborar\/\"},{\"@type\":\"ListItem\",\"position\":4,\"name\":\"Testamento Solidario\"}]},{\"@type\":\"WebSite\",\"@id\":\"https:\/\/pezgordon.com\/msf_dev\/#website\",\"url\":\"https:\/\/pezgordon.com\/msf_dev\/\",\"name\":\"M\u00e9dicos Sin Fronteras Colombia | Ayuda m\u00e9dico-humanitaria\",\"description\":\"\",\"publisher\":{\"@id\":\"https:\/\/pezgordon.com\/msf_dev\/#organization\"},\"potentialAction\":[{\"@type\":\"SearchAction\",\"target\":{\"@type\":\"EntryPoint\",\"urlTemplate\":\"https:\/\/pezgordon.com\/msf_dev\/?s={search_term_string}\"},\"query-input\":\"required name=search_term_string\"}],\"inLanguage\":\"es\"},{\"@type\":\"Organization\",\"@id\":\"https:\/\/pezgordon.com\/msf_dev\/#organization\",\"name\":\"M\u00e9dicos Sin Fronteras Colombia\",\"alternateName\":\"MSF\",\"url\":\"https:\/\/pezgordon.com\/msf_dev\/\",\"logo\":{\"@type\":\"ImageObject\",\"inLanguage\":\"es\",\"@id\":\"https:\/\/pezgordon.com\/msf_dev\/#\/schema\/logo\/image\/\",\"url\":\"https:\/\/pezgordon.com\/msf_dev\/wp-content\/uploads\/2023\/05\/msf_organization.png\",\"contentUrl\":\"https:\/\/pezgordon.com\/msf_dev\/wp-content\/uploads\/2023\/05\/msf_organization.png\",\"width\":120,\"height\":120,\"caption\":\"M\u00e9dicos Sin Fronteras Colombia\"},\"image\":{\"@id\":\"https:\/\/pezgordon.com\/msf_dev\/#\/schema\/logo\/image\/\"},\"sameAs\":[\"https:\/\/www.facebook.com\/medicossinfronteras.ong\",\"https:\/\/x.com\/MSF_Colombia\",\"https:\/\/www.youtube.com\/user\/MedicosSinFronteras\",\"https:\/\/www.tiktok.com\/@medicossinfronteras\",\"https:\/\/www.instagram.com\/msf_sudamerica\",\"https:\/\/www.linkedin.com\/company\/msf-latam\/mycompany\/\"]}]}<\/script>\n<!-- \/ Yoast SEO plugin. -->","yoast_head_json":{"title":"Testamento Solidario - M\u00e9dicos Sin Fronteras Colombia | Ayuda m\u00e9dico-humanitaria","robots":{"index":"noindex","follow":"follow","max-snippet":"max-snippet:-1","max-image-preview":"max-image-preview:large","max-video-preview":"max-video-preview:-1"},"og_locale":"es_ES","og_type":"article","og_title":"Testamento Solidario - M\u00e9dicos Sin Fronteras Colombia | Ayuda m\u00e9dico-humanitaria","og_description":"Un testamento solidario es un gesto en el presente que ser\u00e1 de gran ayuda en el futuro. Cada vez son m\u00e1s las personas que, con un gran compromiso humanitario, deciden incluirnos en su testamento y ofrecer ayuda solidaria para el futuro.","og_url":"https:\/\/pezgordon.com\/msf_dev\/colabora\/otras-formas-de-colaborar\/testamento-solidario\/","og_site_name":"M\u00e9dicos Sin Fronteras Colombia | Ayuda m\u00e9dico-humanitaria","article_publisher":"https:\/\/www.facebook.com\/medicossinfronteras.ong","article_modified_time":"2023-05-10T14:57:47+00:00","og_image":[{"width":1200,"height":675,"url":"https:\/\/pezgordon.com\/msf_dev\/wp-content\/uploads\/2023\/05\/msf_seo.jpg","type":"image\/jpeg"}],"twitter_card":"summary_large_image","twitter_site":"@MSF_Colombia","schema":{"@context":"https:\/\/schema.org","@graph":[{"@type":"WebPage","@id":"https:\/\/pezgordon.com\/msf_dev\/colabora\/otras-formas-de-colaborar\/testamento-solidario\/","url":"https:\/\/pezgordon.com\/msf_dev\/colabora\/otras-formas-de-colaborar\/testamento-solidario\/","name":"Testamento Solidario - M\u00e9dicos Sin Fronteras Colombia | Ayuda m\u00e9dico-humanitaria","isPartOf":{"@id":"https:\/\/pezgordon.com\/msf_dev\/#website"},"datePublished":"2023-03-30T14:43:26+00:00","dateModified":"2023-05-10T14:57:47+00:00","breadcrumb":{"@id":"https:\/\/pezgordon.com\/msf_dev\/colabora\/otras-formas-de-colaborar\/testamento-solidario\/#breadcrumb"},"inLanguage":"es","potentialAction":[{"@type":"ReadAction","target":["https:\/\/pezgordon.com\/msf_dev\/colabora\/otras-formas-de-colaborar\/testamento-solidario\/"]}]},{"@type":"BreadcrumbList","@id":"https:\/\/pezgordon.com\/msf_dev\/colabora\/otras-formas-de-colaborar\/testamento-solidario\/#breadcrumb","itemListElement":[{"@type":"ListItem","position":1,"name":"Home","item":"https:\/\/pezgordon.com\/msf_dev\/"},{"@type":"ListItem","position":2,"name":"Colabora","item":"https:\/\/pezgordon.com\/msf_dev\/colabora\/"},{"@type":"ListItem","position":3,"name":"Otras formas de colaborar","item":"https:\/\/pezgordon.com\/msf_dev\/colabora\/otras-formas-de-colaborar\/"},{"@type":"ListItem","position":4,"name":"Testamento Solidario"}]},{"@type":"WebSite","@id":"https:\/\/pezgordon.com\/msf_dev\/#website","url":"https:\/\/pezgordon.com\/msf_dev\/","name":"M\u00e9dicos Sin Fronteras Colombia | Ayuda m\u00e9dico-humanitaria","description":"","publisher":{"@id":"https:\/\/pezgordon.com\/msf_dev\/#organization"},"potentialAction":[{"@type":"SearchAction","target":{"@type":"EntryPoint","urlTemplate":"https:\/\/pezgordon.com\/msf_dev\/?s={search_term_string}"},"query-input":"required name=search_term_string"}],"inLanguage":"es"},{"@type":"Organization","@id":"https:\/\/pezgordon.com\/msf_dev\/#organization","name":"M\u00e9dicos Sin Fronteras Colombia","alternateName":"MSF","url":"https:\/\/pezgordon.com\/msf_dev\/","logo":{"@type":"ImageObject","inLanguage":"es","@id":"https:\/\/pezgordon.com\/msf_dev\/#\/schema\/logo\/image\/","url":"https:\/\/pezgordon.com\/msf_dev\/wp-content\/uploads\/2023\/05\/msf_organization.png","contentUrl":"https:\/\/pezgordon.com\/msf_dev\/wp-content\/uploads\/2023\/05\/msf_organization.png","width":120,"height":120,"caption":"M\u00e9dicos Sin Fronteras Colombia"},"image":{"@id":"https:\/\/pezgordon.com\/msf_dev\/#\/schema\/logo\/image\/"},"sameAs":["https:\/\/www.facebook.com\/medicossinfronteras.ong","https:\/\/x.com\/MSF_Colombia","https:\/\/www.youtube.com\/user\/MedicosSinFronteras","https:\/\/www.tiktok.com\/@medicossinfronteras","https:\/\/www.instagram.com\/msf_sudamerica","https:\/\/www.linkedin.com\/company\/msf-latam\/mycompany\/"]}]}},"_links":{"self":[{"href":"https:\/\/pezgordon.com\/msf_dev\/wp-json\/wp\/v2\/pages\/621"}],"collection":[{"href":"https:\/\/pezgordon.com\/msf_dev\/wp-json\/wp\/v2\/pages"}],"about":[{"href":"https:\/\/pezgordon.com\/msf_dev\/wp-json\/wp\/v2\/types\/page"}],"author":[{"embeddable":true,"href":"https:\/\/pezgordon.com\/msf_dev\/wp-json\/wp\/v2\/users\/1"}],"replies":[{"embeddable":true,"href":"https:\/\/pezgordon.com\/msf_dev\/wp-json\/wp\/v2\/comments?post=621"}],"version-history":[{"count":29,"href":"https:\/\/pezgordon.com\/msf_dev\/wp-json\/wp\/v2\/pages\/621\/revisions"}],"predecessor-version":[{"id":1013,"href":"https:\/\/pezgordon.com\/msf_dev\/wp-json\/wp\/v2\/pages\/621\/revisions\/1013"}],"up":[{"embeddable":true,"href":"https:\/\/pezgordon.com\/msf_dev\/wp-json\/wp\/v2\/pages\/496"}],"wp:attachment":[{"href":"https:\/\/pezgordon.com\/msf_dev\/wp-json\/wp\/v2\/media?parent=621"}],"curies":[{"name":"wp","href":"https:\/\/api.w.org\/{rel}","templated":true}]}}