{"id":614,"date":"2023-03-30T11:24:23","date_gmt":"2023-03-30T14:24:23","guid":{"rendered":"https:\/\/pezgordon.com\/msf_dev\/?page_id=614"},"modified":"2023-04-26T12:26:16","modified_gmt":"2023-04-26T15:26:16","slug":"como-nos-financiamos","status":"publish","type":"page","link":"https:\/\/pezgordon.com\/msf_dev\/conocenos\/como-nos-financiamos\/","title":{"rendered":"C\u00f3mo nos financiamos"},"content":{"rendered":"<div id=\"pl-614\"  class=\"panel-layout\" ><div id=\"pg-614-0\"  class=\"panel-grid panel-no-style\" ><div id=\"pgc-614-0-0\"  class=\"panel-grid-cell\" ><div id=\"panel-614-0-0-0\" class=\"so-panel widget_text-module panel-first-child\" data-index=\"0\" ><div\n\t\t\t\n\t\t\tclass=\"so-widget-text-module so-widget-text-module-default-d75171398898-614\"\n\t\t\t\n\t\t>\n<section class=\"text-module full-screen mobile-white desktop-white wide\" style=\"--backgroundDesktop:var(--white);--primaryColorDesktop:var(--grey);--secondaryColorDesktop:var(--red);--backgroundMobile:var(--white);--primaryColorMobile:var(--grey);--secondaryColorMobile:var(--red)\">\n\t\t\t\n\t<div class=\"container\">\n\n\t\t<p>La independencia financiera nos permite evaluar libremente las necesidades de las poblaciones a las que asistimos, sin que nuestra decisi\u00f3n est\u00e9 condicionada por la agenda internacional de los financiadores ni por los intereses de pol\u00edtica exterior de los estados o de los actores directa e indirectamente implicados.<\/p>\n<p>Para lograrlo, basamos nuestra estrategia en la obtenci\u00f3n de fondos:<br \/>\n\u2022 Estables.<br \/>\n\u2022 Procedentes de fuentes diversas.<br \/>\n\u2022 Comprometidos con los principios humanitarios.<\/p>\n<h1>Rendici\u00f3n de cuentas<\/h1>\n<p>Las cifras de nuestras cuentas internacionales combinadas se calculan de acuerdo con las normas contables internacionales la organizaci\u00f3n, las cuales cumplen con la mayor\u00eda de las Normas Internacionales de Informaci\u00f3n Financiera (NIIF). Estas cifras han sido auditadas conjuntamente por las firmas KPMG y Ernst &amp; Young, conforme a las normas internacionales de auditor\u00eda.<\/p>\n<p>Cada secci\u00f3n nacional publica sus informes financieros y cuentas anuales auditadas, siguiendo las pol\u00edticas contables, la legislaci\u00f3n y la normativa de auditor\u00eda de su pa\u00eds. Estos informes pueden ser solicitados a cada una de estas secciones.<\/p>\n\n\t<\/div>\n\n<\/section><\/div><\/div><div id=\"panel-614-0-0-1\" class=\"so-panel widget_buttons-module panel-last-child\" data-index=\"1\" ><div\n\t\t\t\n\t\t\tclass=\"so-widget-buttons-module so-widget-buttons-module-default-d75171398898-614\"\n\t\t\t\n\t\t>\n<section class=\"buttons-grid\">\n\n\t<div class=\"grid\">\n\n\t\t\n\t\t<a href=\"https:\/\/pezgordon.com\/msf_dev\/wp-content\/uploads\/2023\/04\/MSF_Financial_Report_2021_FINAL.pdf\">\n\t\t\tReporte financiero de  M\u00e9dicos Sin Fronteras 2021 (en ingl\u00e9s)\t\t<\/a>\n\n\t\t\n\t\t<a href=\"https:\/\/pezgordon.com\/msf_dev\/wp-content\/uploads\/2023\/04\/estados_financiero_msfe_rte_2020-2019.pdf\">\n\t\t\tEstados financieros de la oficina de Colombia\t\t<\/a>\n\n\t\t\n\t\t<a href=\"https:\/\/pezgordon.com\/msf_dev\/wp-content\/uploads\/2023\/04\/renta_2021_msf_espana_1116610779526_vf_1.pdf\">\n\t\t\tRenta M\u00e9dicos Sin Fronteras Espa\u00f1a 2021\t\t<\/a>\n\n\t\t\n\t<\/div>\n\n<\/section><\/div><\/div><\/div><\/div><\/div>","protected":false},"excerpt":{"rendered":"<p>Gracias a los aportes directas de nuestros socios, socias y donantes, actuamos con independencia financiera.<\/p>\n","protected":false},"author":1,"featured_media":1394,"parent":1210,"menu_order":0,"comment_status":"closed","ping_status":"closed","template":"","meta":{"_acf_changed":false,"footnotes":""},"class_list":["post-614","page","type-page","status-publish","has-post-thumbnail","hentry"],"acf":[],"yoast_head":"<!-- This site is optimized with the Yoast SEO plugin v23.0 - https:\/\/yoast.com\/wordpress\/plugins\/seo\/ -->\n<title>C\u00f3mo nos financiamos - M\u00e9dicos Sin Fronteras Colombia | Ayuda m\u00e9dico-humanitaria<\/title>\n<meta name=\"robots\" content=\"noindex, follow, max-snippet:-1, max-image-preview:large, max-video-preview:-1\" \/>\n<meta property=\"og:locale\" content=\"es_ES\" \/>\n<meta property=\"og:type\" content=\"article\" \/>\n<meta property=\"og:title\" content=\"C\u00f3mo nos financiamos - M\u00e9dicos Sin Fronteras Colombia | Ayuda m\u00e9dico-humanitaria\" \/>\n<meta property=\"og:description\" content=\"Gracias a los aportes directas de nuestros socios, socias y donantes, actuamos con independencia financiera.\" \/>\n<meta property=\"og:url\" content=\"https:\/\/pezgordon.com\/msf_dev\/conocenos\/como-nos-financiamos\/\" \/>\n<meta property=\"og:site_name\" content=\"M\u00e9dicos Sin Fronteras Colombia | Ayuda m\u00e9dico-humanitaria\" \/>\n<meta property=\"article:publisher\" content=\"https:\/\/www.facebook.com\/medicossinfronteras.ong\" \/>\n<meta property=\"article:modified_time\" content=\"2023-04-26T15:26:16+00:00\" \/>\n<meta property=\"og:image\" content=\"https:\/\/pezgordon.com\/msf_dev\/wp-content\/uploads\/2023\/04\/MSB71590_Medium.jpg\" \/>\n\t<meta property=\"og:image:width\" content=\"1000\" \/>\n\t<meta property=\"og:image:height\" content=\"750\" \/>\n\t<meta property=\"og:image:type\" content=\"image\/jpeg\" \/>\n<meta name=\"twitter:card\" content=\"summary_large_image\" \/>\n<meta name=\"twitter:site\" content=\"@MSF_Colombia\" \/>\n<script type=\"application\/ld+json\" class=\"yoast-schema-graph\">{\"@context\":\"https:\/\/schema.org\",\"@graph\":[{\"@type\":\"WebPage\",\"@id\":\"https:\/\/pezgordon.com\/msf_dev\/conocenos\/como-nos-financiamos\/\",\"url\":\"https:\/\/pezgordon.com\/msf_dev\/conocenos\/como-nos-financiamos\/\",\"name\":\"C\u00f3mo nos financiamos - M\u00e9dicos Sin Fronteras Colombia | Ayuda m\u00e9dico-humanitaria\",\"isPartOf\":{\"@id\":\"https:\/\/pezgordon.com\/msf_dev\/#website\"},\"primaryImageOfPage\":{\"@id\":\"https:\/\/pezgordon.com\/msf_dev\/conocenos\/como-nos-financiamos\/#primaryimage\"},\"image\":{\"@id\":\"https:\/\/pezgordon.com\/msf_dev\/conocenos\/como-nos-financiamos\/#primaryimage\"},\"thumbnailUrl\":\"https:\/\/pezgordon.com\/msf_dev\/wp-content\/uploads\/2023\/04\/MSB71590_Medium.jpg\",\"datePublished\":\"2023-03-30T14:24:23+00:00\",\"dateModified\":\"2023-04-26T15:26:16+00:00\",\"breadcrumb\":{\"@id\":\"https:\/\/pezgordon.com\/msf_dev\/conocenos\/como-nos-financiamos\/#breadcrumb\"},\"inLanguage\":\"es\",\"potentialAction\":[{\"@type\":\"ReadAction\",\"target\":[\"https:\/\/pezgordon.com\/msf_dev\/conocenos\/como-nos-financiamos\/\"]}]},{\"@type\":\"ImageObject\",\"inLanguage\":\"es\",\"@id\":\"https:\/\/pezgordon.com\/msf_dev\/conocenos\/como-nos-financiamos\/#primaryimage\",\"url\":\"https:\/\/pezgordon.com\/msf_dev\/wp-content\/uploads\/2023\/04\/MSB71590_Medium.jpg\",\"contentUrl\":\"https:\/\/pezgordon.com\/msf_dev\/wp-content\/uploads\/2023\/04\/MSB71590_Medium.jpg\",\"width\":1000,\"height\":750,\"caption\":\"An MSF car boards the raft to cross the U\u00e9l\u00e9 River in the health zone of Bondo.\"},{\"@type\":\"BreadcrumbList\",\"@id\":\"https:\/\/pezgordon.com\/msf_dev\/conocenos\/como-nos-financiamos\/#breadcrumb\",\"itemListElement\":[{\"@type\":\"ListItem\",\"position\":1,\"name\":\"Home\",\"item\":\"https:\/\/pezgordon.com\/msf_dev\/\"},{\"@type\":\"ListItem\",\"position\":2,\"name\":\"Con\u00f3cenos\",\"item\":\"https:\/\/pezgordon.com\/msf_dev\/conocenos\/\"},{\"@type\":\"ListItem\",\"position\":3,\"name\":\"C\u00f3mo nos financiamos\"}]},{\"@type\":\"WebSite\",\"@id\":\"https:\/\/pezgordon.com\/msf_dev\/#website\",\"url\":\"https:\/\/pezgordon.com\/msf_dev\/\",\"name\":\"M\u00e9dicos Sin Fronteras Colombia | Ayuda m\u00e9dico-humanitaria\",\"description\":\"\",\"publisher\":{\"@id\":\"https:\/\/pezgordon.com\/msf_dev\/#organization\"},\"potentialAction\":[{\"@type\":\"SearchAction\",\"target\":{\"@type\":\"EntryPoint\",\"urlTemplate\":\"https:\/\/pezgordon.com\/msf_dev\/?s={search_term_string}\"},\"query-input\":\"required name=search_term_string\"}],\"inLanguage\":\"es\"},{\"@type\":\"Organization\",\"@id\":\"https:\/\/pezgordon.com\/msf_dev\/#organization\",\"name\":\"M\u00e9dicos Sin Fronteras Colombia\",\"alternateName\":\"MSF\",\"url\":\"https:\/\/pezgordon.com\/msf_dev\/\",\"logo\":{\"@type\":\"ImageObject\",\"inLanguage\":\"es\",\"@id\":\"https:\/\/pezgordon.com\/msf_dev\/#\/schema\/logo\/image\/\",\"url\":\"https:\/\/pezgordon.com\/msf_dev\/wp-content\/uploads\/2023\/05\/msf_organization.png\",\"contentUrl\":\"https:\/\/pezgordon.com\/msf_dev\/wp-content\/uploads\/2023\/05\/msf_organization.png\",\"width\":120,\"height\":120,\"caption\":\"M\u00e9dicos Sin Fronteras Colombia\"},\"image\":{\"@id\":\"https:\/\/pezgordon.com\/msf_dev\/#\/schema\/logo\/image\/\"},\"sameAs\":[\"https:\/\/www.facebook.com\/medicossinfronteras.ong\",\"https:\/\/x.com\/MSF_Colombia\",\"https:\/\/www.youtube.com\/user\/MedicosSinFronteras\",\"https:\/\/www.tiktok.com\/@medicossinfronteras\",\"https:\/\/www.instagram.com\/msf_sudamerica\",\"https:\/\/www.linkedin.com\/company\/msf-latam\/mycompany\/\"]}]}<\/script>\n<!-- \/ Yoast SEO plugin. -->","yoast_head_json":{"title":"C\u00f3mo nos financiamos - M\u00e9dicos Sin Fronteras Colombia | Ayuda m\u00e9dico-humanitaria","robots":{"index":"noindex","follow":"follow","max-snippet":"max-snippet:-1","max-image-preview":"max-image-preview:large","max-video-preview":"max-video-preview:-1"},"og_locale":"es_ES","og_type":"article","og_title":"C\u00f3mo nos financiamos - M\u00e9dicos Sin Fronteras Colombia | Ayuda m\u00e9dico-humanitaria","og_description":"Gracias a los aportes directas de nuestros socios, socias y donantes, actuamos con independencia financiera.","og_url":"https:\/\/pezgordon.com\/msf_dev\/conocenos\/como-nos-financiamos\/","og_site_name":"M\u00e9dicos Sin Fronteras Colombia | Ayuda m\u00e9dico-humanitaria","article_publisher":"https:\/\/www.facebook.com\/medicossinfronteras.ong","article_modified_time":"2023-04-26T15:26:16+00:00","og_image":[{"width":1000,"height":750,"url":"https:\/\/pezgordon.com\/msf_dev\/wp-content\/uploads\/2023\/04\/MSB71590_Medium.jpg","type":"image\/jpeg"}],"twitter_card":"summary_large_image","twitter_site":"@MSF_Colombia","schema":{"@context":"https:\/\/schema.org","@graph":[{"@type":"WebPage","@id":"https:\/\/pezgordon.com\/msf_dev\/conocenos\/como-nos-financiamos\/","url":"https:\/\/pezgordon.com\/msf_dev\/conocenos\/como-nos-financiamos\/","name":"C\u00f3mo nos financiamos - M\u00e9dicos Sin Fronteras Colombia | Ayuda m\u00e9dico-humanitaria","isPartOf":{"@id":"https:\/\/pezgordon.com\/msf_dev\/#website"},"primaryImageOfPage":{"@id":"https:\/\/pezgordon.com\/msf_dev\/conocenos\/como-nos-financiamos\/#primaryimage"},"image":{"@id":"https:\/\/pezgordon.com\/msf_dev\/conocenos\/como-nos-financiamos\/#primaryimage"},"thumbnailUrl":"https:\/\/pezgordon.com\/msf_dev\/wp-content\/uploads\/2023\/04\/MSB71590_Medium.jpg","datePublished":"2023-03-30T14:24:23+00:00","dateModified":"2023-04-26T15:26:16+00:00","breadcrumb":{"@id":"https:\/\/pezgordon.com\/msf_dev\/conocenos\/como-nos-financiamos\/#breadcrumb"},"inLanguage":"es","potentialAction":[{"@type":"ReadAction","target":["https:\/\/pezgordon.com\/msf_dev\/conocenos\/como-nos-financiamos\/"]}]},{"@type":"ImageObject","inLanguage":"es","@id":"https:\/\/pezgordon.com\/msf_dev\/conocenos\/como-nos-financiamos\/#primaryimage","url":"https:\/\/pezgordon.com\/msf_dev\/wp-content\/uploads\/2023\/04\/MSB71590_Medium.jpg","contentUrl":"https:\/\/pezgordon.com\/msf_dev\/wp-content\/uploads\/2023\/04\/MSB71590_Medium.jpg","width":1000,"height":750,"caption":"An MSF car boards the raft to cross the U\u00e9l\u00e9 River in the health zone of Bondo."},{"@type":"BreadcrumbList","@id":"https:\/\/pezgordon.com\/msf_dev\/conocenos\/como-nos-financiamos\/#breadcrumb","itemListElement":[{"@type":"ListItem","position":1,"name":"Home","item":"https:\/\/pezgordon.com\/msf_dev\/"},{"@type":"ListItem","position":2,"name":"Con\u00f3cenos","item":"https:\/\/pezgordon.com\/msf_dev\/conocenos\/"},{"@type":"ListItem","position":3,"name":"C\u00f3mo nos financiamos"}]},{"@type":"WebSite","@id":"https:\/\/pezgordon.com\/msf_dev\/#website","url":"https:\/\/pezgordon.com\/msf_dev\/","name":"M\u00e9dicos Sin Fronteras Colombia | Ayuda m\u00e9dico-humanitaria","description":"","publisher":{"@id":"https:\/\/pezgordon.com\/msf_dev\/#organization"},"potentialAction":[{"@type":"SearchAction","target":{"@type":"EntryPoint","urlTemplate":"https:\/\/pezgordon.com\/msf_dev\/?s={search_term_string}"},"query-input":"required name=search_term_string"}],"inLanguage":"es"},{"@type":"Organization","@id":"https:\/\/pezgordon.com\/msf_dev\/#organization","name":"M\u00e9dicos Sin Fronteras Colombia","alternateName":"MSF","url":"https:\/\/pezgordon.com\/msf_dev\/","logo":{"@type":"ImageObject","inLanguage":"es","@id":"https:\/\/pezgordon.com\/msf_dev\/#\/schema\/logo\/image\/","url":"https:\/\/pezgordon.com\/msf_dev\/wp-content\/uploads\/2023\/05\/msf_organization.png","contentUrl":"https:\/\/pezgordon.com\/msf_dev\/wp-content\/uploads\/2023\/05\/msf_organization.png","width":120,"height":120,"caption":"M\u00e9dicos Sin Fronteras Colombia"},"image":{"@id":"https:\/\/pezgordon.com\/msf_dev\/#\/schema\/logo\/image\/"},"sameAs":["https:\/\/www.facebook.com\/medicossinfronteras.ong","https:\/\/x.com\/MSF_Colombia","https:\/\/www.youtube.com\/user\/MedicosSinFronteras","https:\/\/www.tiktok.com\/@medicossinfronteras","https:\/\/www.instagram.com\/msf_sudamerica","https:\/\/www.linkedin.com\/company\/msf-latam\/mycompany\/"]}]}},"_links":{"self":[{"href":"https:\/\/pezgordon.com\/msf_dev\/wp-json\/wp\/v2\/pages\/614"}],"collection":[{"href":"https:\/\/pezgordon.com\/msf_dev\/wp-json\/wp\/v2\/pages"}],"about":[{"href":"https:\/\/pezgordon.com\/msf_dev\/wp-json\/wp\/v2\/types\/page"}],"author":[{"embeddable":true,"href":"https:\/\/pezgordon.com\/msf_dev\/wp-json\/wp\/v2\/users\/1"}],"replies":[{"embeddable":true,"href":"https:\/\/pezgordon.com\/msf_dev\/wp-json\/wp\/v2\/comments?post=614"}],"version-history":[{"count":23,"href":"https:\/\/pezgordon.com\/msf_dev\/wp-json\/wp\/v2\/pages\/614\/revisions"}],"predecessor-version":[{"id":1018,"href":"https:\/\/pezgordon.com\/msf_dev\/wp-json\/wp\/v2\/pages\/614\/revisions\/1018"}],"up":[{"embeddable":true,"href":"https:\/\/pezgordon.com\/msf_dev\/wp-json\/wp\/v2\/pages\/1210"}],"wp:featuredmedia":[{"embeddable":true,"href":"https:\/\/pezgordon.com\/msf_dev\/wp-json\/wp\/v2\/media\/1394"}],"wp:attachment":[{"href":"https:\/\/pezgordon.com\/msf_dev\/wp-json\/wp\/v2\/media?parent=614"}],"curies":[{"name":"wp","href":"https:\/\/api.w.org\/{rel}","templated":true}]}}