{"id":582,"date":"2023-03-29T16:36:46","date_gmt":"2023-03-29T19:36:46","guid":{"rendered":"https:\/\/pezgordon.com\/msf_dev\/?page_id=582"},"modified":"2023-05-12T10:51:09","modified_gmt":"2023-05-12T13:51:09","slug":"empresas","status":"publish","type":"page","link":"https:\/\/pezgordon.com\/msf_dev\/colabora\/empresas\/","title":{"rendered":"Empresas"},"content":{"rendered":"<div id=\"pl-582\"  class=\"panel-layout\" ><div id=\"pg-582-0\"  class=\"panel-grid panel-no-style\" ><div id=\"pgc-582-0-0\"  class=\"panel-grid-cell\" ><div id=\"panel-582-0-0-0\" class=\"so-panel widget_text-module panel-first-child\" data-index=\"0\" ><div\n\t\t\t\n\t\t\tclass=\"so-widget-text-module so-widget-text-module-default-d75171398898-582\"\n\t\t\t\n\t\t>\n<section class=\"text-module full-screen mobile-white desktop-white wide\" style=\"--backgroundDesktop:var(--white);--primaryColorDesktop:var(--grey);--secondaryColorDesktop:var(--red);--backgroundMobile:var(--white);--primaryColorMobile:var(--grey);--secondaryColorMobile:var(--red)\">\n\t\t\t\n\t<div class=\"container\">\n\n\t\t<p>Las empresas, fundaciones y otras entidades donantes privadas son un <strong>actor clave en nuestra sociedad<\/strong>. Constituyen <strong>parte del tejido social que apoya a M\u00e9dicos Sin Fronteras.<\/strong><\/p>\n<p>sus donaciones, <strong>nos permiten tener independencia de acci\u00f3n en las emergencias<\/strong>: trabajar solo seg\u00fan criterios m\u00e9dicos y sin injerencia de intereses pol\u00edticos, econ\u00f3micos, religiosos u otros. Adem\u00e1s, son <strong>plataforma de<\/strong> <strong>acceso a m\u00e1s personas<\/strong>, potencialmente sensibles a nuestra causa.<\/p>\n<p><em>En el \u00faltimo a\u00f1o, m\u00e1s del 97% de nuestros ingresos provinieron de socios, socias, donantes, empresas y fundaciones privadas.<\/em><\/p>\n<p><strong>Buscamos relacionarnos con empresas y entidades que compartan nuestros principios<\/strong>. Por eso, este es nuestro <a href=\"https:\/\/pezgordon.com\/msf_dev\/colabora\/empresas\/marco-de-colaboracion\/\"><strong>Marco \u00c9tico de Colaboraci\u00f3n.<\/strong><\/a><\/p>\n\n\t<\/div>\n\n<\/section><\/div><\/div><div id=\"panel-582-0-0-1\" class=\"so-panel widget_text-module\" data-index=\"1\" ><div\n\t\t\t\n\t\t\tclass=\"so-widget-text-module so-widget-text-module-default-d75171398898-582\"\n\t\t\t\n\t\t>\n<section class=\"text-module full-screen mobile-white desktop-white wide\" style=\"--backgroundDesktop:var(--white);--primaryColorDesktop:var(--grey);--secondaryColorDesktop:var(--red);--backgroundMobile:var(--white);--primaryColorMobile:var(--grey);--secondaryColorMobile:var(--red)\">\n\t\t\t\n\t<div class=\"container\">\n\n\t\t<h2>\u00bfC\u00f3mo puedes colaborar?<\/h2>\n<p>Tu empresa o entidad puede colaborar con nosotros de m\u00e1s de una manera. Muchas veces son complementarias, lo que enriquece a\u00fan m\u00e1s nuestra relaci\u00f3n y maximiza el impacto de la colaboraci\u00f3n. A continuaci\u00f3n te las contamos:<\/p>\n\n\t<\/div>\n\n<\/section><\/div><\/div><div id=\"panel-582-0-0-2\" class=\"so-panel widget_links-module\" data-index=\"2\" ><div\n\t\t\t\n\t\t\tclass=\"so-widget-links-module so-widget-links-module-default-d75171398898-582\"\n\t\t\t\n\t\t>\n<section class=\"pages-grid\">\n\n\t\n\t\n\t<div class=\"grid\">\n\n\t\t\n\t\t<div>\n\t\t\t<div class=\"thumbnail\">\n\t\t\t\t<img loading=\"lazy\" decoding=\"async\" width=\"150\" height=\"150\" src=\"https:\/\/pezgordon.com\/msf_dev\/wp-content\/uploads\/2023\/04\/MSF335131_Medium-150x150.jpg\" class=\"attachment-thumbnail size-thumbnail\" alt=\"\" srcset=\"https:\/\/pezgordon.com\/msf_dev\/wp-content\/uploads\/2023\/04\/MSF335131_Medium-150x150.jpg 150w, https:\/\/pezgordon.com\/msf_dev\/wp-content\/uploads\/2023\/04\/MSF335131_Medium-700x467.jpg 700w\" sizes=\"(max-width: 768px) 40px, 700px\" \/>\t\t\t<\/div>\n\t\t\t<div class=\"content\">\n\t\t\t\t<h2 class=\"semi_bold\">As\u00f3ciate como Empresa<\/h2>\n\t\t\t\t<p class=\"hide_mobile\">Las empresas e instituciones pueden colaborar con un aporte mensual para que la acci\u00f3n humanitaria llegue a un mayor n\u00famero de personas y se sostenga en el tiempo.<\/p>\n\t\t\t\t\t\t\t\t<a href=\"https:\/\/pezgordon.com\/msf_dev\/asociate-como-empresa\/\" title=\"\">Leer m\u00e1s<\/a>\n\t\t\t\t\t\t\t<\/div>\n\t\t<\/div>\n\n\t\t\n\t\t<div>\n\t\t\t<div class=\"thumbnail\">\n\t\t\t\t<img loading=\"lazy\" decoding=\"async\" width=\"150\" height=\"150\" src=\"https:\/\/pezgordon.com\/msf_dev\/wp-content\/uploads\/2022\/10\/MSF332090_Medium-150x150.jpg\" class=\"attachment-thumbnail size-thumbnail\" alt=\"\" srcset=\"https:\/\/pezgordon.com\/msf_dev\/wp-content\/uploads\/2022\/10\/MSF332090_Medium-150x150.jpg 150w, https:\/\/pezgordon.com\/msf_dev\/wp-content\/uploads\/2022\/10\/MSF332090_Medium-700x394.jpg 700w\" sizes=\"(max-width: 768px) 40px, 700px\" \/>\t\t\t<\/div>\n\t\t\t<div class=\"content\">\n\t\t\t\t<h2 class=\"semi_bold\">Contagia a tu gente<\/h2>\n\t\t\t\t<p class=\"hide_mobile\">\u00a1Las ganas de ayudar tambi\u00e9n se contagian! Ay\u00fadanos a llegar a m\u00e1s personas y seguir salvando vidas.  Cont\u00e1ctanos para que coordinemos una acci\u00f3n de sensibilizaci\u00f3n en tu lugar de trabajo.<\/p>\n\t\t\t\t\t\t\t<\/div>\n\t\t<\/div>\n\n\t\t\n\t\t<div>\n\t\t\t<div class=\"thumbnail\">\n\t\t\t\t<img loading=\"lazy\" decoding=\"async\" width=\"150\" height=\"150\" src=\"https:\/\/pezgordon.com\/msf_dev\/wp-content\/uploads\/2022\/10\/MSF211739_Medium-150x150.jpg\" class=\"attachment-thumbnail size-thumbnail\" alt=\"\" srcset=\"https:\/\/pezgordon.com\/msf_dev\/wp-content\/uploads\/2022\/10\/MSF211739_Medium-150x150.jpg 150w, https:\/\/pezgordon.com\/msf_dev\/wp-content\/uploads\/2022\/10\/MSF211739_Medium-700x467.jpg 700w\" sizes=\"(max-width: 768px) 40px, 700px\" \/>\t\t\t<\/div>\n\t\t\t<div class=\"content\">\n\t\t\t\t<h2 class=\"semi_bold\">Dona bienes y servicios<\/h2>\n\t\t\t\t<p class=\"hide_mobile\">En M\u00e9dicos Sin Fronteras aceptamos bienes y servicios que necesitamos, para invertir as\u00ed este dinero que nos ahorramos en nuestra acci\u00f3n m\u00e9dica y humanitaria.<\/p>\n\t\t\t\t\t\t\t\t<a href=\"https:\/\/pezgordon.com\/msf_dev\/colabora\/empresas\/dona-bienes-o-servicios\/\" title=\"\">Leer m\u00e1s<\/a>\n\t\t\t\t\t\t\t<\/div>\n\t\t<\/div>\n\n\t\t\n\t\t<div>\n\t\t\t<div class=\"thumbnail\">\n\t\t\t\t<img loading=\"lazy\" decoding=\"async\" width=\"150\" height=\"150\" src=\"https:\/\/pezgordon.com\/msf_dev\/wp-content\/uploads\/2023\/05\/MSB108541High-150x150.jpg\" class=\"attachment-thumbnail size-thumbnail\" alt=\"\" srcset=\"https:\/\/pezgordon.com\/msf_dev\/wp-content\/uploads\/2023\/05\/MSB108541High-150x150.jpg 150w, https:\/\/pezgordon.com\/msf_dev\/wp-content\/uploads\/2023\/05\/MSB108541High-700x467.jpg 700w\" sizes=\"(max-width: 768px) 40px, 700px\" \/>\t\t\t<\/div>\n\t\t\t<div class=\"content\">\n\t\t\t\t<h2 class=\"semi_bold\">Convi\u00e9rtete en socio estrat\u00e9gico<\/h2>\n\t\t\t\t<p class=\"hide_mobile\">Gracias a este tipo de ayuda, MSF puede dar respuesta a una emergencia en un m\u00e1ximo de 72 horas con toda la log\u00edstica (movilizaci\u00f3n de materiales y personas) que ello implica.<\/p>\n\t\t\t\t\t\t\t\t<a href=\"https:\/\/pezgordon.com\/msf_dev\/conviertete-en-socio-estrategico\/\" title=\"\">Leer m\u00e1s<\/a>\n\t\t\t\t\t\t\t<\/div>\n\t\t<\/div>\n\n\t\t\n\t<\/div>\n\n<\/section><\/div><\/div><div id=\"panel-582-0-0-3\" class=\"so-panel widget_banner-module\" data-index=\"3\" ><div\n\t\t\t\n\t\t\tclass=\"so-widget-banner-module so-widget-banner-module-default-d75171398898-582\"\n\t\t\t\n\t\t>\n<section class=\"conditional_banners\">\n\n\t<section class=\"call-to-action-compact default_banner\" style=\"--background:url(https:\/\/pezgordon.com\/msf_dev\/wp-content\/uploads\/2023\/04\/Foto-Daniela-para-banner-700x393.jpg);\">\n\n\t\t<div class=\"container b-grey\">\n\n\t\t\t<div class=\"col\">\n\t\t\t<\/div>\n\n\t\t\t<div class=\"col\">\n\n\t\t\t\t<div class=\"thumbnail\"><\/div>\n\n\t\t\t\t<h3 class=\"medium hide_mobile c-red\">Cont\u00e1ctate<\/h3>\n\n\t\t\t\t<p>\u00bfTienes alguna duda o consulta? Comun\u00edcate con nosotros, estamos a tu disposici\u00f3n.<br \/>\r\nMail: daniela.pinzon@bogota.msf.org<br \/>\r\nWhatsApp: +57 310 2028835<\/p>\n\n\t\t\t\t\n\t\t\t\t<a href=\"https:\/\/api.whatsapp.com\/send\/?phone=+573102028835&#038;text=Tengo+una+una+consulta+sobre+Testamentos+Solidarios&#038;type=phone_number&#038;app_absent=0\" target=\"_blank\" class=\"button b-red semi_bold \">Escr\u00edbenos por WhatsApp<\/a>\n\n\t\t\t\t\n\t\t\t<\/div>\n\n\t\t<\/div>\n\n\t<\/section>\n\n\t\n<\/section><\/div><\/div><div id=\"panel-582-0-0-4\" class=\"so-panel widget_text-module\" data-index=\"4\" ><div\n\t\t\t\n\t\t\tclass=\"so-widget-text-module so-widget-text-module-default-d75171398898-1557\"\n\t\t\t\n\t\t>\n<section class=\"text-module full-screen mobile-white desktop-white wide\" style=\"--backgroundDesktop:var(--white);--primaryColorDesktop:var(--grey);--secondaryColorDesktop:var(--red);--backgroundMobile:var(--white);--primaryColorMobile:var(--grey);--secondaryColorMobile:var(--red)\">\n\t\t\t\n\t<div class=\"container\">\n\n\t\t<h2>Beneficios de colaborar:<\/h2>\n<p>&nbsp;<\/p>\n<ul>\n<li>Ser parte de una <strong>organizaci\u00f3n internacional l\u00edder<\/strong> y con <strong>presencia e impacto global<\/strong> (quiz\u00e1s incluso en zonas donde la organizaci\u00f3n opera)<\/li>\n<li><strong>Alinear al staff<\/strong> con un objetivo com\u00fan motivante y con <strong>incidencia real<\/strong> sobre la <strong>salud<\/strong> <strong>global<\/strong> y las <strong>vidas<\/strong> de otros seres humanos<\/li>\n<li>Definir la <strong>identidad<\/strong> de la organizaci\u00f3n como una marca impulsada por un <strong>prop\u00f3sito<\/strong>, destacada y diferenciada de otras<\/li>\n<li>Apoyar una causa alineada con el <strong>ODS 3 <em>\"Garantizar una vida sana y promover el bienestar de todos a todas las edades\"<\/em><\/strong> y con el <strong>ODS 10 <em>\"Reducir la desigualdad en y entre los pa\u00edses\u201d<\/em><\/strong><\/li>\n<li>Se asociar\u00e1n con una organizaci\u00f3n que recibi\u00f3 el <strong>Nobel de la Paz 1999<\/strong><\/li>\n<\/ul>\n\n\t<\/div>\n\n<\/section><\/div><\/div><div id=\"panel-582-0-0-5\" class=\"so-panel widget_accordion-module\" data-index=\"5\" ><div\n\t\t\t\n\t\t\tclass=\"so-widget-accordion-module so-widget-accordion-module-default-d75171398898-1557\"\n\t\t\t\n\t\t>\n<section class=\"accordion mobile-grey desktop-grey\" style=\"--backgroundDesktop:var(--white);--primaryColorDesktop:var(--grey);--backgroundMobile:var(--white);--primaryColorMobile:var(--grey)\">\n\n\t\n\t\n\t<div class=\"accordion-container\">\n\n\t\t\n\t\t<div class=\"accordion-item\">\n\t\t\t<h2 class=\"accordion-header\">\n\t\t\t\t<button type=\"button\">\n\t\t        \t<p class=\"page__title\"><strong>M\u00e1s beneficios:<\/strong><\/p>\n<div class=\"panel-pane pane-entity-field pane-node-field-summary-image\">\n<div class=\"field-collection-container clearfix\">\n<div class=\"field field-name-field-summary-image\">\n<div class=\"field-collection-view clearfix view-mode-summary-image-small field-collection-view-final\">\n<div class=\"summary-image__image\"><\/div>\n<\/div>\n<\/div>\n<\/div>\n<\/div>\n\t\t\t\t<\/button>\n\t\t    <\/h2>\n\t\t    <div class=\"accordion-body\">\n\t\t\t\t<div>\n\t\t\t\t\t<ul>\n<li><strong>V\u00ednculo estrecho <\/strong>con MSF, a trav\u00e9s del Equipo de Colaboraciones Estrat\u00e9gicas.<\/li>\n<li>Conocer los <strong>testimonios<\/strong> de primera mano de <strong>profesionales con experiencia de trabajo<\/strong> con MSF.<\/li>\n<li>Acceso a <strong>espacios de reconocimiento<\/strong> de parte de MSF, seg\u00fan el aporte realizado. <strong>Invitaciones<\/strong> a eventos, paneles.<\/li>\n<li>Acceso a <strong>contenidos de comunicaci\u00f3n<\/strong> directos de terreno, para difundir entre sus grupos de inter\u00e9s .<\/li>\n<li>La seguridad de que la contribuci\u00f3n realmente <strong>llegar\u00e1 a su destino<\/strong>, ya que en MSF controlamos toda la cadena de distribuci\u00f3n de la ayuda.<\/li>\n<li>Posibilidad de contar con el certificado anual de donaciones para presentar en la <strong>deducci\u00f3n anual de Ganancias.<\/strong><\/li>\n<\/ul>\n\t\t\t\t<\/div>\n\t\t    <\/div>\n\t\t<\/div>\n\n\t\t\n\t<\/div>\n\n<\/section><\/div><\/div><div id=\"panel-582-0-0-6\" class=\"so-panel widget_text-module panel-last-child\" data-index=\"6\" ><div\n\t\t\t\n\t\t\tclass=\"so-widget-text-module so-widget-text-module-default-d75171398898-1557\"\n\t\t\t\n\t\t>\n<section class=\"text-module full-screen mobile-white desktop-white wide\" style=\"--backgroundDesktop:var(--white);--primaryColorDesktop:var(--grey);--secondaryColorDesktop:var(--red);--backgroundMobile:var(--white);--primaryColorMobile:var(--grey);--secondaryColorMobile:var(--red)\">\n\t\t\t\n\t<div class=\"container\">\n\n\t\t<p><a class=\"arrow_link\" href=\"https:\/\/pezgordon.com\/msf_dev\/colabora\/empresas\/empresas-que-nos-apoyan\/\">Empresas que nos apoyan<\/a><\/p>\n<p><a class=\"arrow_link\" href=\"https:\/\/pezgordon.com\/msf_dev\/colabora\/empresas\/marco-de-colaboracion\/\">Marco de Colaboraci\u00f3n<\/a><\/p>\n<p><a class=\"arrow_link\" href=\"https:\/\/pezgordon.com\/msf_dev\/conocenos\/como-nos-financiamos\/\">C\u00f3mo nos financiamos<\/a><\/p>\n\n\t<\/div>\n\n<\/section><\/div><\/div><\/div><\/div><\/div>","protected":false},"excerpt":{"rendered":"<p>Gracias al apoyo de empresas e instituciones, nuestros equipos pueden brindar atenci\u00f3n m\u00e9dica de emergencia independiente, donde sea que se necesite.<\/p>\n","protected":false},"author":1,"featured_media":2054,"parent":1143,"menu_order":0,"comment_status":"closed","ping_status":"closed","template":"","meta":{"_acf_changed":false,"footnotes":""},"class_list":["post-582","page","type-page","status-publish","has-post-thumbnail","hentry"],"acf":[],"yoast_head":"<!-- This site is optimized with the Yoast SEO plugin v23.0 - https:\/\/yoast.com\/wordpress\/plugins\/seo\/ -->\n<title>Empresas - M\u00e9dicos Sin Fronteras Colombia | Ayuda m\u00e9dico-humanitaria<\/title>\n<meta name=\"robots\" content=\"noindex, follow, max-snippet:-1, max-image-preview:large, max-video-preview:-1\" \/>\n<meta property=\"og:locale\" content=\"es_ES\" \/>\n<meta property=\"og:type\" content=\"article\" \/>\n<meta property=\"og:title\" content=\"Empresas - M\u00e9dicos Sin Fronteras Colombia | Ayuda m\u00e9dico-humanitaria\" \/>\n<meta property=\"og:description\" content=\"Gracias al apoyo de empresas e instituciones, nuestros equipos pueden brindar atenci\u00f3n m\u00e9dica de emergencia independiente, donde sea que se necesite.\" \/>\n<meta property=\"og:url\" content=\"https:\/\/pezgordon.com\/msf_dev\/colabora\/empresas\/\" \/>\n<meta property=\"og:site_name\" content=\"M\u00e9dicos Sin Fronteras Colombia | Ayuda m\u00e9dico-humanitaria\" \/>\n<meta property=\"article:publisher\" content=\"https:\/\/www.facebook.com\/medicossinfronteras.ong\" \/>\n<meta property=\"article:modified_time\" content=\"2023-05-12T13:51:09+00:00\" \/>\n<meta property=\"og:image\" content=\"https:\/\/pezgordon.com\/msf_dev\/wp-content\/uploads\/2023\/04\/MSB154127_Medium.jpg\" \/>\n\t<meta property=\"og:image:width\" content=\"1000\" \/>\n\t<meta property=\"og:image:height\" content=\"667\" \/>\n\t<meta property=\"og:image:type\" content=\"image\/jpeg\" \/>\n<meta name=\"twitter:card\" content=\"summary_large_image\" \/>\n<meta name=\"twitter:site\" content=\"@MSF_Colombia\" \/>\n<script type=\"application\/ld+json\" class=\"yoast-schema-graph\">{\"@context\":\"https:\/\/schema.org\",\"@graph\":[{\"@type\":\"WebPage\",\"@id\":\"https:\/\/pezgordon.com\/msf_dev\/colabora\/empresas\/\",\"url\":\"https:\/\/pezgordon.com\/msf_dev\/colabora\/empresas\/\",\"name\":\"Empresas - M\u00e9dicos Sin Fronteras Colombia | Ayuda m\u00e9dico-humanitaria\",\"isPartOf\":{\"@id\":\"https:\/\/pezgordon.com\/msf_dev\/#website\"},\"primaryImageOfPage\":{\"@id\":\"https:\/\/pezgordon.com\/msf_dev\/colabora\/empresas\/#primaryimage\"},\"image\":{\"@id\":\"https:\/\/pezgordon.com\/msf_dev\/colabora\/empresas\/#primaryimage\"},\"thumbnailUrl\":\"https:\/\/pezgordon.com\/msf_dev\/wp-content\/uploads\/2023\/04\/MSB154127_Medium.jpg\",\"datePublished\":\"2023-03-29T19:36:46+00:00\",\"dateModified\":\"2023-05-12T13:51:09+00:00\",\"breadcrumb\":{\"@id\":\"https:\/\/pezgordon.com\/msf_dev\/colabora\/empresas\/#breadcrumb\"},\"inLanguage\":\"es\",\"potentialAction\":[{\"@type\":\"ReadAction\",\"target\":[\"https:\/\/pezgordon.com\/msf_dev\/colabora\/empresas\/\"]}]},{\"@type\":\"ImageObject\",\"inLanguage\":\"es\",\"@id\":\"https:\/\/pezgordon.com\/msf_dev\/colabora\/empresas\/#primaryimage\",\"url\":\"https:\/\/pezgordon.com\/msf_dev\/wp-content\/uploads\/2023\/04\/MSB154127_Medium.jpg\",\"contentUrl\":\"https:\/\/pezgordon.com\/msf_dev\/wp-content\/uploads\/2023\/04\/MSB154127_Medium.jpg\",\"width\":1000,\"height\":667,\"caption\":\"On 5 April 2023, as requested by Italian authorities, 100 survivors were transshipped to an Italian naval asset off Sicily. The remaining 339 survivors remained on board the Geo Barents until reaching Brindisi, the assigned place of safety.\"},{\"@type\":\"BreadcrumbList\",\"@id\":\"https:\/\/pezgordon.com\/msf_dev\/colabora\/empresas\/#breadcrumb\",\"itemListElement\":[{\"@type\":\"ListItem\",\"position\":1,\"name\":\"Home\",\"item\":\"https:\/\/pezgordon.com\/msf_dev\/\"},{\"@type\":\"ListItem\",\"position\":2,\"name\":\"Colabora\",\"item\":\"https:\/\/pezgordon.com\/msf_dev\/colabora\/\"},{\"@type\":\"ListItem\",\"position\":3,\"name\":\"Empresas\"}]},{\"@type\":\"WebSite\",\"@id\":\"https:\/\/pezgordon.com\/msf_dev\/#website\",\"url\":\"https:\/\/pezgordon.com\/msf_dev\/\",\"name\":\"M\u00e9dicos Sin Fronteras Colombia | Ayuda m\u00e9dico-humanitaria\",\"description\":\"\",\"publisher\":{\"@id\":\"https:\/\/pezgordon.com\/msf_dev\/#organization\"},\"potentialAction\":[{\"@type\":\"SearchAction\",\"target\":{\"@type\":\"EntryPoint\",\"urlTemplate\":\"https:\/\/pezgordon.com\/msf_dev\/?s={search_term_string}\"},\"query-input\":\"required name=search_term_string\"}],\"inLanguage\":\"es\"},{\"@type\":\"Organization\",\"@id\":\"https:\/\/pezgordon.com\/msf_dev\/#organization\",\"name\":\"M\u00e9dicos Sin Fronteras Colombia\",\"alternateName\":\"MSF\",\"url\":\"https:\/\/pezgordon.com\/msf_dev\/\",\"logo\":{\"@type\":\"ImageObject\",\"inLanguage\":\"es\",\"@id\":\"https:\/\/pezgordon.com\/msf_dev\/#\/schema\/logo\/image\/\",\"url\":\"https:\/\/pezgordon.com\/msf_dev\/wp-content\/uploads\/2023\/05\/msf_organization.png\",\"contentUrl\":\"https:\/\/pezgordon.com\/msf_dev\/wp-content\/uploads\/2023\/05\/msf_organization.png\",\"width\":120,\"height\":120,\"caption\":\"M\u00e9dicos Sin Fronteras Colombia\"},\"image\":{\"@id\":\"https:\/\/pezgordon.com\/msf_dev\/#\/schema\/logo\/image\/\"},\"sameAs\":[\"https:\/\/www.facebook.com\/medicossinfronteras.ong\",\"https:\/\/x.com\/MSF_Colombia\",\"https:\/\/www.youtube.com\/user\/MedicosSinFronteras\",\"https:\/\/www.tiktok.com\/@medicossinfronteras\",\"https:\/\/www.instagram.com\/msf_sudamerica\",\"https:\/\/www.linkedin.com\/company\/msf-latam\/mycompany\/\"]}]}<\/script>\n<!-- \/ Yoast SEO plugin. -->","yoast_head_json":{"title":"Empresas - M\u00e9dicos Sin Fronteras Colombia | Ayuda m\u00e9dico-humanitaria","robots":{"index":"noindex","follow":"follow","max-snippet":"max-snippet:-1","max-image-preview":"max-image-preview:large","max-video-preview":"max-video-preview:-1"},"og_locale":"es_ES","og_type":"article","og_title":"Empresas - M\u00e9dicos Sin Fronteras Colombia | Ayuda m\u00e9dico-humanitaria","og_description":"Gracias al apoyo de empresas e instituciones, nuestros equipos pueden brindar atenci\u00f3n m\u00e9dica de emergencia independiente, donde sea que se necesite.","og_url":"https:\/\/pezgordon.com\/msf_dev\/colabora\/empresas\/","og_site_name":"M\u00e9dicos Sin Fronteras Colombia | Ayuda m\u00e9dico-humanitaria","article_publisher":"https:\/\/www.facebook.com\/medicossinfronteras.ong","article_modified_time":"2023-05-12T13:51:09+00:00","og_image":[{"width":1000,"height":667,"url":"https:\/\/pezgordon.com\/msf_dev\/wp-content\/uploads\/2023\/04\/MSB154127_Medium.jpg","type":"image\/jpeg"}],"twitter_card":"summary_large_image","twitter_site":"@MSF_Colombia","schema":{"@context":"https:\/\/schema.org","@graph":[{"@type":"WebPage","@id":"https:\/\/pezgordon.com\/msf_dev\/colabora\/empresas\/","url":"https:\/\/pezgordon.com\/msf_dev\/colabora\/empresas\/","name":"Empresas - M\u00e9dicos Sin Fronteras Colombia | Ayuda m\u00e9dico-humanitaria","isPartOf":{"@id":"https:\/\/pezgordon.com\/msf_dev\/#website"},"primaryImageOfPage":{"@id":"https:\/\/pezgordon.com\/msf_dev\/colabora\/empresas\/#primaryimage"},"image":{"@id":"https:\/\/pezgordon.com\/msf_dev\/colabora\/empresas\/#primaryimage"},"thumbnailUrl":"https:\/\/pezgordon.com\/msf_dev\/wp-content\/uploads\/2023\/04\/MSB154127_Medium.jpg","datePublished":"2023-03-29T19:36:46+00:00","dateModified":"2023-05-12T13:51:09+00:00","breadcrumb":{"@id":"https:\/\/pezgordon.com\/msf_dev\/colabora\/empresas\/#breadcrumb"},"inLanguage":"es","potentialAction":[{"@type":"ReadAction","target":["https:\/\/pezgordon.com\/msf_dev\/colabora\/empresas\/"]}]},{"@type":"ImageObject","inLanguage":"es","@id":"https:\/\/pezgordon.com\/msf_dev\/colabora\/empresas\/#primaryimage","url":"https:\/\/pezgordon.com\/msf_dev\/wp-content\/uploads\/2023\/04\/MSB154127_Medium.jpg","contentUrl":"https:\/\/pezgordon.com\/msf_dev\/wp-content\/uploads\/2023\/04\/MSB154127_Medium.jpg","width":1000,"height":667,"caption":"On 5 April 2023, as requested by Italian authorities, 100 survivors were transshipped to an Italian naval asset off Sicily. The remaining 339 survivors remained on board the Geo Barents until reaching Brindisi, the assigned place of safety."},{"@type":"BreadcrumbList","@id":"https:\/\/pezgordon.com\/msf_dev\/colabora\/empresas\/#breadcrumb","itemListElement":[{"@type":"ListItem","position":1,"name":"Home","item":"https:\/\/pezgordon.com\/msf_dev\/"},{"@type":"ListItem","position":2,"name":"Colabora","item":"https:\/\/pezgordon.com\/msf_dev\/colabora\/"},{"@type":"ListItem","position":3,"name":"Empresas"}]},{"@type":"WebSite","@id":"https:\/\/pezgordon.com\/msf_dev\/#website","url":"https:\/\/pezgordon.com\/msf_dev\/","name":"M\u00e9dicos Sin Fronteras Colombia | Ayuda m\u00e9dico-humanitaria","description":"","publisher":{"@id":"https:\/\/pezgordon.com\/msf_dev\/#organization"},"potentialAction":[{"@type":"SearchAction","target":{"@type":"EntryPoint","urlTemplate":"https:\/\/pezgordon.com\/msf_dev\/?s={search_term_string}"},"query-input":"required name=search_term_string"}],"inLanguage":"es"},{"@type":"Organization","@id":"https:\/\/pezgordon.com\/msf_dev\/#organization","name":"M\u00e9dicos Sin Fronteras Colombia","alternateName":"MSF","url":"https:\/\/pezgordon.com\/msf_dev\/","logo":{"@type":"ImageObject","inLanguage":"es","@id":"https:\/\/pezgordon.com\/msf_dev\/#\/schema\/logo\/image\/","url":"https:\/\/pezgordon.com\/msf_dev\/wp-content\/uploads\/2023\/05\/msf_organization.png","contentUrl":"https:\/\/pezgordon.com\/msf_dev\/wp-content\/uploads\/2023\/05\/msf_organization.png","width":120,"height":120,"caption":"M\u00e9dicos Sin Fronteras Colombia"},"image":{"@id":"https:\/\/pezgordon.com\/msf_dev\/#\/schema\/logo\/image\/"},"sameAs":["https:\/\/www.facebook.com\/medicossinfronteras.ong","https:\/\/x.com\/MSF_Colombia","https:\/\/www.youtube.com\/user\/MedicosSinFronteras","https:\/\/www.tiktok.com\/@medicossinfronteras","https:\/\/www.instagram.com\/msf_sudamerica","https:\/\/www.linkedin.com\/company\/msf-latam\/mycompany\/"]}]}},"_links":{"self":[{"href":"https:\/\/pezgordon.com\/msf_dev\/wp-json\/wp\/v2\/pages\/582"}],"collection":[{"href":"https:\/\/pezgordon.com\/msf_dev\/wp-json\/wp\/v2\/pages"}],"about":[{"href":"https:\/\/pezgordon.com\/msf_dev\/wp-json\/wp\/v2\/types\/page"}],"author":[{"embeddable":true,"href":"https:\/\/pezgordon.com\/msf_dev\/wp-json\/wp\/v2\/users\/1"}],"replies":[{"embeddable":true,"href":"https:\/\/pezgordon.com\/msf_dev\/wp-json\/wp\/v2\/comments?post=582"}],"version-history":[{"count":95,"href":"https:\/\/pezgordon.com\/msf_dev\/wp-json\/wp\/v2\/pages\/582\/revisions"}],"predecessor-version":[{"id":2208,"href":"https:\/\/pezgordon.com\/msf_dev\/wp-json\/wp\/v2\/pages\/582\/revisions\/2208"}],"up":[{"embeddable":true,"href":"https:\/\/pezgordon.com\/msf_dev\/wp-json\/wp\/v2\/pages\/1143"}],"wp:featuredmedia":[{"embeddable":true,"href":"https:\/\/pezgordon.com\/msf_dev\/wp-json\/wp\/v2\/media\/2054"}],"wp:attachment":[{"href":"https:\/\/pezgordon.com\/msf_dev\/wp-json\/wp\/v2\/media?parent=582"}],"curies":[{"name":"wp","href":"https:\/\/api.w.org\/{rel}","templated":true}]}}