{"id":496,"date":"2023-03-29T11:42:40","date_gmt":"2023-03-29T14:42:40","guid":{"rendered":"https:\/\/pezgordon.com\/msf_dev\/?page_id=496"},"modified":"2023-05-10T12:18:05","modified_gmt":"2023-05-10T15:18:05","slug":"otras-formas-de-colaborar","status":"publish","type":"page","link":"https:\/\/pezgordon.com\/msf_dev\/colabora\/otras-formas-de-colaborar\/","title":{"rendered":"Otras formas de colaborar"},"content":{"rendered":"<div id=\"pl-496\"  class=\"panel-layout\" ><div id=\"pg-496-0\"  class=\"panel-grid panel-no-style\" ><div id=\"pgc-496-0-0\"  class=\"panel-grid-cell\" ><div id=\"panel-496-0-0-0\" class=\"so-panel widget_links-module panel-first-child\" data-index=\"0\" ><div\n\t\t\t\n\t\t\tclass=\"so-widget-links-module so-widget-links-module-default-d75171398898-496\"\n\t\t\t\n\t\t>\n<section class=\"pages-grid\">\n\n\t\n\t\n\t<div class=\"grid\">\n\n\t\t\n\t\t<div>\n\t\t\t<div class=\"thumbnail\">\n\t\t\t\t<img loading=\"lazy\" decoding=\"async\" width=\"150\" height=\"150\" src=\"https:\/\/pezgordon.com\/msf_dev\/wp-content\/uploads\/2022\/11\/msb128436_donacion_personas_desplazadas_holovanivsk_ucrania-150x150.jpg\" class=\"attachment-thumbnail size-thumbnail\" alt=\"Donaci\u00f3n de materiales para personas desplazadas en Holovanivsk, Ucrania\" srcset=\"https:\/\/pezgordon.com\/msf_dev\/wp-content\/uploads\/2022\/11\/msb128436_donacion_personas_desplazadas_holovanivsk_ucrania-150x150.jpg 150w, https:\/\/pezgordon.com\/msf_dev\/wp-content\/uploads\/2022\/11\/msb128436_donacion_personas_desplazadas_holovanivsk_ucrania-700x467.jpg 700w\" sizes=\"(max-width: 768px) 40px, 700px\" \/>\t\t\t<\/div>\n\t\t\t<div class=\"content\">\n\t\t\t\t<h2 class=\"semi_bold\">Dona por \u00fanica vez<\/h2>\n\t\t\t\t<p class=\"hide_mobile\">Haciendo una donaci\u00f3n por \u00fanica vez, alivias el sufrimiento y contribuyes a salvar las vidas de cientos de miles de personas afectadas por emergencias humanitarias.<\/p>\n\t\t\t\t\t\t\t\t<a href=\"https:\/\/pezgordon.com\/msf_dev\/haz-una-donacion-unica-vez\/\" title=\"\">Leer m\u00e1s<\/a>\n\t\t\t\t\t\t\t<\/div>\n\t\t<\/div>\n\n\t\t\n\t\t<div>\n\t\t\t<div class=\"thumbnail\">\n\t\t\t\t<img loading=\"lazy\" decoding=\"async\" width=\"150\" height=\"150\" src=\"https:\/\/pezgordon.com\/msf_dev\/wp-content\/uploads\/2023\/05\/msf142258_medium_0-150x150.jpg\" class=\"attachment-thumbnail size-thumbnail\" alt=\"\" srcset=\"https:\/\/pezgordon.com\/msf_dev\/wp-content\/uploads\/2023\/05\/msf142258_medium_0-150x150.jpg 150w, https:\/\/pezgordon.com\/msf_dev\/wp-content\/uploads\/2023\/05\/msf142258_medium_0-700x187.jpg 700w\" sizes=\"(max-width: 768px) 40px, 700px\" \/>\t\t\t<\/div>\n\t\t\t<div class=\"content\">\n\t\t\t\t<h2 class=\"semi_bold\">Iniciativas Solidarias<\/h2>\n\t\t\t\t<p class=\"hide_mobile\">\u00bfSab\u00edas que tus celebraciones, eventos, o actividades relacionadas con la cultura, la m\u00fasica, el espect\u00e1culo o el deporte pueden convertirse en acciones solidarias?<\/p>\n\t\t\t\t\t\t\t\t<a href=\"https:\/\/pezgordon.com\/msf_dev\/colabora\/otras-formas-de-colaborar\/iniciativas-solidarias\/\" title=\"\">Leer m\u00e1s<\/a>\n\t\t\t\t\t\t\t<\/div>\n\t\t<\/div>\n\n\t\t\n\t\t<div>\n\t\t\t<div class=\"thumbnail\">\n\t\t\t\t<img loading=\"lazy\" decoding=\"async\" width=\"150\" height=\"150\" src=\"https:\/\/pezgordon.com\/msf_dev\/wp-content\/uploads\/2023\/03\/como-nos-financiamos-150x150.jpg\" class=\"attachment-thumbnail size-thumbnail\" alt=\"\" srcset=\"https:\/\/pezgordon.com\/msf_dev\/wp-content\/uploads\/2023\/03\/como-nos-financiamos-150x150.jpg 150w, https:\/\/pezgordon.com\/msf_dev\/wp-content\/uploads\/2023\/03\/como-nos-financiamos-700x426.jpg 700w\" sizes=\"(max-width: 768px) 40px, 700px\" \/>\t\t\t<\/div>\n\t\t\t<div class=\"content\">\n\t\t\t\t<h2 class=\"semi_bold\">Testamento Solidario<\/h2>\n\t\t\t\t<p class=\"hide_mobile\">Un testamento solidario es un gesto en el presente que ser\u00e1 de gran ayuda en el futuro. <\/p>\n\t\t\t\t\t\t\t\t<a href=\"https:\/\/pezgordon.com\/msf_dev\/colabora\/otras-formas-de-colaborar\/testamento-solidario\/\" title=\"\">Leer m\u00e1s<\/a>\n\t\t\t\t\t\t\t<\/div>\n\t\t<\/div>\n\n\t\t\n\t\t<div>\n\t\t\t<div class=\"thumbnail\">\n\t\t\t\t<img loading=\"lazy\" decoding=\"async\" width=\"150\" height=\"150\" src=\"https:\/\/pezgordon.com\/msf_dev\/wp-content\/uploads\/2022\/05\/placeholder-150x150.jpg\" class=\"attachment-thumbnail size-thumbnail\" alt=\"\" srcset=\"https:\/\/pezgordon.com\/msf_dev\/wp-content\/uploads\/2022\/05\/placeholder-150x150.jpg 150w, https:\/\/pezgordon.com\/msf_dev\/wp-content\/uploads\/2022\/05\/placeholder-700x439.jpg 700w\" sizes=\"(max-width: 768px) 40px, 700px\" \/>\t\t\t<\/div>\n\t\t\t<div class=\"content\">\n\t\t\t\t<h2 class=\"semi_bold\">Cumplea\u00f1os solidario<\/h2>\n\t\t\t\t<p class=\"hide_mobile\">Qu\u00e9 mejor ocasi\u00f3n que cumplir a\u00f1os para celebrar junto a tus seres queridos y amigos, ayudando a quienes m\u00e1s lo necesitan.<\/p>\n\t\t\t\t\t\t\t\t<a href=\"https:\/\/pezgordon.com\/msf_dev\/colabora\/otras-formas-de-colaborar\/cumpleanos-solidario\/\" title=\"\">Leer m\u00e1s<\/a>\n\t\t\t\t\t\t\t<\/div>\n\t\t<\/div>\n\n\t\t\n\t\t<div>\n\t\t\t<div class=\"thumbnail\">\n\t\t\t\t<img loading=\"lazy\" decoding=\"async\" width=\"150\" height=\"150\" src=\"https:\/\/pezgordon.com\/msf_dev\/wp-content\/uploads\/2023\/03\/opcion_3_1-150x150.png\" class=\"attachment-thumbnail size-thumbnail\" alt=\"\" srcset=\"https:\/\/pezgordon.com\/msf_dev\/wp-content\/uploads\/2023\/03\/opcion_3_1-150x150.png 150w, https:\/\/pezgordon.com\/msf_dev\/wp-content\/uploads\/2023\/03\/opcion_3_1-700x462.png 700w\" sizes=\"(max-width: 768px) 40px, 700px\" \/>\t\t\t<\/div>\n\t\t\t<div class=\"content\">\n\t\t\t\t<h2 class=\"semi_bold\">Tarjetas de fin de a\u00f1o<\/h2>\n\t\t\t\t<p class=\"hide_mobile\">Con tu donaci\u00f3n podr\u00e1s acceder a una tarjeta digital personalizada, para que puedas compartirla con quienes desees y hacerles saber que juntos formamos parte de esta cadena solidaria.<\/p>\n\t\t\t\t\t\t\t\t<a href=\"https:\/\/pezgordon.com\/msf_dev\/colabora\/otras-formas-de-colaborar\/tarjetas-solidarias-de-fin-de-ano\/\" title=\"\">Leer m\u00e1s<\/a>\n\t\t\t\t\t\t\t<\/div>\n\t\t<\/div>\n\n\t\t\n\t\t<div>\n\t\t\t<div class=\"thumbnail\">\n\t\t\t\t<img loading=\"lazy\" decoding=\"async\" width=\"150\" height=\"150\" src=\"https:\/\/pezgordon.com\/msf_dev\/wp-content\/uploads\/2022\/06\/MSB92914.jpgd63763604346-150x150.jpg\" class=\"attachment-thumbnail size-thumbnail\" alt=\"\" srcset=\"https:\/\/pezgordon.com\/msf_dev\/wp-content\/uploads\/2022\/06\/MSB92914.jpgd63763604346-150x150.jpg 150w, https:\/\/pezgordon.com\/msf_dev\/wp-content\/uploads\/2022\/06\/MSB92914.jpgd63763604346-700x458.jpg 700w\" sizes=\"(max-width: 768px) 40px, 700px\" \/>\t\t\t<\/div>\n\t\t\t<div class=\"content\">\n\t\t\t\t<h2 class=\"semi_bold\">Difunde nuestra causa<\/h2>\n\t\t\t\t<p class=\"hide_mobile\">Para nosotros es muy importante hacer llegar nuestro mensaje al m\u00e1ximo n\u00famero de personas posible. Conoce c\u00f3mo puedes ayudarnos a lograrlo.<\/p>\n\t\t\t\t\t\t\t\t<a href=\"https:\/\/pezgordon.com\/msf_dev\/colabora\/otras-formas-de-colaborar\/difunde-nuestra-causa\/\" title=\"\">Leer m\u00e1s<\/a>\n\t\t\t\t\t\t\t<\/div>\n\t\t<\/div>\n\n\t\t\n\t<\/div>\n\n<\/section><\/div><\/div><div id=\"panel-496-0-0-1\" class=\"so-panel widget_text-module\" data-index=\"1\" ><div\n\t\t\t\n\t\t\tclass=\"so-widget-text-module so-widget-text-module-default-d75171398898-496\"\n\t\t\t\n\t\t>\n<section class=\"text-module full-screen mobile-lightgrey desktop-lightgrey wide\" style=\"--backgroundDesktop:var(--lightgrey);--primaryColorDesktop:var(--grey);--secondaryColorDesktop:var(--red);--backgroundMobile:var(--lightgrey);--primaryColorMobile:var(--grey);--secondaryColorMobile:var(--red)\">\n\t\t\t\n\t<div class=\"container\">\n\n\t\t<h2>Si ya eres socio\/a<\/h2>\n<p>\u00a1Muchas gracias por tu apoyo! Si quieres saber c\u00f3mo aumentar tu donaci\u00f3n mensual, o bien necesitas actualizar datos de contacto o medio de pago, puedes hacerlo en los siguientes enlaces:<\/p>\n<p>&nbsp;<\/p>\n<p><a class=\"arrow_link\" href=\"https:\/\/pezgordon.com\/msf_dev\/aumenta-tu-aporte\/\">Aumenta tu donaci\u00f3n<\/a><\/p>\n<p><a class=\"arrow_link\" href=\"https:\/\/pezgordon.com\/msf_dev\/actualizacion-de-datos\/\">Actualiza tus datos<\/a><\/p>\n\n\t<\/div>\n\n<\/section><\/div><\/div><div id=\"panel-496-0-0-2\" class=\"so-panel widget_text-module panel-last-child\" data-index=\"2\" ><div\n\t\t\t\n\t\t\tclass=\"so-widget-text-module so-widget-text-module-default-d75171398898-496\"\n\t\t\t\n\t\t>\n<section class=\"text-module full-screen mobile-lightgrey desktop-lightgrey wide\" style=\"--backgroundDesktop:var(--lightgrey);--primaryColorDesktop:var(--grey);--secondaryColorDesktop:var(--red);--backgroundMobile:var(--lightgrey);--primaryColorMobile:var(--grey);--secondaryColorMobile:var(--red)\">\n\t\t\t\n\t<div class=\"container\">\n\n\t\t<h2>Empresas<\/h2>\n<p>Tu empresa o entidad puede colaborar con nosotros de m\u00e1s de una manera. Muchas veces son complementarias, lo que enriquece a\u00fan m\u00e1s nuestra relaci\u00f3n y maximiza el impacto de la colaboraci\u00f3n. Si quieres saber c\u00f3mo colaborar, o quienes nos apoyan, ve a los siguientes enlaces:<\/p>\n<p><a class=\"arrow_link\" href=\"https:\/\/pezgordon.com\/msf_dev\/empresas\/\">Colaborar como Empresa<\/a><\/p>\n<p><a class=\"arrow_link\" href=\"https:\/\/pezgordon.com\/msf_dev\/empresas-que-nos-apoyan\/\">Empresas que nos apoyan<\/a><\/p>\n\n\t<\/div>\n\n<\/section><\/div><\/div><\/div><\/div><\/div>","protected":false},"excerpt":{"rendered":"<p>El 96% de nuestros ingresos proviene de aportes privados, y nos sostenemos gracias al apoyo de m\u00e1s de 6 millones de socios y colaboradores como t\u00fa en todo el mundo.<\/p>\n","protected":false},"author":1,"featured_media":498,"parent":1143,"menu_order":0,"comment_status":"closed","ping_status":"closed","template":"","meta":{"_acf_changed":false,"footnotes":""},"class_list":["post-496","page","type-page","status-publish","has-post-thumbnail","hentry"],"acf":[],"yoast_head":"<!-- This site is optimized with the Yoast SEO plugin v23.0 - https:\/\/yoast.com\/wordpress\/plugins\/seo\/ -->\n<title>Otras formas de colaborar - M\u00e9dicos Sin Fronteras Colombia | Ayuda m\u00e9dico-humanitaria<\/title>\n<meta name=\"robots\" content=\"noindex, follow, max-snippet:-1, max-image-preview:large, max-video-preview:-1\" \/>\n<meta property=\"og:locale\" content=\"es_ES\" \/>\n<meta property=\"og:type\" content=\"article\" \/>\n<meta property=\"og:title\" content=\"Otras formas de colaborar - M\u00e9dicos Sin Fronteras Colombia | Ayuda m\u00e9dico-humanitaria\" \/>\n<meta property=\"og:description\" content=\"El 96% de nuestros ingresos proviene de aportes privados, y nos sostenemos gracias al apoyo de m\u00e1s de 6 millones de socios y colaboradores como t\u00fa en todo el mundo.\" \/>\n<meta property=\"og:url\" content=\"https:\/\/pezgordon.com\/msf_dev\/colabora\/otras-formas-de-colaborar\/\" \/>\n<meta property=\"og:site_name\" content=\"M\u00e9dicos Sin Fronteras Colombia | Ayuda m\u00e9dico-humanitaria\" \/>\n<meta property=\"article:publisher\" content=\"https:\/\/www.facebook.com\/medicossinfronteras.ong\" \/>\n<meta property=\"article:modified_time\" content=\"2023-05-10T15:18:05+00:00\" \/>\n<meta property=\"og:image\" content=\"https:\/\/pezgordon.com\/msf_dev\/wp-content\/uploads\/2023\/03\/colaborar.jpg\" \/>\n\t<meta property=\"og:image:width\" content=\"1920\" \/>\n\t<meta property=\"og:image:height\" content=\"1280\" \/>\n\t<meta property=\"og:image:type\" content=\"image\/jpeg\" \/>\n<meta name=\"twitter:card\" content=\"summary_large_image\" \/>\n<meta name=\"twitter:site\" content=\"@MSF_Colombia\" \/>\n<script type=\"application\/ld+json\" class=\"yoast-schema-graph\">{\"@context\":\"https:\/\/schema.org\",\"@graph\":[{\"@type\":\"WebPage\",\"@id\":\"https:\/\/pezgordon.com\/msf_dev\/colabora\/otras-formas-de-colaborar\/\",\"url\":\"https:\/\/pezgordon.com\/msf_dev\/colabora\/otras-formas-de-colaborar\/\",\"name\":\"Otras formas de colaborar - M\u00e9dicos Sin Fronteras Colombia | Ayuda m\u00e9dico-humanitaria\",\"isPartOf\":{\"@id\":\"https:\/\/pezgordon.com\/msf_dev\/#website\"},\"primaryImageOfPage\":{\"@id\":\"https:\/\/pezgordon.com\/msf_dev\/colabora\/otras-formas-de-colaborar\/#primaryimage\"},\"image\":{\"@id\":\"https:\/\/pezgordon.com\/msf_dev\/colabora\/otras-formas-de-colaborar\/#primaryimage\"},\"thumbnailUrl\":\"https:\/\/pezgordon.com\/msf_dev\/wp-content\/uploads\/2023\/03\/colaborar.jpg\",\"datePublished\":\"2023-03-29T14:42:40+00:00\",\"dateModified\":\"2023-05-10T15:18:05+00:00\",\"breadcrumb\":{\"@id\":\"https:\/\/pezgordon.com\/msf_dev\/colabora\/otras-formas-de-colaborar\/#breadcrumb\"},\"inLanguage\":\"es\",\"potentialAction\":[{\"@type\":\"ReadAction\",\"target\":[\"https:\/\/pezgordon.com\/msf_dev\/colabora\/otras-formas-de-colaborar\/\"]}]},{\"@type\":\"ImageObject\",\"inLanguage\":\"es\",\"@id\":\"https:\/\/pezgordon.com\/msf_dev\/colabora\/otras-formas-de-colaborar\/#primaryimage\",\"url\":\"https:\/\/pezgordon.com\/msf_dev\/wp-content\/uploads\/2023\/03\/colaborar.jpg\",\"contentUrl\":\"https:\/\/pezgordon.com\/msf_dev\/wp-content\/uploads\/2023\/03\/colaborar.jpg\",\"width\":1920,\"height\":1280},{\"@type\":\"BreadcrumbList\",\"@id\":\"https:\/\/pezgordon.com\/msf_dev\/colabora\/otras-formas-de-colaborar\/#breadcrumb\",\"itemListElement\":[{\"@type\":\"ListItem\",\"position\":1,\"name\":\"Home\",\"item\":\"https:\/\/pezgordon.com\/msf_dev\/\"},{\"@type\":\"ListItem\",\"position\":2,\"name\":\"Colabora\",\"item\":\"https:\/\/pezgordon.com\/msf_dev\/colabora\/\"},{\"@type\":\"ListItem\",\"position\":3,\"name\":\"Otras formas de colaborar\"}]},{\"@type\":\"WebSite\",\"@id\":\"https:\/\/pezgordon.com\/msf_dev\/#website\",\"url\":\"https:\/\/pezgordon.com\/msf_dev\/\",\"name\":\"M\u00e9dicos Sin Fronteras Colombia | Ayuda m\u00e9dico-humanitaria\",\"description\":\"\",\"publisher\":{\"@id\":\"https:\/\/pezgordon.com\/msf_dev\/#organization\"},\"potentialAction\":[{\"@type\":\"SearchAction\",\"target\":{\"@type\":\"EntryPoint\",\"urlTemplate\":\"https:\/\/pezgordon.com\/msf_dev\/?s={search_term_string}\"},\"query-input\":\"required name=search_term_string\"}],\"inLanguage\":\"es\"},{\"@type\":\"Organization\",\"@id\":\"https:\/\/pezgordon.com\/msf_dev\/#organization\",\"name\":\"M\u00e9dicos Sin Fronteras Colombia\",\"alternateName\":\"MSF\",\"url\":\"https:\/\/pezgordon.com\/msf_dev\/\",\"logo\":{\"@type\":\"ImageObject\",\"inLanguage\":\"es\",\"@id\":\"https:\/\/pezgordon.com\/msf_dev\/#\/schema\/logo\/image\/\",\"url\":\"https:\/\/pezgordon.com\/msf_dev\/wp-content\/uploads\/2023\/05\/msf_organization.png\",\"contentUrl\":\"https:\/\/pezgordon.com\/msf_dev\/wp-content\/uploads\/2023\/05\/msf_organization.png\",\"width\":120,\"height\":120,\"caption\":\"M\u00e9dicos Sin Fronteras Colombia\"},\"image\":{\"@id\":\"https:\/\/pezgordon.com\/msf_dev\/#\/schema\/logo\/image\/\"},\"sameAs\":[\"https:\/\/www.facebook.com\/medicossinfronteras.ong\",\"https:\/\/x.com\/MSF_Colombia\",\"https:\/\/www.youtube.com\/user\/MedicosSinFronteras\",\"https:\/\/www.tiktok.com\/@medicossinfronteras\",\"https:\/\/www.instagram.com\/msf_sudamerica\",\"https:\/\/www.linkedin.com\/company\/msf-latam\/mycompany\/\"]}]}<\/script>\n<!-- \/ Yoast SEO plugin. -->","yoast_head_json":{"title":"Otras formas de colaborar - M\u00e9dicos Sin Fronteras Colombia | Ayuda m\u00e9dico-humanitaria","robots":{"index":"noindex","follow":"follow","max-snippet":"max-snippet:-1","max-image-preview":"max-image-preview:large","max-video-preview":"max-video-preview:-1"},"og_locale":"es_ES","og_type":"article","og_title":"Otras formas de colaborar - M\u00e9dicos Sin Fronteras Colombia | Ayuda m\u00e9dico-humanitaria","og_description":"El 96% de nuestros ingresos proviene de aportes privados, y nos sostenemos gracias al apoyo de m\u00e1s de 6 millones de socios y colaboradores como t\u00fa en todo el mundo.","og_url":"https:\/\/pezgordon.com\/msf_dev\/colabora\/otras-formas-de-colaborar\/","og_site_name":"M\u00e9dicos Sin Fronteras Colombia | Ayuda m\u00e9dico-humanitaria","article_publisher":"https:\/\/www.facebook.com\/medicossinfronteras.ong","article_modified_time":"2023-05-10T15:18:05+00:00","og_image":[{"width":1920,"height":1280,"url":"https:\/\/pezgordon.com\/msf_dev\/wp-content\/uploads\/2023\/03\/colaborar.jpg","type":"image\/jpeg"}],"twitter_card":"summary_large_image","twitter_site":"@MSF_Colombia","schema":{"@context":"https:\/\/schema.org","@graph":[{"@type":"WebPage","@id":"https:\/\/pezgordon.com\/msf_dev\/colabora\/otras-formas-de-colaborar\/","url":"https:\/\/pezgordon.com\/msf_dev\/colabora\/otras-formas-de-colaborar\/","name":"Otras formas de colaborar - M\u00e9dicos Sin Fronteras Colombia | Ayuda m\u00e9dico-humanitaria","isPartOf":{"@id":"https:\/\/pezgordon.com\/msf_dev\/#website"},"primaryImageOfPage":{"@id":"https:\/\/pezgordon.com\/msf_dev\/colabora\/otras-formas-de-colaborar\/#primaryimage"},"image":{"@id":"https:\/\/pezgordon.com\/msf_dev\/colabora\/otras-formas-de-colaborar\/#primaryimage"},"thumbnailUrl":"https:\/\/pezgordon.com\/msf_dev\/wp-content\/uploads\/2023\/03\/colaborar.jpg","datePublished":"2023-03-29T14:42:40+00:00","dateModified":"2023-05-10T15:18:05+00:00","breadcrumb":{"@id":"https:\/\/pezgordon.com\/msf_dev\/colabora\/otras-formas-de-colaborar\/#breadcrumb"},"inLanguage":"es","potentialAction":[{"@type":"ReadAction","target":["https:\/\/pezgordon.com\/msf_dev\/colabora\/otras-formas-de-colaborar\/"]}]},{"@type":"ImageObject","inLanguage":"es","@id":"https:\/\/pezgordon.com\/msf_dev\/colabora\/otras-formas-de-colaborar\/#primaryimage","url":"https:\/\/pezgordon.com\/msf_dev\/wp-content\/uploads\/2023\/03\/colaborar.jpg","contentUrl":"https:\/\/pezgordon.com\/msf_dev\/wp-content\/uploads\/2023\/03\/colaborar.jpg","width":1920,"height":1280},{"@type":"BreadcrumbList","@id":"https:\/\/pezgordon.com\/msf_dev\/colabora\/otras-formas-de-colaborar\/#breadcrumb","itemListElement":[{"@type":"ListItem","position":1,"name":"Home","item":"https:\/\/pezgordon.com\/msf_dev\/"},{"@type":"ListItem","position":2,"name":"Colabora","item":"https:\/\/pezgordon.com\/msf_dev\/colabora\/"},{"@type":"ListItem","position":3,"name":"Otras formas de colaborar"}]},{"@type":"WebSite","@id":"https:\/\/pezgordon.com\/msf_dev\/#website","url":"https:\/\/pezgordon.com\/msf_dev\/","name":"M\u00e9dicos Sin Fronteras Colombia | Ayuda m\u00e9dico-humanitaria","description":"","publisher":{"@id":"https:\/\/pezgordon.com\/msf_dev\/#organization"},"potentialAction":[{"@type":"SearchAction","target":{"@type":"EntryPoint","urlTemplate":"https:\/\/pezgordon.com\/msf_dev\/?s={search_term_string}"},"query-input":"required name=search_term_string"}],"inLanguage":"es"},{"@type":"Organization","@id":"https:\/\/pezgordon.com\/msf_dev\/#organization","name":"M\u00e9dicos Sin Fronteras Colombia","alternateName":"MSF","url":"https:\/\/pezgordon.com\/msf_dev\/","logo":{"@type":"ImageObject","inLanguage":"es","@id":"https:\/\/pezgordon.com\/msf_dev\/#\/schema\/logo\/image\/","url":"https:\/\/pezgordon.com\/msf_dev\/wp-content\/uploads\/2023\/05\/msf_organization.png","contentUrl":"https:\/\/pezgordon.com\/msf_dev\/wp-content\/uploads\/2023\/05\/msf_organization.png","width":120,"height":120,"caption":"M\u00e9dicos Sin Fronteras Colombia"},"image":{"@id":"https:\/\/pezgordon.com\/msf_dev\/#\/schema\/logo\/image\/"},"sameAs":["https:\/\/www.facebook.com\/medicossinfronteras.ong","https:\/\/x.com\/MSF_Colombia","https:\/\/www.youtube.com\/user\/MedicosSinFronteras","https:\/\/www.tiktok.com\/@medicossinfronteras","https:\/\/www.instagram.com\/msf_sudamerica","https:\/\/www.linkedin.com\/company\/msf-latam\/mycompany\/"]}]}},"_links":{"self":[{"href":"https:\/\/pezgordon.com\/msf_dev\/wp-json\/wp\/v2\/pages\/496"}],"collection":[{"href":"https:\/\/pezgordon.com\/msf_dev\/wp-json\/wp\/v2\/pages"}],"about":[{"href":"https:\/\/pezgordon.com\/msf_dev\/wp-json\/wp\/v2\/types\/page"}],"author":[{"embeddable":true,"href":"https:\/\/pezgordon.com\/msf_dev\/wp-json\/wp\/v2\/users\/1"}],"replies":[{"embeddable":true,"href":"https:\/\/pezgordon.com\/msf_dev\/wp-json\/wp\/v2\/comments?post=496"}],"version-history":[{"count":73,"href":"https:\/\/pezgordon.com\/msf_dev\/wp-json\/wp\/v2\/pages\/496\/revisions"}],"predecessor-version":[{"id":2426,"href":"https:\/\/pezgordon.com\/msf_dev\/wp-json\/wp\/v2\/pages\/496\/revisions\/2426"}],"up":[{"embeddable":true,"href":"https:\/\/pezgordon.com\/msf_dev\/wp-json\/wp\/v2\/pages\/1143"}],"wp:featuredmedia":[{"embeddable":true,"href":"https:\/\/pezgordon.com\/msf_dev\/wp-json\/wp\/v2\/media\/498"}],"wp:attachment":[{"href":"https:\/\/pezgordon.com\/msf_dev\/wp-json\/wp\/v2\/media?parent=496"}],"curies":[{"name":"wp","href":"https:\/\/api.w.org\/{rel}","templated":true}]}}