{"id":403,"date":"2023-03-23T12:50:37","date_gmt":"2023-03-23T15:50:37","guid":{"rendered":"https:\/\/pezgordon.com\/msf_dev\/?page_id=403"},"modified":"2023-05-09T15:49:32","modified_gmt":"2023-05-09T18:49:32","slug":"nuestro-activismo","status":"publish","type":"page","link":"https:\/\/pezgordon.com\/msf_dev\/conocenos\/que-hacemos\/nuestro-activismo\/","title":{"rendered":"Nuestro activismo"},"content":{"rendered":"<div id=\"pl-403\"  class=\"panel-layout\" ><div id=\"pg-403-0\"  class=\"panel-grid panel-no-style\" ><div id=\"pgc-403-0-0\"  class=\"panel-grid-cell\" ><div id=\"panel-403-0-0-0\" class=\"so-panel widget_text-module panel-first-child\" data-index=\"0\" ><div\n\t\t\t\n\t\t\tclass=\"so-widget-text-module so-widget-text-module-default-d75171398898-403\"\n\t\t\t\n\t\t>\n<section class=\"text-module full-screen mobile-white desktop-white wide\" style=\"--backgroundDesktop:var(--white);--primaryColorDesktop:var(--grey);--secondaryColorDesktop:var(--red);--backgroundMobile:var(--white);--primaryColorMobile:var(--grey);--secondaryColorMobile:var(--red)\">\n\t\t\t\n\t<div class=\"container\">\n\n\t\t<p>Nuestra organizaci\u00f3n fue creada por m\u00e9dicos y periodistas, por lo que tenemos una doble misi\u00f3n social: dar atenci\u00f3n m\u00e9dica y brindar testimonio.<\/p>\n<p>En nuestros proyectos, somos testigos de primera mano del sufrimiento de las personas a las que asistimos y por esto podemos exponer p\u00fablicamente- y desde la independencia de cualquier inter\u00e9s pol\u00edtico, econ\u00f3mico o religioso- las responsabilidades de quienes causan estas crisis, de quienes tienen capacidad de influencia en las mismas o de aquellos que tienen la responsabilidad primera de responder.<\/p>\n<p>El testimonio es inc\u00f3modo y nos hemos enfrentado muchas veces a un dif\u00edcil dilema: callar para poder seguir prestando asistencia m\u00e9dica, o hablar y arriesgarnos a ser expulsados.<\/p>\n<p>El 10 de diciembre de 1999, nuestra organizaci\u00f3n recibi\u00f3 el Premio Nobel de la Paz. El discurso que dio el doctor James Orbinski nos inspira todav\u00eda hoy. Seguimos alzando la voz y ayudando a las personas que m\u00e1s lo necesitan.<\/p>\n\n\t<\/div>\n\n<\/section><\/div><\/div><div id=\"panel-403-0-0-1\" class=\"so-panel widget_links-module panel-last-child\" data-index=\"1\" ><div\n\t\t\t\n\t\t\tclass=\"so-widget-links-module so-widget-links-module-default-d75171398898-403\"\n\t\t\t\n\t\t>\n<section class=\"pages-grid\">\n\n\t\t<h3 class=\"c-red hide_desktop\">M\u00e1s informaci\u00f3n <\/h3>\n\t\n\t\n\t<div class=\"grid\">\n\n\t\t\n\t\t<div>\n\t\t\t<div class=\"thumbnail\">\n\t\t\t\t<img loading=\"lazy\" decoding=\"async\" width=\"150\" height=\"150\" src=\"https:\/\/pezgordon.com\/msf_dev\/wp-content\/uploads\/2023\/04\/MSB149039_Medium-150x150.jpg\" class=\"attachment-thumbnail size-thumbnail\" alt=\"\" srcset=\"https:\/\/pezgordon.com\/msf_dev\/wp-content\/uploads\/2023\/04\/MSB149039_Medium-150x150.jpg 150w, https:\/\/pezgordon.com\/msf_dev\/wp-content\/uploads\/2023\/04\/MSB149039_Medium-700x467.jpg 700w\" sizes=\"(max-width: 768px) 40px, 700px\" \/>\t\t\t<\/div>\n\t\t\t<div class=\"content\">\n\t\t\t\t<h2 class=\"semi_bold\">C\u00f3mo enviamos ayuda<\/h2>\n\t\t\t\t<p class=\"hide_mobile\">Para poder responder r\u00e1pidamente a las emergencias y mantener nuestros proyectos regulares en m\u00e1s de 70 pa\u00edses, contamos con una red de log\u00edstica profesionalizada.<\/p>\n\t\t\t\t\t\t\t\t<a href=\"https:\/\/pezgordon.com\/msf_dev\/conocenos\/que-hacemos\/como-enviamos-la-ayuda\/\" title=\"\">Leer m\u00e1s<\/a>\n\t\t\t\t\t\t\t<\/div>\n\t\t<\/div>\n\n\t\t\n\t\t<div>\n\t\t\t<div class=\"thumbnail\">\n\t\t\t\t<img loading=\"lazy\" decoding=\"async\" width=\"150\" height=\"150\" src=\"https:\/\/pezgordon.com\/msf_dev\/wp-content\/uploads\/2023\/04\/WhatsApp-Image-2022-11-10-at-4.59.00-PM-150x150.jpeg\" class=\"attachment-thumbnail size-thumbnail\" alt=\"\" srcset=\"https:\/\/pezgordon.com\/msf_dev\/wp-content\/uploads\/2023\/04\/WhatsApp-Image-2022-11-10-at-4.59.00-PM-150x150.jpeg 150w, https:\/\/pezgordon.com\/msf_dev\/wp-content\/uploads\/2023\/04\/WhatsApp-Image-2022-11-10-at-4.59.00-PM-700x394.jpeg 700w\" sizes=\"(max-width: 768px) 40px, 700px\" \/>\t\t\t<\/div>\n\t\t\t<div class=\"content\">\n\t\t\t\t<h2 class=\"semi_bold\">Nuestro trabajo en Colombia<\/h2>\n\t\t\t\t<p class=\"hide_mobile\">Nos encontramos en las regiones de Baud\u00f3 y San Juan (Choc\u00f3), con proyectos descentralizados de salud y respuesta sanitaria a emergencias.<\/p>\n\t\t\t\t\t\t\t\t<a href=\"https:\/\/pezgordon.com\/msf_dev\/conocenos\/que-hacemos\/nuestro-trabajo-en-colombia\/\" title=\"\">Leer m\u00e1s<\/a>\n\t\t\t\t\t\t\t<\/div>\n\t\t<\/div>\n\n\t\t\n\t<\/div>\n\n<\/section><\/div><\/div><\/div><\/div><\/div>","protected":false},"excerpt":{"rendered":"<p>\u00abNo estamos seguros de que la palabra siempre salve vidas, pero s\u00ed sabemos con certeza que el silencio mata\u00bb.<\/p>\n","protected":false},"author":1,"featured_media":319,"parent":489,"menu_order":0,"comment_status":"closed","ping_status":"closed","template":"","meta":{"_acf_changed":false,"footnotes":""},"class_list":["post-403","page","type-page","status-publish","has-post-thumbnail","hentry"],"acf":[],"yoast_head":"<!-- This site is optimized with the Yoast SEO plugin v23.0 - https:\/\/yoast.com\/wordpress\/plugins\/seo\/ -->\n<title>Nuestro activismo - M\u00e9dicos Sin Fronteras Colombia | Ayuda m\u00e9dico-humanitaria<\/title>\n<meta name=\"robots\" content=\"noindex, follow, max-snippet:-1, max-image-preview:large, max-video-preview:-1\" \/>\n<meta property=\"og:locale\" content=\"es_ES\" \/>\n<meta property=\"og:type\" content=\"article\" \/>\n<meta property=\"og:title\" content=\"Nuestro activismo - M\u00e9dicos Sin Fronteras Colombia | Ayuda m\u00e9dico-humanitaria\" \/>\n<meta property=\"og:description\" content=\"&quot;No estamos seguros de que la palabra siempre salve vidas, pero s\u00ed sabemos con certeza que el silencio mata&quot;.\" \/>\n<meta property=\"og:url\" content=\"https:\/\/pezgordon.com\/msf_dev\/conocenos\/que-hacemos\/nuestro-activismo\/\" \/>\n<meta property=\"og:site_name\" content=\"M\u00e9dicos Sin Fronteras Colombia | Ayuda m\u00e9dico-humanitaria\" \/>\n<meta property=\"article:publisher\" content=\"https:\/\/www.facebook.com\/medicossinfronteras.ong\" \/>\n<meta property=\"article:modified_time\" content=\"2023-05-09T18:49:32+00:00\" \/>\n<meta property=\"og:image\" content=\"https:\/\/pezgordon.com\/msf_dev\/wp-content\/uploads\/2022\/11\/msb127712_campo_para_personas_desplazadas_internamente_gorom_gorom_burkina_faso.jpg\" \/>\n\t<meta property=\"og:image:width\" content=\"1000\" \/>\n\t<meta property=\"og:image:height\" content=\"667\" \/>\n\t<meta property=\"og:image:type\" content=\"image\/jpeg\" \/>\n<meta name=\"twitter:card\" content=\"summary_large_image\" \/>\n<meta name=\"twitter:site\" content=\"@MSF_Colombia\" \/>\n<script type=\"application\/ld+json\" class=\"yoast-schema-graph\">{\"@context\":\"https:\/\/schema.org\",\"@graph\":[{\"@type\":\"WebPage\",\"@id\":\"https:\/\/pezgordon.com\/msf_dev\/conocenos\/que-hacemos\/nuestro-activismo\/\",\"url\":\"https:\/\/pezgordon.com\/msf_dev\/conocenos\/que-hacemos\/nuestro-activismo\/\",\"name\":\"Nuestro activismo - M\u00e9dicos Sin Fronteras Colombia | Ayuda m\u00e9dico-humanitaria\",\"isPartOf\":{\"@id\":\"https:\/\/pezgordon.com\/msf_dev\/#website\"},\"primaryImageOfPage\":{\"@id\":\"https:\/\/pezgordon.com\/msf_dev\/conocenos\/que-hacemos\/nuestro-activismo\/#primaryimage\"},\"image\":{\"@id\":\"https:\/\/pezgordon.com\/msf_dev\/conocenos\/que-hacemos\/nuestro-activismo\/#primaryimage\"},\"thumbnailUrl\":\"https:\/\/pezgordon.com\/msf_dev\/wp-content\/uploads\/2022\/11\/msb127712_campo_para_personas_desplazadas_internamente_gorom_gorom_burkina_faso.jpg\",\"datePublished\":\"2023-03-23T15:50:37+00:00\",\"dateModified\":\"2023-05-09T18:49:32+00:00\",\"breadcrumb\":{\"@id\":\"https:\/\/pezgordon.com\/msf_dev\/conocenos\/que-hacemos\/nuestro-activismo\/#breadcrumb\"},\"inLanguage\":\"es\",\"potentialAction\":[{\"@type\":\"ReadAction\",\"target\":[\"https:\/\/pezgordon.com\/msf_dev\/conocenos\/que-hacemos\/nuestro-activismo\/\"]}]},{\"@type\":\"ImageObject\",\"inLanguage\":\"es\",\"@id\":\"https:\/\/pezgordon.com\/msf_dev\/conocenos\/que-hacemos\/nuestro-activismo\/#primaryimage\",\"url\":\"https:\/\/pezgordon.com\/msf_dev\/wp-content\/uploads\/2022\/11\/msb127712_campo_para_personas_desplazadas_internamente_gorom_gorom_burkina_faso.jpg\",\"contentUrl\":\"https:\/\/pezgordon.com\/msf_dev\/wp-content\/uploads\/2022\/11\/msb127712_campo_para_personas_desplazadas_internamente_gorom_gorom_burkina_faso.jpg\",\"width\":1000,\"height\":667},{\"@type\":\"BreadcrumbList\",\"@id\":\"https:\/\/pezgordon.com\/msf_dev\/conocenos\/que-hacemos\/nuestro-activismo\/#breadcrumb\",\"itemListElement\":[{\"@type\":\"ListItem\",\"position\":1,\"name\":\"Home\",\"item\":\"https:\/\/pezgordon.com\/msf_dev\/\"},{\"@type\":\"ListItem\",\"position\":2,\"name\":\"Con\u00f3cenos\",\"item\":\"https:\/\/pezgordon.com\/msf_dev\/conocenos\/\"},{\"@type\":\"ListItem\",\"position\":3,\"name\":\"Qu\u00e9 hacemos\",\"item\":\"https:\/\/pezgordon.com\/msf_dev\/conocenos\/que-hacemos\/\"},{\"@type\":\"ListItem\",\"position\":4,\"name\":\"Nuestro activismo\"}]},{\"@type\":\"WebSite\",\"@id\":\"https:\/\/pezgordon.com\/msf_dev\/#website\",\"url\":\"https:\/\/pezgordon.com\/msf_dev\/\",\"name\":\"M\u00e9dicos Sin Fronteras Colombia | Ayuda m\u00e9dico-humanitaria\",\"description\":\"\",\"publisher\":{\"@id\":\"https:\/\/pezgordon.com\/msf_dev\/#organization\"},\"potentialAction\":[{\"@type\":\"SearchAction\",\"target\":{\"@type\":\"EntryPoint\",\"urlTemplate\":\"https:\/\/pezgordon.com\/msf_dev\/?s={search_term_string}\"},\"query-input\":\"required name=search_term_string\"}],\"inLanguage\":\"es\"},{\"@type\":\"Organization\",\"@id\":\"https:\/\/pezgordon.com\/msf_dev\/#organization\",\"name\":\"M\u00e9dicos Sin Fronteras Colombia\",\"alternateName\":\"MSF\",\"url\":\"https:\/\/pezgordon.com\/msf_dev\/\",\"logo\":{\"@type\":\"ImageObject\",\"inLanguage\":\"es\",\"@id\":\"https:\/\/pezgordon.com\/msf_dev\/#\/schema\/logo\/image\/\",\"url\":\"https:\/\/pezgordon.com\/msf_dev\/wp-content\/uploads\/2023\/05\/msf_organization.png\",\"contentUrl\":\"https:\/\/pezgordon.com\/msf_dev\/wp-content\/uploads\/2023\/05\/msf_organization.png\",\"width\":120,\"height\":120,\"caption\":\"M\u00e9dicos Sin Fronteras Colombia\"},\"image\":{\"@id\":\"https:\/\/pezgordon.com\/msf_dev\/#\/schema\/logo\/image\/\"},\"sameAs\":[\"https:\/\/www.facebook.com\/medicossinfronteras.ong\",\"https:\/\/x.com\/MSF_Colombia\",\"https:\/\/www.youtube.com\/user\/MedicosSinFronteras\",\"https:\/\/www.tiktok.com\/@medicossinfronteras\",\"https:\/\/www.instagram.com\/msf_sudamerica\",\"https:\/\/www.linkedin.com\/company\/msf-latam\/mycompany\/\"]}]}<\/script>\n<!-- \/ Yoast SEO plugin. -->","yoast_head_json":{"title":"Nuestro activismo - M\u00e9dicos Sin Fronteras Colombia | Ayuda m\u00e9dico-humanitaria","robots":{"index":"noindex","follow":"follow","max-snippet":"max-snippet:-1","max-image-preview":"max-image-preview:large","max-video-preview":"max-video-preview:-1"},"og_locale":"es_ES","og_type":"article","og_title":"Nuestro activismo - M\u00e9dicos Sin Fronteras Colombia | Ayuda m\u00e9dico-humanitaria","og_description":"\"No estamos seguros de que la palabra siempre salve vidas, pero s\u00ed sabemos con certeza que el silencio mata\".","og_url":"https:\/\/pezgordon.com\/msf_dev\/conocenos\/que-hacemos\/nuestro-activismo\/","og_site_name":"M\u00e9dicos Sin Fronteras Colombia | Ayuda m\u00e9dico-humanitaria","article_publisher":"https:\/\/www.facebook.com\/medicossinfronteras.ong","article_modified_time":"2023-05-09T18:49:32+00:00","og_image":[{"width":1000,"height":667,"url":"https:\/\/pezgordon.com\/msf_dev\/wp-content\/uploads\/2022\/11\/msb127712_campo_para_personas_desplazadas_internamente_gorom_gorom_burkina_faso.jpg","type":"image\/jpeg"}],"twitter_card":"summary_large_image","twitter_site":"@MSF_Colombia","schema":{"@context":"https:\/\/schema.org","@graph":[{"@type":"WebPage","@id":"https:\/\/pezgordon.com\/msf_dev\/conocenos\/que-hacemos\/nuestro-activismo\/","url":"https:\/\/pezgordon.com\/msf_dev\/conocenos\/que-hacemos\/nuestro-activismo\/","name":"Nuestro activismo - M\u00e9dicos Sin Fronteras Colombia | Ayuda m\u00e9dico-humanitaria","isPartOf":{"@id":"https:\/\/pezgordon.com\/msf_dev\/#website"},"primaryImageOfPage":{"@id":"https:\/\/pezgordon.com\/msf_dev\/conocenos\/que-hacemos\/nuestro-activismo\/#primaryimage"},"image":{"@id":"https:\/\/pezgordon.com\/msf_dev\/conocenos\/que-hacemos\/nuestro-activismo\/#primaryimage"},"thumbnailUrl":"https:\/\/pezgordon.com\/msf_dev\/wp-content\/uploads\/2022\/11\/msb127712_campo_para_personas_desplazadas_internamente_gorom_gorom_burkina_faso.jpg","datePublished":"2023-03-23T15:50:37+00:00","dateModified":"2023-05-09T18:49:32+00:00","breadcrumb":{"@id":"https:\/\/pezgordon.com\/msf_dev\/conocenos\/que-hacemos\/nuestro-activismo\/#breadcrumb"},"inLanguage":"es","potentialAction":[{"@type":"ReadAction","target":["https:\/\/pezgordon.com\/msf_dev\/conocenos\/que-hacemos\/nuestro-activismo\/"]}]},{"@type":"ImageObject","inLanguage":"es","@id":"https:\/\/pezgordon.com\/msf_dev\/conocenos\/que-hacemos\/nuestro-activismo\/#primaryimage","url":"https:\/\/pezgordon.com\/msf_dev\/wp-content\/uploads\/2022\/11\/msb127712_campo_para_personas_desplazadas_internamente_gorom_gorom_burkina_faso.jpg","contentUrl":"https:\/\/pezgordon.com\/msf_dev\/wp-content\/uploads\/2022\/11\/msb127712_campo_para_personas_desplazadas_internamente_gorom_gorom_burkina_faso.jpg","width":1000,"height":667},{"@type":"BreadcrumbList","@id":"https:\/\/pezgordon.com\/msf_dev\/conocenos\/que-hacemos\/nuestro-activismo\/#breadcrumb","itemListElement":[{"@type":"ListItem","position":1,"name":"Home","item":"https:\/\/pezgordon.com\/msf_dev\/"},{"@type":"ListItem","position":2,"name":"Con\u00f3cenos","item":"https:\/\/pezgordon.com\/msf_dev\/conocenos\/"},{"@type":"ListItem","position":3,"name":"Qu\u00e9 hacemos","item":"https:\/\/pezgordon.com\/msf_dev\/conocenos\/que-hacemos\/"},{"@type":"ListItem","position":4,"name":"Nuestro activismo"}]},{"@type":"WebSite","@id":"https:\/\/pezgordon.com\/msf_dev\/#website","url":"https:\/\/pezgordon.com\/msf_dev\/","name":"M\u00e9dicos Sin Fronteras Colombia | Ayuda m\u00e9dico-humanitaria","description":"","publisher":{"@id":"https:\/\/pezgordon.com\/msf_dev\/#organization"},"potentialAction":[{"@type":"SearchAction","target":{"@type":"EntryPoint","urlTemplate":"https:\/\/pezgordon.com\/msf_dev\/?s={search_term_string}"},"query-input":"required name=search_term_string"}],"inLanguage":"es"},{"@type":"Organization","@id":"https:\/\/pezgordon.com\/msf_dev\/#organization","name":"M\u00e9dicos Sin Fronteras Colombia","alternateName":"MSF","url":"https:\/\/pezgordon.com\/msf_dev\/","logo":{"@type":"ImageObject","inLanguage":"es","@id":"https:\/\/pezgordon.com\/msf_dev\/#\/schema\/logo\/image\/","url":"https:\/\/pezgordon.com\/msf_dev\/wp-content\/uploads\/2023\/05\/msf_organization.png","contentUrl":"https:\/\/pezgordon.com\/msf_dev\/wp-content\/uploads\/2023\/05\/msf_organization.png","width":120,"height":120,"caption":"M\u00e9dicos Sin Fronteras Colombia"},"image":{"@id":"https:\/\/pezgordon.com\/msf_dev\/#\/schema\/logo\/image\/"},"sameAs":["https:\/\/www.facebook.com\/medicossinfronteras.ong","https:\/\/x.com\/MSF_Colombia","https:\/\/www.youtube.com\/user\/MedicosSinFronteras","https:\/\/www.tiktok.com\/@medicossinfronteras","https:\/\/www.instagram.com\/msf_sudamerica","https:\/\/www.linkedin.com\/company\/msf-latam\/mycompany\/"]}]}},"_links":{"self":[{"href":"https:\/\/pezgordon.com\/msf_dev\/wp-json\/wp\/v2\/pages\/403"}],"collection":[{"href":"https:\/\/pezgordon.com\/msf_dev\/wp-json\/wp\/v2\/pages"}],"about":[{"href":"https:\/\/pezgordon.com\/msf_dev\/wp-json\/wp\/v2\/types\/page"}],"author":[{"embeddable":true,"href":"https:\/\/pezgordon.com\/msf_dev\/wp-json\/wp\/v2\/users\/1"}],"replies":[{"embeddable":true,"href":"https:\/\/pezgordon.com\/msf_dev\/wp-json\/wp\/v2\/comments?post=403"}],"version-history":[{"count":47,"href":"https:\/\/pezgordon.com\/msf_dev\/wp-json\/wp\/v2\/pages\/403\/revisions"}],"predecessor-version":[{"id":2384,"href":"https:\/\/pezgordon.com\/msf_dev\/wp-json\/wp\/v2\/pages\/403\/revisions\/2384"}],"up":[{"embeddable":true,"href":"https:\/\/pezgordon.com\/msf_dev\/wp-json\/wp\/v2\/pages\/489"}],"wp:featuredmedia":[{"embeddable":true,"href":"https:\/\/pezgordon.com\/msf_dev\/wp-json\/wp\/v2\/media\/319"}],"wp:attachment":[{"href":"https:\/\/pezgordon.com\/msf_dev\/wp-json\/wp\/v2\/media?parent=403"}],"curies":[{"name":"wp","href":"https:\/\/api.w.org\/{rel}","templated":true}]}}