{"id":385,"date":"2023-03-23T12:31:39","date_gmt":"2023-03-23T15:31:39","guid":{"rendered":"https:\/\/pezgordon.com\/msf_dev\/?page_id=385"},"modified":"2023-05-15T15:29:04","modified_gmt":"2023-05-15T18:29:04","slug":"historia","status":"publish","type":"page","link":"https:\/\/pezgordon.com\/msf_dev\/conocenos\/quienes-somos\/historia\/","title":{"rendered":"Historia"},"content":{"rendered":"<div id=\"pl-385\"  class=\"panel-layout\" ><div id=\"pg-385-0\"  class=\"panel-grid panel-no-style\" ><div id=\"pgc-385-0-0\"  class=\"panel-grid-cell\" ><div id=\"panel-385-0-0-0\" class=\"so-panel widget_blocks-module panel-first-child\" data-index=\"0\" ><div\n\t\t\t\n\t\t\tclass=\"so-widget-blocks-module so-widget-blocks-module-default-d75171398898-385\"\n\t\t\t\n\t\t>\n\n<section class=\"text-image-module b-grey small-title\">\n\n\t<div class=\"col\">\n\n\t\t<h2 class=\"semi_bold c-red\">Nigeria &gt; 1967<\/h2>\n\n\t\t<p>Tras a\u00f1os de convulsiones, la provincia de Biafra, en Nigeria, declara unilateralmente su independencia y comienza un conflicto brutal. La regi\u00f3n es cercada por el ej\u00e9rcito nigeriano y este bloqueo provoca una hambruna que diezma a una poblaci\u00f3n ya debilitada por la sequ\u00eda.<\/p>\n<p>Una parte del personal humanitario que se encontraba en Biafra es testigo de este horror y de c\u00f3mo algunos hospitales son bombardeados, por lo que considera se deber\u00eda denunciar lo que est\u00e1 ocurriendo. As\u00ed es como un grupo de m\u00e9dicos franceses, de regreso a su pa\u00eds, decide romper el silencio y hablar con la prensa.<\/p>\n\n\t\t\n\t<\/div>\n\n\t<div class=\"col\">\n\t\t<img loading=\"lazy\" decoding=\"async\" width=\"348\" height=\"485\" src=\"https:\/\/pezgordon.com\/msf_dev\/wp-content\/uploads\/2023\/04\/MSF41819High-348x485.jpg\" class=\"attachment-medium size-medium\" alt=\"\" \/>\t\t\t<\/div>\n\n<\/section>\n\n\n<section class=\"text-image-module b-grey small-title\">\n\n\t<div class=\"col\">\n\n\t\t<h2 class=\"semi_bold c-red\">Francia &gt; 1971<\/h2>\n\n\t\t<p>Uno de los peri\u00f3dicos que recoge sus denuncias es\u00a0<em>Tonus<\/em>, un semanario m\u00e9dico que estaba reclutando profesionales para crear una brigada internacional de emergencia. Personal de la medicina y periodistas deciden pasar de las palabras a los hechos y se unen bajo una nueva bandera: M\u00e9dicos Sin Fronteras.<\/p>\n<p>La asamblea constituyente se celebra en diciembre de 1971 en la redacci\u00f3n de <em>Tonus<\/em>, que anuncia en titulares el nacimiento de \u201cuna movilizaci\u00f3n de voluntades determinadas a derribar las fronteras que se alzan entre quienes tienen la vocaci\u00f3n de salvar, de atender, y las v\u00edctimas de la barbarie humana y los desarreglos de la naturaleza\u201d.<\/p>\n\n\t\t\n\t<\/div>\n\n\t<div class=\"col\">\n\t\t<img loading=\"lazy\" decoding=\"async\" width=\"677\" height=\"485\" src=\"https:\/\/pezgordon.com\/msf_dev\/wp-content\/uploads\/2023\/04\/MSF7928High-677x485.jpg\" class=\"attachment-medium size-medium\" alt=\"\" \/>\t\t\t<\/div>\n\n<\/section>\n\n\n<section class=\"text-image-module b-grey small-title\">\n\n\t<div class=\"col\">\n\n\t\t<h2 class=\"semi_bold c-red\">En la actualidad<\/h2>\n\n\t\t<p>En medio de una pandemia y bajo el creciente impacto de la crisis clim\u00e1tica en la salud de las personas, trabajamos en m\u00e1s de 70 pa\u00edses.<\/p>\n<p>Brindamos atenci\u00f3n primaria de la salud, desarrollamos campa\u00f1as masivas de vacunaci\u00f3n, tratamos la malnutrici\u00f3n, aseguramos servicios de salud sexual y reproductiva, asistimos nacimientos, realizamos cirug\u00edas a personas heridas en conflictos armados, respondemos a brotes epid\u00e9micos y a comunidades afectadas por desastres naturales, acompa\u00f1amos a poblaciones en movimiento a lo largo de todo su trayecto, y buscamos soluciones innovadoras a problemas de salud que afectan a quienes se encuentran en situaciones de vulnerabilidad, entre muchas otras acciones m\u00e9dicas.<\/p>\n\n\t\t\n\t<\/div>\n\n\t<div class=\"col\">\n\t\t<img loading=\"lazy\" decoding=\"async\" width=\"700\" height=\"467\" src=\"https:\/\/pezgordon.com\/msf_dev\/wp-content\/uploads\/2022\/11\/msb127250_paciente_herido_guerra_atendido_tren_medicalizado-700x467.jpg\" class=\"attachment-medium size-medium\" alt=\"\" \/>\t\t\t<\/div>\n\n<\/section>\n\n<\/div><\/div><div id=\"panel-385-0-0-1\" class=\"so-panel widget_text-module panel-last-child\" data-index=\"1\" ><div\n\t\t\t\n\t\t\tclass=\"so-widget-text-module so-widget-text-module-default-d75171398898-385\"\n\t\t\t\n\t\t>\n<section class=\"text-module full-screen mobile-white desktop-white wide\" style=\"--backgroundDesktop:var(--white);--primaryColorDesktop:var(--grey);--secondaryColorDesktop:var(--red);--backgroundMobile:var(--white);--primaryColorMobile:var(--grey);--secondaryColorMobile:var(--red)\">\n\t\t\t\n\t<div class=\"container\">\n\n\t\t<p><img decoding=\"async\" class=\"alignnone size-full wp-image-524 aligncenter\" src=\"https:\/\/pezgordon.com\/msf_dev\/wp-content\/uploads\/2023\/03\/msf_logo.svg\" alt=\"\" \/><\/p>\n<p style=\"text-align: center\"><strong>Atenci\u00f3n m\u00e9dica donde m\u00e1s se necesita.<\/strong><\/p>\n<p style=\"text-align: center\">Independiente. Neutral. Imparcial.<br \/>\nFinanciada por personas como t\u00fa.<\/p>\n\n\t<\/div>\n\n<\/section><\/div><\/div><\/div><\/div><\/div>","protected":false},"excerpt":{"rendered":"<p>M\u00e9dicos Sin Fronteras nace en 1971, pero las ra\u00edces de nuestra organizaci\u00f3n se remontan en la guerra de Biafra, en Nigeria. Desde entonces, hemos proporcionado asistencia m\u00e9dico-humanitaria en las principales crisis y conflictos de los \u00faltimos 52 a\u00f1os.<\/p>\n","protected":false},"author":1,"featured_media":122,"parent":1220,"menu_order":0,"comment_status":"closed","ping_status":"closed","template":"","meta":{"_acf_changed":false,"footnotes":""},"class_list":["post-385","page","type-page","status-publish","has-post-thumbnail","hentry"],"acf":[],"yoast_head":"<!-- This site is optimized with the Yoast SEO plugin v23.0 - https:\/\/yoast.com\/wordpress\/plugins\/seo\/ -->\n<title>Historia - M\u00e9dicos Sin Fronteras Colombia | Ayuda m\u00e9dico-humanitaria<\/title>\n<meta name=\"robots\" content=\"noindex, follow, max-snippet:-1, max-image-preview:large, max-video-preview:-1\" \/>\n<meta property=\"og:locale\" content=\"es_ES\" \/>\n<meta property=\"og:type\" content=\"article\" \/>\n<meta property=\"og:title\" content=\"Historia - M\u00e9dicos Sin Fronteras Colombia | Ayuda m\u00e9dico-humanitaria\" \/>\n<meta property=\"og:description\" content=\"M\u00e9dicos Sin Fronteras nace en 1971, pero las ra\u00edces de nuestra organizaci\u00f3n se remontan en la guerra de Biafra, en Nigeria. Desde entonces, hemos proporcionado asistencia m\u00e9dico-humanitaria en las principales crisis y conflictos de los \u00faltimos 52 a\u00f1os.\" \/>\n<meta property=\"og:url\" content=\"https:\/\/pezgordon.com\/msf_dev\/conocenos\/quienes-somos\/historia\/\" \/>\n<meta property=\"og:site_name\" content=\"M\u00e9dicos Sin Fronteras Colombia | Ayuda m\u00e9dico-humanitaria\" \/>\n<meta property=\"article:publisher\" content=\"https:\/\/www.facebook.com\/medicossinfronteras.ong\" \/>\n<meta property=\"article:modified_time\" content=\"2023-05-15T18:29:04+00:00\" \/>\n<meta property=\"og:image\" content=\"https:\/\/pezgordon.com\/msf_dev\/wp-content\/uploads\/2022\/05\/placeholder_10.jpg\" \/>\n\t<meta property=\"og:image:width\" content=\"1500\" \/>\n\t<meta property=\"og:image:height\" content=\"1000\" \/>\n\t<meta property=\"og:image:type\" content=\"image\/jpeg\" \/>\n<meta name=\"twitter:card\" content=\"summary_large_image\" \/>\n<meta name=\"twitter:site\" content=\"@MSF_Colombia\" \/>\n<script type=\"application\/ld+json\" class=\"yoast-schema-graph\">{\"@context\":\"https:\/\/schema.org\",\"@graph\":[{\"@type\":\"WebPage\",\"@id\":\"https:\/\/pezgordon.com\/msf_dev\/conocenos\/quienes-somos\/historia\/\",\"url\":\"https:\/\/pezgordon.com\/msf_dev\/conocenos\/quienes-somos\/historia\/\",\"name\":\"Historia - M\u00e9dicos Sin Fronteras Colombia | Ayuda m\u00e9dico-humanitaria\",\"isPartOf\":{\"@id\":\"https:\/\/pezgordon.com\/msf_dev\/#website\"},\"primaryImageOfPage\":{\"@id\":\"https:\/\/pezgordon.com\/msf_dev\/conocenos\/quienes-somos\/historia\/#primaryimage\"},\"image\":{\"@id\":\"https:\/\/pezgordon.com\/msf_dev\/conocenos\/quienes-somos\/historia\/#primaryimage\"},\"thumbnailUrl\":\"https:\/\/pezgordon.com\/msf_dev\/wp-content\/uploads\/2022\/05\/placeholder_10.jpg\",\"datePublished\":\"2023-03-23T15:31:39+00:00\",\"dateModified\":\"2023-05-15T18:29:04+00:00\",\"breadcrumb\":{\"@id\":\"https:\/\/pezgordon.com\/msf_dev\/conocenos\/quienes-somos\/historia\/#breadcrumb\"},\"inLanguage\":\"es\",\"potentialAction\":[{\"@type\":\"ReadAction\",\"target\":[\"https:\/\/pezgordon.com\/msf_dev\/conocenos\/quienes-somos\/historia\/\"]}]},{\"@type\":\"ImageObject\",\"inLanguage\":\"es\",\"@id\":\"https:\/\/pezgordon.com\/msf_dev\/conocenos\/quienes-somos\/historia\/#primaryimage\",\"url\":\"https:\/\/pezgordon.com\/msf_dev\/wp-content\/uploads\/2022\/05\/placeholder_10.jpg\",\"contentUrl\":\"https:\/\/pezgordon.com\/msf_dev\/wp-content\/uploads\/2022\/05\/placeholder_10.jpg\",\"width\":1500,\"height\":1000},{\"@type\":\"BreadcrumbList\",\"@id\":\"https:\/\/pezgordon.com\/msf_dev\/conocenos\/quienes-somos\/historia\/#breadcrumb\",\"itemListElement\":[{\"@type\":\"ListItem\",\"position\":1,\"name\":\"Home\",\"item\":\"https:\/\/pezgordon.com\/msf_dev\/\"},{\"@type\":\"ListItem\",\"position\":2,\"name\":\"Con\u00f3cenos\",\"item\":\"https:\/\/pezgordon.com\/msf_dev\/conocenos\/\"},{\"@type\":\"ListItem\",\"position\":3,\"name\":\"Qui\u00e9nes somos\",\"item\":\"https:\/\/pezgordon.com\/msf_dev\/conocenos\/quienes-somos\/\"},{\"@type\":\"ListItem\",\"position\":4,\"name\":\"Historia\"}]},{\"@type\":\"WebSite\",\"@id\":\"https:\/\/pezgordon.com\/msf_dev\/#website\",\"url\":\"https:\/\/pezgordon.com\/msf_dev\/\",\"name\":\"M\u00e9dicos Sin Fronteras Colombia | Ayuda m\u00e9dico-humanitaria\",\"description\":\"\",\"publisher\":{\"@id\":\"https:\/\/pezgordon.com\/msf_dev\/#organization\"},\"potentialAction\":[{\"@type\":\"SearchAction\",\"target\":{\"@type\":\"EntryPoint\",\"urlTemplate\":\"https:\/\/pezgordon.com\/msf_dev\/?s={search_term_string}\"},\"query-input\":\"required name=search_term_string\"}],\"inLanguage\":\"es\"},{\"@type\":\"Organization\",\"@id\":\"https:\/\/pezgordon.com\/msf_dev\/#organization\",\"name\":\"M\u00e9dicos Sin Fronteras Colombia\",\"alternateName\":\"MSF\",\"url\":\"https:\/\/pezgordon.com\/msf_dev\/\",\"logo\":{\"@type\":\"ImageObject\",\"inLanguage\":\"es\",\"@id\":\"https:\/\/pezgordon.com\/msf_dev\/#\/schema\/logo\/image\/\",\"url\":\"https:\/\/pezgordon.com\/msf_dev\/wp-content\/uploads\/2023\/05\/msf_organization.png\",\"contentUrl\":\"https:\/\/pezgordon.com\/msf_dev\/wp-content\/uploads\/2023\/05\/msf_organization.png\",\"width\":120,\"height\":120,\"caption\":\"M\u00e9dicos Sin Fronteras Colombia\"},\"image\":{\"@id\":\"https:\/\/pezgordon.com\/msf_dev\/#\/schema\/logo\/image\/\"},\"sameAs\":[\"https:\/\/www.facebook.com\/medicossinfronteras.ong\",\"https:\/\/x.com\/MSF_Colombia\",\"https:\/\/www.youtube.com\/user\/MedicosSinFronteras\",\"https:\/\/www.tiktok.com\/@medicossinfronteras\",\"https:\/\/www.instagram.com\/msf_sudamerica\",\"https:\/\/www.linkedin.com\/company\/msf-latam\/mycompany\/\"]}]}<\/script>\n<!-- \/ Yoast SEO plugin. -->","yoast_head_json":{"title":"Historia - M\u00e9dicos Sin Fronteras Colombia | Ayuda m\u00e9dico-humanitaria","robots":{"index":"noindex","follow":"follow","max-snippet":"max-snippet:-1","max-image-preview":"max-image-preview:large","max-video-preview":"max-video-preview:-1"},"og_locale":"es_ES","og_type":"article","og_title":"Historia - M\u00e9dicos Sin Fronteras Colombia | Ayuda m\u00e9dico-humanitaria","og_description":"M\u00e9dicos Sin Fronteras nace en 1971, pero las ra\u00edces de nuestra organizaci\u00f3n se remontan en la guerra de Biafra, en Nigeria. Desde entonces, hemos proporcionado asistencia m\u00e9dico-humanitaria en las principales crisis y conflictos de los \u00faltimos 52 a\u00f1os.","og_url":"https:\/\/pezgordon.com\/msf_dev\/conocenos\/quienes-somos\/historia\/","og_site_name":"M\u00e9dicos Sin Fronteras Colombia | Ayuda m\u00e9dico-humanitaria","article_publisher":"https:\/\/www.facebook.com\/medicossinfronteras.ong","article_modified_time":"2023-05-15T18:29:04+00:00","og_image":[{"width":1500,"height":1000,"url":"https:\/\/pezgordon.com\/msf_dev\/wp-content\/uploads\/2022\/05\/placeholder_10.jpg","type":"image\/jpeg"}],"twitter_card":"summary_large_image","twitter_site":"@MSF_Colombia","schema":{"@context":"https:\/\/schema.org","@graph":[{"@type":"WebPage","@id":"https:\/\/pezgordon.com\/msf_dev\/conocenos\/quienes-somos\/historia\/","url":"https:\/\/pezgordon.com\/msf_dev\/conocenos\/quienes-somos\/historia\/","name":"Historia - M\u00e9dicos Sin Fronteras Colombia | Ayuda m\u00e9dico-humanitaria","isPartOf":{"@id":"https:\/\/pezgordon.com\/msf_dev\/#website"},"primaryImageOfPage":{"@id":"https:\/\/pezgordon.com\/msf_dev\/conocenos\/quienes-somos\/historia\/#primaryimage"},"image":{"@id":"https:\/\/pezgordon.com\/msf_dev\/conocenos\/quienes-somos\/historia\/#primaryimage"},"thumbnailUrl":"https:\/\/pezgordon.com\/msf_dev\/wp-content\/uploads\/2022\/05\/placeholder_10.jpg","datePublished":"2023-03-23T15:31:39+00:00","dateModified":"2023-05-15T18:29:04+00:00","breadcrumb":{"@id":"https:\/\/pezgordon.com\/msf_dev\/conocenos\/quienes-somos\/historia\/#breadcrumb"},"inLanguage":"es","potentialAction":[{"@type":"ReadAction","target":["https:\/\/pezgordon.com\/msf_dev\/conocenos\/quienes-somos\/historia\/"]}]},{"@type":"ImageObject","inLanguage":"es","@id":"https:\/\/pezgordon.com\/msf_dev\/conocenos\/quienes-somos\/historia\/#primaryimage","url":"https:\/\/pezgordon.com\/msf_dev\/wp-content\/uploads\/2022\/05\/placeholder_10.jpg","contentUrl":"https:\/\/pezgordon.com\/msf_dev\/wp-content\/uploads\/2022\/05\/placeholder_10.jpg","width":1500,"height":1000},{"@type":"BreadcrumbList","@id":"https:\/\/pezgordon.com\/msf_dev\/conocenos\/quienes-somos\/historia\/#breadcrumb","itemListElement":[{"@type":"ListItem","position":1,"name":"Home","item":"https:\/\/pezgordon.com\/msf_dev\/"},{"@type":"ListItem","position":2,"name":"Con\u00f3cenos","item":"https:\/\/pezgordon.com\/msf_dev\/conocenos\/"},{"@type":"ListItem","position":3,"name":"Qui\u00e9nes somos","item":"https:\/\/pezgordon.com\/msf_dev\/conocenos\/quienes-somos\/"},{"@type":"ListItem","position":4,"name":"Historia"}]},{"@type":"WebSite","@id":"https:\/\/pezgordon.com\/msf_dev\/#website","url":"https:\/\/pezgordon.com\/msf_dev\/","name":"M\u00e9dicos Sin Fronteras Colombia | Ayuda m\u00e9dico-humanitaria","description":"","publisher":{"@id":"https:\/\/pezgordon.com\/msf_dev\/#organization"},"potentialAction":[{"@type":"SearchAction","target":{"@type":"EntryPoint","urlTemplate":"https:\/\/pezgordon.com\/msf_dev\/?s={search_term_string}"},"query-input":"required name=search_term_string"}],"inLanguage":"es"},{"@type":"Organization","@id":"https:\/\/pezgordon.com\/msf_dev\/#organization","name":"M\u00e9dicos Sin Fronteras Colombia","alternateName":"MSF","url":"https:\/\/pezgordon.com\/msf_dev\/","logo":{"@type":"ImageObject","inLanguage":"es","@id":"https:\/\/pezgordon.com\/msf_dev\/#\/schema\/logo\/image\/","url":"https:\/\/pezgordon.com\/msf_dev\/wp-content\/uploads\/2023\/05\/msf_organization.png","contentUrl":"https:\/\/pezgordon.com\/msf_dev\/wp-content\/uploads\/2023\/05\/msf_organization.png","width":120,"height":120,"caption":"M\u00e9dicos Sin Fronteras Colombia"},"image":{"@id":"https:\/\/pezgordon.com\/msf_dev\/#\/schema\/logo\/image\/"},"sameAs":["https:\/\/www.facebook.com\/medicossinfronteras.ong","https:\/\/x.com\/MSF_Colombia","https:\/\/www.youtube.com\/user\/MedicosSinFronteras","https:\/\/www.tiktok.com\/@medicossinfronteras","https:\/\/www.instagram.com\/msf_sudamerica","https:\/\/www.linkedin.com\/company\/msf-latam\/mycompany\/"]}]}},"_links":{"self":[{"href":"https:\/\/pezgordon.com\/msf_dev\/wp-json\/wp\/v2\/pages\/385"}],"collection":[{"href":"https:\/\/pezgordon.com\/msf_dev\/wp-json\/wp\/v2\/pages"}],"about":[{"href":"https:\/\/pezgordon.com\/msf_dev\/wp-json\/wp\/v2\/types\/page"}],"author":[{"embeddable":true,"href":"https:\/\/pezgordon.com\/msf_dev\/wp-json\/wp\/v2\/users\/1"}],"replies":[{"embeddable":true,"href":"https:\/\/pezgordon.com\/msf_dev\/wp-json\/wp\/v2\/comments?post=385"}],"version-history":[{"count":47,"href":"https:\/\/pezgordon.com\/msf_dev\/wp-json\/wp\/v2\/pages\/385\/revisions"}],"predecessor-version":[{"id":2504,"href":"https:\/\/pezgordon.com\/msf_dev\/wp-json\/wp\/v2\/pages\/385\/revisions\/2504"}],"up":[{"embeddable":true,"href":"https:\/\/pezgordon.com\/msf_dev\/wp-json\/wp\/v2\/pages\/1220"}],"wp:featuredmedia":[{"embeddable":true,"href":"https:\/\/pezgordon.com\/msf_dev\/wp-json\/wp\/v2\/media\/122"}],"wp:attachment":[{"href":"https:\/\/pezgordon.com\/msf_dev\/wp-json\/wp\/v2\/media?parent=385"}],"curies":[{"name":"wp","href":"https:\/\/api.w.org\/{rel}","templated":true}]}}