{"id":2095,"date":"2023-04-27T01:27:48","date_gmt":"2023-04-27T04:27:48","guid":{"rendered":"https:\/\/pezgordon.com\/msf_dev\/?page_id=2095"},"modified":"2023-05-15T16:00:12","modified_gmt":"2023-05-15T19:00:12","slug":"datos-2018","status":"publish","type":"page","link":"https:\/\/pezgordon.com\/msf_dev\/conocenos\/quienes-somos\/principios-y-compromisos\/politicas-contra-acoso\/datos-2018\/","title":{"rendered":"Datos 2018"},"content":{"rendered":"<div id=\"pl-2095\"  class=\"panel-layout\" ><div id=\"pg-2095-0\"  class=\"panel-grid panel-no-style\" ><div id=\"pgc-2095-0-0\"  class=\"panel-grid-cell\" ><div id=\"panel-2095-0-0-0\" class=\"so-panel widget_text-module panel-first-child panel-last-child\" data-index=\"0\" ><div\n\t\t\t\n\t\t\tclass=\"so-widget-text-module so-widget-text-module-default-d75171398898-2095\"\n\t\t\t\n\t\t>\n<section class=\"text-module full-screen mobile-white desktop-white wide\" style=\"--backgroundDesktop:var(--white);--primaryColorDesktop:var(--grey);--secondaryColorDesktop:var(--red);--backgroundMobile:var(--white);--primaryColorMobile:var(--grey);--secondaryColorMobile:var(--red)\">\n\t\t\t\n\t<div class=\"container\">\n\n\t\t<p>Si bien las cifras de 2018 muestran un aumento en la notificaci\u00f3n de incidentes de conductas inaceptables en comparaci\u00f3n con 2017, a\u00fan creemos que hay casos que no est\u00e1n registrados, debido, probablemente, a una combinaci\u00f3n de retos relacionados con un d\u00e9ficit de notificaciones y de recopilaci\u00f3n de datos.<\/p>\n<p>En 2018, MSF contaba con casi 65.000 personas trabajando en el terreno. En ese a\u00f1o, registramos un aumento significativo del n\u00famero quejas formales y avisos desde nuestros proyectos: en total fueron 356 reclamaciones y avisos, frente a los 182 de 2017. Esta cifra ata\u00f1e a casos \u00fanicamente en el terreno y no a las oficinas centrales de la organizaci\u00f3n. Esperamos que estas cifras sean indicativas de que el esfuerzo de la organizaci\u00f3n para atajar este tema haya alentado a m\u00e1s personas a notificar episodios de este tipo.<\/p>\n<p>Tras los procesos de investigaci\u00f3n, se confirmaron 134 casos de comportamiento inapropiado (frente a los 83 de 2017), que incluyeron 78 casos de abuso (frente a 61 en 2017). Calificamos como abuso diferentes tipolog\u00edas: abuso sexual, acoso y explotaci\u00f3n, abuso de poder, acoso psicol\u00f3gico, discriminaci\u00f3n y violencia f\u00edsica. Un total de 52 personas fueron despedidas por alguno de estos motivos en 2018 (fueron 58 en 2017).<\/p>\n<p>De los 78 casos calificados como abuso en 2018, 59 fueron confirmados como casos de acoso, abuso o explotaci\u00f3n sexual, frente a los 32 de 2017. En 2018, 36 personas fueron despedidas como resultado de esos casos (20 en 2017).<\/p>\n<p>Tambi\u00e9n hubo 56 casos confirmados de conducta inapropiada, en comparaci\u00f3n con 22 en 2017. El comportamiento inadecuado incluye mala gesti\u00f3n del personal, relaciones inapropiadas, comportamiento inapropiado seg\u00fan los est\u00e1ndares de las sociedades donde trabajamos o que afecten a la cohesi\u00f3n del equipo, y el abuso de alcohol o el consumo de drogas.<\/p>\n<h2><b><strong>Nota sobre variaciones en las cifras de 2017<\/strong><\/b><\/h2>\n<p>Debido a una mejora en los sistemas de recopilaci\u00f3n y registro de datos, MSF ha actualizado tambi\u00e9n las cifras de 2017. Como resultado, el n\u00famero total de quejas recibidas en 2017 es superior al estimado inicialmente: 182 en comparaci\u00f3n con 146. El n\u00famero de casos confirmados en 2017 tambi\u00e9n ha aumentado ligeramente. Por otra parte, en relaci\u00f3n a los casos reportados en 2018, algunos de ellos siguen investig\u00e1ndose, por lo que las cifras definitivas podr\u00edan cambiar ligeramente.<\/p>\n\n\t<\/div>\n\n<\/section><\/div><\/div><\/div><\/div><\/div>","protected":false},"excerpt":{"rendered":"<p>Si bien las cifras de 2018 muestran un aumento en la notificaci\u00f3n de incidentes de conductas inaceptables en comparaci\u00f3n con 2017, a\u00fan creemos que hay casos que no est\u00e1n registrados, debido, probablemente, a una combinaci\u00f3n de retos relacionados con un d\u00e9ficit de notificaciones y de recopilaci\u00f3n de datos. En 2018, MSF contaba con casi 65.000 [&hellip;]<\/p>\n","protected":false},"author":1,"featured_media":0,"parent":2063,"menu_order":1,"comment_status":"closed","ping_status":"closed","template":"","meta":{"_acf_changed":false,"footnotes":""},"class_list":["post-2095","page","type-page","status-publish","hentry"],"acf":[],"yoast_head":"<!-- This site is optimized with the Yoast SEO plugin v23.0 - https:\/\/yoast.com\/wordpress\/plugins\/seo\/ -->\n<title>Datos 2018 - M\u00e9dicos Sin Fronteras Colombia | Ayuda m\u00e9dico-humanitaria<\/title>\n<meta name=\"robots\" content=\"noindex, follow, max-snippet:-1, max-image-preview:large, max-video-preview:-1\" \/>\n<meta property=\"og:locale\" content=\"es_ES\" \/>\n<meta property=\"og:type\" content=\"article\" \/>\n<meta property=\"og:title\" content=\"Datos 2018 - M\u00e9dicos Sin Fronteras Colombia | Ayuda m\u00e9dico-humanitaria\" \/>\n<meta property=\"og:description\" content=\"Si bien las cifras de 2018 muestran un aumento en la notificaci\u00f3n de incidentes de conductas inaceptables en comparaci\u00f3n con 2017, a\u00fan creemos que hay casos que no est\u00e1n registrados, debido, probablemente, a una combinaci\u00f3n de retos relacionados con un d\u00e9ficit de notificaciones y de recopilaci\u00f3n de datos. En 2018, MSF contaba con casi 65.000 [&hellip;]\" \/>\n<meta property=\"og:url\" content=\"https:\/\/pezgordon.com\/msf_dev\/conocenos\/quienes-somos\/principios-y-compromisos\/politicas-contra-acoso\/datos-2018\/\" \/>\n<meta property=\"og:site_name\" content=\"M\u00e9dicos Sin Fronteras Colombia | Ayuda m\u00e9dico-humanitaria\" \/>\n<meta property=\"article:publisher\" content=\"https:\/\/www.facebook.com\/medicossinfronteras.ong\" \/>\n<meta property=\"article:modified_time\" content=\"2023-05-15T19:00:12+00:00\" \/>\n<meta property=\"og:image\" content=\"https:\/\/pezgordon.com\/msf_dev\/wp-content\/uploads\/2023\/05\/msf_seo.jpg\" \/>\n\t<meta property=\"og:image:width\" content=\"1200\" \/>\n\t<meta property=\"og:image:height\" content=\"675\" \/>\n\t<meta property=\"og:image:type\" content=\"image\/jpeg\" \/>\n<meta name=\"twitter:card\" content=\"summary_large_image\" \/>\n<meta name=\"twitter:site\" content=\"@MSF_Colombia\" \/>\n<script type=\"application\/ld+json\" class=\"yoast-schema-graph\">{\"@context\":\"https:\/\/schema.org\",\"@graph\":[{\"@type\":\"WebPage\",\"@id\":\"https:\/\/pezgordon.com\/msf_dev\/conocenos\/quienes-somos\/principios-y-compromisos\/politicas-contra-acoso\/datos-2018\/\",\"url\":\"https:\/\/pezgordon.com\/msf_dev\/conocenos\/quienes-somos\/principios-y-compromisos\/politicas-contra-acoso\/datos-2018\/\",\"name\":\"Datos 2018 - M\u00e9dicos Sin Fronteras Colombia | Ayuda m\u00e9dico-humanitaria\",\"isPartOf\":{\"@id\":\"https:\/\/pezgordon.com\/msf_dev\/#website\"},\"datePublished\":\"2023-04-27T04:27:48+00:00\",\"dateModified\":\"2023-05-15T19:00:12+00:00\",\"breadcrumb\":{\"@id\":\"https:\/\/pezgordon.com\/msf_dev\/conocenos\/quienes-somos\/principios-y-compromisos\/politicas-contra-acoso\/datos-2018\/#breadcrumb\"},\"inLanguage\":\"es\",\"potentialAction\":[{\"@type\":\"ReadAction\",\"target\":[\"https:\/\/pezgordon.com\/msf_dev\/conocenos\/quienes-somos\/principios-y-compromisos\/politicas-contra-acoso\/datos-2018\/\"]}]},{\"@type\":\"BreadcrumbList\",\"@id\":\"https:\/\/pezgordon.com\/msf_dev\/conocenos\/quienes-somos\/principios-y-compromisos\/politicas-contra-acoso\/datos-2018\/#breadcrumb\",\"itemListElement\":[{\"@type\":\"ListItem\",\"position\":1,\"name\":\"Home\",\"item\":\"https:\/\/pezgordon.com\/msf_dev\/\"},{\"@type\":\"ListItem\",\"position\":2,\"name\":\"Con\u00f3cenos\",\"item\":\"https:\/\/pezgordon.com\/msf_dev\/conocenos\/\"},{\"@type\":\"ListItem\",\"position\":3,\"name\":\"Qui\u00e9nes somos\",\"item\":\"https:\/\/pezgordon.com\/msf_dev\/conocenos\/quienes-somos\/\"},{\"@type\":\"ListItem\",\"position\":4,\"name\":\"Principios y compromisos\",\"item\":\"https:\/\/pezgordon.com\/msf_dev\/conocenos\/quienes-somos\/principios-y-compromisos\/\"},{\"@type\":\"ListItem\",\"position\":5,\"name\":\"Nuestras pol\u00edticas contra el acoso\",\"item\":\"https:\/\/pezgordon.com\/msf_dev\/conocenos\/quienes-somos\/principios-y-compromisos\/politicas-contra-acoso\/\"},{\"@type\":\"ListItem\",\"position\":6,\"name\":\"Datos 2018\"}]},{\"@type\":\"WebSite\",\"@id\":\"https:\/\/pezgordon.com\/msf_dev\/#website\",\"url\":\"https:\/\/pezgordon.com\/msf_dev\/\",\"name\":\"M\u00e9dicos Sin Fronteras Colombia | Ayuda m\u00e9dico-humanitaria\",\"description\":\"\",\"publisher\":{\"@id\":\"https:\/\/pezgordon.com\/msf_dev\/#organization\"},\"potentialAction\":[{\"@type\":\"SearchAction\",\"target\":{\"@type\":\"EntryPoint\",\"urlTemplate\":\"https:\/\/pezgordon.com\/msf_dev\/?s={search_term_string}\"},\"query-input\":\"required name=search_term_string\"}],\"inLanguage\":\"es\"},{\"@type\":\"Organization\",\"@id\":\"https:\/\/pezgordon.com\/msf_dev\/#organization\",\"name\":\"M\u00e9dicos Sin Fronteras Colombia\",\"alternateName\":\"MSF\",\"url\":\"https:\/\/pezgordon.com\/msf_dev\/\",\"logo\":{\"@type\":\"ImageObject\",\"inLanguage\":\"es\",\"@id\":\"https:\/\/pezgordon.com\/msf_dev\/#\/schema\/logo\/image\/\",\"url\":\"https:\/\/pezgordon.com\/msf_dev\/wp-content\/uploads\/2023\/05\/msf_organization.png\",\"contentUrl\":\"https:\/\/pezgordon.com\/msf_dev\/wp-content\/uploads\/2023\/05\/msf_organization.png\",\"width\":120,\"height\":120,\"caption\":\"M\u00e9dicos Sin Fronteras Colombia\"},\"image\":{\"@id\":\"https:\/\/pezgordon.com\/msf_dev\/#\/schema\/logo\/image\/\"},\"sameAs\":[\"https:\/\/www.facebook.com\/medicossinfronteras.ong\",\"https:\/\/x.com\/MSF_Colombia\",\"https:\/\/www.youtube.com\/user\/MedicosSinFronteras\",\"https:\/\/www.tiktok.com\/@medicossinfronteras\",\"https:\/\/www.instagram.com\/msf_sudamerica\",\"https:\/\/www.linkedin.com\/company\/msf-latam\/mycompany\/\"]}]}<\/script>\n<!-- \/ Yoast SEO plugin. -->","yoast_head_json":{"title":"Datos 2018 - M\u00e9dicos Sin Fronteras Colombia | Ayuda m\u00e9dico-humanitaria","robots":{"index":"noindex","follow":"follow","max-snippet":"max-snippet:-1","max-image-preview":"max-image-preview:large","max-video-preview":"max-video-preview:-1"},"og_locale":"es_ES","og_type":"article","og_title":"Datos 2018 - M\u00e9dicos Sin Fronteras Colombia | Ayuda m\u00e9dico-humanitaria","og_description":"Si bien las cifras de 2018 muestran un aumento en la notificaci\u00f3n de incidentes de conductas inaceptables en comparaci\u00f3n con 2017, a\u00fan creemos que hay casos que no est\u00e1n registrados, debido, probablemente, a una combinaci\u00f3n de retos relacionados con un d\u00e9ficit de notificaciones y de recopilaci\u00f3n de datos. En 2018, MSF contaba con casi 65.000 [&hellip;]","og_url":"https:\/\/pezgordon.com\/msf_dev\/conocenos\/quienes-somos\/principios-y-compromisos\/politicas-contra-acoso\/datos-2018\/","og_site_name":"M\u00e9dicos Sin Fronteras Colombia | Ayuda m\u00e9dico-humanitaria","article_publisher":"https:\/\/www.facebook.com\/medicossinfronteras.ong","article_modified_time":"2023-05-15T19:00:12+00:00","og_image":[{"width":1200,"height":675,"url":"https:\/\/pezgordon.com\/msf_dev\/wp-content\/uploads\/2023\/05\/msf_seo.jpg","type":"image\/jpeg"}],"twitter_card":"summary_large_image","twitter_site":"@MSF_Colombia","schema":{"@context":"https:\/\/schema.org","@graph":[{"@type":"WebPage","@id":"https:\/\/pezgordon.com\/msf_dev\/conocenos\/quienes-somos\/principios-y-compromisos\/politicas-contra-acoso\/datos-2018\/","url":"https:\/\/pezgordon.com\/msf_dev\/conocenos\/quienes-somos\/principios-y-compromisos\/politicas-contra-acoso\/datos-2018\/","name":"Datos 2018 - M\u00e9dicos Sin Fronteras Colombia | Ayuda m\u00e9dico-humanitaria","isPartOf":{"@id":"https:\/\/pezgordon.com\/msf_dev\/#website"},"datePublished":"2023-04-27T04:27:48+00:00","dateModified":"2023-05-15T19:00:12+00:00","breadcrumb":{"@id":"https:\/\/pezgordon.com\/msf_dev\/conocenos\/quienes-somos\/principios-y-compromisos\/politicas-contra-acoso\/datos-2018\/#breadcrumb"},"inLanguage":"es","potentialAction":[{"@type":"ReadAction","target":["https:\/\/pezgordon.com\/msf_dev\/conocenos\/quienes-somos\/principios-y-compromisos\/politicas-contra-acoso\/datos-2018\/"]}]},{"@type":"BreadcrumbList","@id":"https:\/\/pezgordon.com\/msf_dev\/conocenos\/quienes-somos\/principios-y-compromisos\/politicas-contra-acoso\/datos-2018\/#breadcrumb","itemListElement":[{"@type":"ListItem","position":1,"name":"Home","item":"https:\/\/pezgordon.com\/msf_dev\/"},{"@type":"ListItem","position":2,"name":"Con\u00f3cenos","item":"https:\/\/pezgordon.com\/msf_dev\/conocenos\/"},{"@type":"ListItem","position":3,"name":"Qui\u00e9nes somos","item":"https:\/\/pezgordon.com\/msf_dev\/conocenos\/quienes-somos\/"},{"@type":"ListItem","position":4,"name":"Principios y compromisos","item":"https:\/\/pezgordon.com\/msf_dev\/conocenos\/quienes-somos\/principios-y-compromisos\/"},{"@type":"ListItem","position":5,"name":"Nuestras pol\u00edticas contra el acoso","item":"https:\/\/pezgordon.com\/msf_dev\/conocenos\/quienes-somos\/principios-y-compromisos\/politicas-contra-acoso\/"},{"@type":"ListItem","position":6,"name":"Datos 2018"}]},{"@type":"WebSite","@id":"https:\/\/pezgordon.com\/msf_dev\/#website","url":"https:\/\/pezgordon.com\/msf_dev\/","name":"M\u00e9dicos Sin Fronteras Colombia | Ayuda m\u00e9dico-humanitaria","description":"","publisher":{"@id":"https:\/\/pezgordon.com\/msf_dev\/#organization"},"potentialAction":[{"@type":"SearchAction","target":{"@type":"EntryPoint","urlTemplate":"https:\/\/pezgordon.com\/msf_dev\/?s={search_term_string}"},"query-input":"required name=search_term_string"}],"inLanguage":"es"},{"@type":"Organization","@id":"https:\/\/pezgordon.com\/msf_dev\/#organization","name":"M\u00e9dicos Sin Fronteras Colombia","alternateName":"MSF","url":"https:\/\/pezgordon.com\/msf_dev\/","logo":{"@type":"ImageObject","inLanguage":"es","@id":"https:\/\/pezgordon.com\/msf_dev\/#\/schema\/logo\/image\/","url":"https:\/\/pezgordon.com\/msf_dev\/wp-content\/uploads\/2023\/05\/msf_organization.png","contentUrl":"https:\/\/pezgordon.com\/msf_dev\/wp-content\/uploads\/2023\/05\/msf_organization.png","width":120,"height":120,"caption":"M\u00e9dicos Sin Fronteras Colombia"},"image":{"@id":"https:\/\/pezgordon.com\/msf_dev\/#\/schema\/logo\/image\/"},"sameAs":["https:\/\/www.facebook.com\/medicossinfronteras.ong","https:\/\/x.com\/MSF_Colombia","https:\/\/www.youtube.com\/user\/MedicosSinFronteras","https:\/\/www.tiktok.com\/@medicossinfronteras","https:\/\/www.instagram.com\/msf_sudamerica","https:\/\/www.linkedin.com\/company\/msf-latam\/mycompany\/"]}]}},"_links":{"self":[{"href":"https:\/\/pezgordon.com\/msf_dev\/wp-json\/wp\/v2\/pages\/2095"}],"collection":[{"href":"https:\/\/pezgordon.com\/msf_dev\/wp-json\/wp\/v2\/pages"}],"about":[{"href":"https:\/\/pezgordon.com\/msf_dev\/wp-json\/wp\/v2\/types\/page"}],"author":[{"embeddable":true,"href":"https:\/\/pezgordon.com\/msf_dev\/wp-json\/wp\/v2\/users\/1"}],"replies":[{"embeddable":true,"href":"https:\/\/pezgordon.com\/msf_dev\/wp-json\/wp\/v2\/comments?post=2095"}],"version-history":[{"count":16,"href":"https:\/\/pezgordon.com\/msf_dev\/wp-json\/wp\/v2\/pages\/2095\/revisions"}],"predecessor-version":[{"id":2522,"href":"https:\/\/pezgordon.com\/msf_dev\/wp-json\/wp\/v2\/pages\/2095\/revisions\/2522"}],"up":[{"embeddable":true,"href":"https:\/\/pezgordon.com\/msf_dev\/wp-json\/wp\/v2\/pages\/2063"}],"wp:attachment":[{"href":"https:\/\/pezgordon.com\/msf_dev\/wp-json\/wp\/v2\/media?parent=2095"}],"curies":[{"name":"wp","href":"https:\/\/api.w.org\/{rel}","templated":true}]}}