{"id":2073,"date":"2023-04-27T01:20:39","date_gmt":"2023-04-27T04:20:39","guid":{"rendered":"https:\/\/pezgordon.com\/msf_dev\/?page_id=2073"},"modified":"2023-05-15T16:00:30","modified_gmt":"2023-05-15T19:00:30","slug":"datos-2020","status":"publish","type":"page","link":"https:\/\/pezgordon.com\/msf_dev\/conocenos\/quienes-somos\/principios-y-compromisos\/politicas-contra-acoso\/datos-2020\/","title":{"rendered":"Datos 2020"},"content":{"rendered":"<div id=\"pl-2073\"  class=\"panel-layout\" ><div id=\"pg-2073-0\"  class=\"panel-grid panel-no-style\" ><div id=\"pgc-2073-0-0\"  class=\"panel-grid-cell\" ><div id=\"panel-2073-0-0-0\" class=\"so-panel widget_text-module panel-first-child panel-last-child\" data-index=\"0\" ><div\n\t\t\t\n\t\t\tclass=\"so-widget-text-module so-widget-text-module-default-d75171398898-2073\"\n\t\t\t\n\t\t>\n<section class=\"text-module full-screen mobile-white desktop-white wide\" style=\"--backgroundDesktop:var(--white);--primaryColorDesktop:var(--grey);--secondaryColorDesktop:var(--red);--backgroundMobile:var(--white);--primaryColorMobile:var(--grey);--secondaryColorMobile:var(--red)\">\n\t\t\t\n\t<div class=\"container\">\n\n\t\t<p>En 2020, MSF ten\u00eda m\u00e1s de 63.000 empleados en todo el movimiento. Vimos un total de 444 quejas entre nuestro personal que trabaja en proyectos m\u00e9dico-humanitarios en el terreno (389 quejas) y en las oficinas de sede internacionales (55 quejas). Debe tenerse en cuenta que los detalles adicionales a continuaci\u00f3n desglosan los casos de proyectos en terreno y de las sedes por separado, ya que no son necesariamente comparables en t\u00e9rminos de terminolog\u00eda y procesos de presentaci\u00f3n de informes.<\/p>\n<p>El n\u00famero total de quejas recibidas aument\u00f3 un 22% en 2020 en comparaci\u00f3n con 2019. Si bien MSF sigue enfrent\u00e1ndose a un problema de subregistro de incidentes de comportamiento, este aumento puede verse como una se\u00f1al de que MSF est\u00e1 comenzando a abordar este problema de largo plazo. Indica que los denunciantes y los testigos tienen cada vez m\u00e1s confianza para hablar y que existe una mayor conciencia de los diversos mecanismos y canales de denuncia que se han reforzado y puesto en marcha.<\/p>\n<p>La pandemia ha provocado una reducci\u00f3n de las actividades presenciales para prevenir comportamientos inaceptables.Sin embargo, se ha realizado un esfuerzo significativo para avanzar hacia la capacitaci\u00f3n virtual, lo que ha dado como resultado que la cantidad total de personal capacitado para lidiar con problemas de comportamiento en realidad aumente en comparaci\u00f3n con 2019.<\/p>\n<p>A pesar de este progreso, la subnotificaci\u00f3n sigue siendo un problema. De particular preocupaci\u00f3n es el n\u00famero limitado (aunque en aumento) de quejas de pacientes, cuidadores y miembros de la comunidad. Esto indica la necesidad de centrarse en la prevenci\u00f3n y en desarrollar mecanismos de denuncia comunitarios adaptados para estos grupos.<\/p>\n<h3>Denuncias de nuestros proyectos en terreno<\/h3>\n<ul>\n<li>El 90% del personal de MSF (57.429 personas en total) en 2020 trabajaba en proyectos en el terreno. Se presentaron un total de 389 quejas relacionadas con esta categor\u00eda de personal, frente a 318 en 2019.<\/li>\n<li>De esas denuncias, despu\u00e9s de la investigaci\u00f3n, 150 fueron confirmadas como situaciones de abuso o de comportamiento inapropiado (156 en 2019). Debe tenerse en cuenta que 15 quejas reportadas para 2020 permanec\u00edan abiertas en el momento en que se compilaron estas cifras.<\/li>\n<li>Esto incluye 82 casos que fueron calificados como abuso, en comparaci\u00f3n con 106 casos confirmados de abuso en 2019 (esto cubre diferentes formas de abuso: abuso sexual, acoso y explotaci\u00f3n; abuso de poder; acoso psicol\u00f3gico; discriminaci\u00f3n; violencia f\u00edsica). Un total de 37 miembros del personal fueron despedidos por todas las formas de abuso en 2020 (55 despidos en 2019). Dependiendo de la gravedad del caso, tambi\u00e9n se habr\u00e1n emitido otras sanciones, como suspensi\u00f3n, degradaci\u00f3n o advertencias formales por escrito.<\/li>\n<li>De los 82 casos confirmados de abuso, 55 fueron casos de acoso, abuso o explotaci\u00f3n sexual, en comparaci\u00f3n con 63 en 2019. 28 funcionarios fueron despedidos como resultado de esos casos en 2020 (40 en 2019).<\/li>\n<li>Los otros casos confirmados de abuso consistieron en: acoso psicol\u00f3gico (14 casos confirmados); abuso de poder (8 casos confirmados); violencia f\u00edsica (3 casos confirmados); y discriminaci\u00f3n (2 casos confirmados).<\/li>\n<li>Tambi\u00e9n hubo 68 casos confirmados de conducta inapropiada, frente a 50 en 2019 (la conducta inapropiada incluye: mala gesti\u00f3n de las personas; relaciones inapropiadas; conducta inapropiada que no se ajusta a los est\u00e1ndares sociales o que afecta la cohesi\u00f3n del equipo; y el uso de sustancias).<\/li>\n<\/ul>\n<p>Hemos seguido viendo incrementos peque\u00f1os pero notables en el n\u00famero de quejas presentadas por grupos anteriormente infrarrepresentados, aunque queda mucho trabajo por hacer:<\/p>\n<ul>\n<li>El n\u00famero total de quejas presentadas por personal contratado localmente aument\u00f3 nuevamente en 2020 a 172 (frente a 144 en 2019). Si bien esto puede ser un \u00e9xito marginal en la mejora de la conciencia y la confianza de los colegas para presentar quejas, a\u00fan queda mucho por hacer considerando que los colegas contratados localmente representan el 80% de la fuerza laboral de MSF.<\/li>\n<li>El n\u00famero total de quejas presentadas por pacientes, cuidadores, miembros de la comunidad y otras personas externas mostr\u00f3 un aumento muy leve, a 23 en 2020 (frente a 20 en 2019). Teniendo en cuenta que MSF realiza millones de consultas m\u00e9dicas cada a\u00f1o en todos sus proyectos, junto con muchas otras formas de contacto con las comunidades a las que ayudamos, es muy probable que esto sea una subnotificaci\u00f3n significativa. Los mecanismos de denuncia existentes deben adaptarse y mejorarse a\u00fan m\u00e1s para llegar mejor a los pacientes y las comunidades en las ubicaciones de los proyectos individuales, especialmente dada la posici\u00f3n extremadamente vulnerable de muchos de las personas a las que MSF asiste.<\/li>\n<\/ul>\n<h3>Denuncias desde nuestras oficinas alrededor del mundo<\/h3>\n<p>2020 es el primer a\u00f1o para el que MSF ha recopilado quejas de nuestras oficinas en todo el mundo, adem\u00e1s de los datos recopilados en nuestros proyectos m\u00e9dicos sobre el terreno. Alrededor del 10% de la fuerza laboral total de MSF tiene su sede en estas oficinas internacionales. Como hemos se\u00f1alado previamente, la ausencia de estas cifras en a\u00f1os anteriores ha provocado una brecha significativa en nuestros datos. Por lo tanto, no hay un a\u00f1o anterior con el cual comparar estos datos. Tambi\u00e9n vale la pena se\u00f1alar que, si bien se han realizado esfuerzos para estandarizar los reportes, estos datos se relacionan con un gran n\u00famero de diferentes procesos legales y de recursos humanos, por lo que es posible que a\u00fan no est\u00e9n completamente armonizados.<\/p>\n<ul>\n<li>De las 37 oficinas (entidades no operacionales) que contaban con 5.596 empleados (10% de la fuerza laboral de MSF) en 2020, se notificaron 55 casos a trav\u00e9s de l\u00edneas de gesti\u00f3n o mecanismos de notificaci\u00f3n de comportamiento espec\u00edficos de la oficina.<\/li>\n<li>Despu\u00e9s de la correspondiente investigaci\u00f3n, 38 casos fueron confirmados como abuso (20) o comportamiento inapropiado (18).<\/li>\n<li>De estos casos, 20 personas fueron despedidas o recibieron otras sanciones, como advertencias formales, seg\u00fan la gravedad de los hechos.<\/li>\n<\/ul>\n<p>Alcanzar y mantener un ambiente de trabajo libre de abusos y de acoso es un esfuerzo continuo que todas las personas que trabajamos en MSF tenemos que hacer y de cuyo cumplimiento todos somos responsables, al igual que tenemos la obligaci\u00f3n de mantener nuestro compromiso de no da\u00f1ar a las personas vulnerables a las que cada d\u00eda nos esforzamos por ayudar.<\/p>\n<p>Continuamos instando a nuestro personal, a los pacientes y a cualquier otra persona en contacto con MSF a reportar cualquier incidente de comportamiento inaceptable del que tengan conocimiento.<\/p>\n\n\t<\/div>\n\n<\/section><\/div><\/div><\/div><\/div><\/div>","protected":false},"excerpt":{"rendered":"<p>En 2020, MSF ten\u00eda m\u00e1s de 63.000 empleados en todo el movimiento. Vimos un total de 444 quejas entre nuestro personal que trabaja en proyectos m\u00e9dico-humanitarios en el terreno (389 quejas) y en las oficinas de sede internacionales (55 quejas). Debe tenerse en cuenta que los detalles adicionales a continuaci\u00f3n desglosan los casos de proyectos [&hellip;]<\/p>\n","protected":false},"author":1,"featured_media":0,"parent":2063,"menu_order":3,"comment_status":"closed","ping_status":"closed","template":"","meta":{"_acf_changed":false,"footnotes":""},"class_list":["post-2073","page","type-page","status-publish","hentry"],"acf":[],"yoast_head":"<!-- This site is optimized with the Yoast SEO plugin v23.0 - https:\/\/yoast.com\/wordpress\/plugins\/seo\/ -->\n<title>Datos 2020 - M\u00e9dicos Sin Fronteras Colombia | Ayuda m\u00e9dico-humanitaria<\/title>\n<meta name=\"robots\" content=\"noindex, follow, max-snippet:-1, max-image-preview:large, max-video-preview:-1\" \/>\n<meta property=\"og:locale\" content=\"es_ES\" \/>\n<meta property=\"og:type\" content=\"article\" \/>\n<meta property=\"og:title\" content=\"Datos 2020 - M\u00e9dicos Sin Fronteras Colombia | Ayuda m\u00e9dico-humanitaria\" \/>\n<meta property=\"og:description\" content=\"En 2020, MSF ten\u00eda m\u00e1s de 63.000 empleados en todo el movimiento. Vimos un total de 444 quejas entre nuestro personal que trabaja en proyectos m\u00e9dico-humanitarios en el terreno (389 quejas) y en las oficinas de sede internacionales (55 quejas). Debe tenerse en cuenta que los detalles adicionales a continuaci\u00f3n desglosan los casos de proyectos [&hellip;]\" \/>\n<meta property=\"og:url\" content=\"https:\/\/pezgordon.com\/msf_dev\/conocenos\/quienes-somos\/principios-y-compromisos\/politicas-contra-acoso\/datos-2020\/\" \/>\n<meta property=\"og:site_name\" content=\"M\u00e9dicos Sin Fronteras Colombia | Ayuda m\u00e9dico-humanitaria\" \/>\n<meta property=\"article:publisher\" content=\"https:\/\/www.facebook.com\/medicossinfronteras.ong\" \/>\n<meta property=\"article:modified_time\" content=\"2023-05-15T19:00:30+00:00\" \/>\n<meta property=\"og:image\" content=\"https:\/\/pezgordon.com\/msf_dev\/wp-content\/uploads\/2023\/05\/msf_seo.jpg\" \/>\n\t<meta property=\"og:image:width\" content=\"1200\" \/>\n\t<meta property=\"og:image:height\" content=\"675\" \/>\n\t<meta property=\"og:image:type\" content=\"image\/jpeg\" \/>\n<meta name=\"twitter:card\" content=\"summary_large_image\" \/>\n<meta name=\"twitter:site\" content=\"@MSF_Colombia\" \/>\n<script type=\"application\/ld+json\" class=\"yoast-schema-graph\">{\"@context\":\"https:\/\/schema.org\",\"@graph\":[{\"@type\":\"WebPage\",\"@id\":\"https:\/\/pezgordon.com\/msf_dev\/conocenos\/quienes-somos\/principios-y-compromisos\/politicas-contra-acoso\/datos-2020\/\",\"url\":\"https:\/\/pezgordon.com\/msf_dev\/conocenos\/quienes-somos\/principios-y-compromisos\/politicas-contra-acoso\/datos-2020\/\",\"name\":\"Datos 2020 - M\u00e9dicos Sin Fronteras Colombia | Ayuda m\u00e9dico-humanitaria\",\"isPartOf\":{\"@id\":\"https:\/\/pezgordon.com\/msf_dev\/#website\"},\"datePublished\":\"2023-04-27T04:20:39+00:00\",\"dateModified\":\"2023-05-15T19:00:30+00:00\",\"breadcrumb\":{\"@id\":\"https:\/\/pezgordon.com\/msf_dev\/conocenos\/quienes-somos\/principios-y-compromisos\/politicas-contra-acoso\/datos-2020\/#breadcrumb\"},\"inLanguage\":\"es\",\"potentialAction\":[{\"@type\":\"ReadAction\",\"target\":[\"https:\/\/pezgordon.com\/msf_dev\/conocenos\/quienes-somos\/principios-y-compromisos\/politicas-contra-acoso\/datos-2020\/\"]}]},{\"@type\":\"BreadcrumbList\",\"@id\":\"https:\/\/pezgordon.com\/msf_dev\/conocenos\/quienes-somos\/principios-y-compromisos\/politicas-contra-acoso\/datos-2020\/#breadcrumb\",\"itemListElement\":[{\"@type\":\"ListItem\",\"position\":1,\"name\":\"Home\",\"item\":\"https:\/\/pezgordon.com\/msf_dev\/\"},{\"@type\":\"ListItem\",\"position\":2,\"name\":\"Con\u00f3cenos\",\"item\":\"https:\/\/pezgordon.com\/msf_dev\/conocenos\/\"},{\"@type\":\"ListItem\",\"position\":3,\"name\":\"Qui\u00e9nes somos\",\"item\":\"https:\/\/pezgordon.com\/msf_dev\/conocenos\/quienes-somos\/\"},{\"@type\":\"ListItem\",\"position\":4,\"name\":\"Principios y compromisos\",\"item\":\"https:\/\/pezgordon.com\/msf_dev\/conocenos\/quienes-somos\/principios-y-compromisos\/\"},{\"@type\":\"ListItem\",\"position\":5,\"name\":\"Nuestras pol\u00edticas contra el acoso\",\"item\":\"https:\/\/pezgordon.com\/msf_dev\/conocenos\/quienes-somos\/principios-y-compromisos\/politicas-contra-acoso\/\"},{\"@type\":\"ListItem\",\"position\":6,\"name\":\"Datos 2020\"}]},{\"@type\":\"WebSite\",\"@id\":\"https:\/\/pezgordon.com\/msf_dev\/#website\",\"url\":\"https:\/\/pezgordon.com\/msf_dev\/\",\"name\":\"M\u00e9dicos Sin Fronteras Colombia | Ayuda m\u00e9dico-humanitaria\",\"description\":\"\",\"publisher\":{\"@id\":\"https:\/\/pezgordon.com\/msf_dev\/#organization\"},\"potentialAction\":[{\"@type\":\"SearchAction\",\"target\":{\"@type\":\"EntryPoint\",\"urlTemplate\":\"https:\/\/pezgordon.com\/msf_dev\/?s={search_term_string}\"},\"query-input\":\"required name=search_term_string\"}],\"inLanguage\":\"es\"},{\"@type\":\"Organization\",\"@id\":\"https:\/\/pezgordon.com\/msf_dev\/#organization\",\"name\":\"M\u00e9dicos Sin Fronteras Colombia\",\"alternateName\":\"MSF\",\"url\":\"https:\/\/pezgordon.com\/msf_dev\/\",\"logo\":{\"@type\":\"ImageObject\",\"inLanguage\":\"es\",\"@id\":\"https:\/\/pezgordon.com\/msf_dev\/#\/schema\/logo\/image\/\",\"url\":\"https:\/\/pezgordon.com\/msf_dev\/wp-content\/uploads\/2023\/05\/msf_organization.png\",\"contentUrl\":\"https:\/\/pezgordon.com\/msf_dev\/wp-content\/uploads\/2023\/05\/msf_organization.png\",\"width\":120,\"height\":120,\"caption\":\"M\u00e9dicos Sin Fronteras Colombia\"},\"image\":{\"@id\":\"https:\/\/pezgordon.com\/msf_dev\/#\/schema\/logo\/image\/\"},\"sameAs\":[\"https:\/\/www.facebook.com\/medicossinfronteras.ong\",\"https:\/\/x.com\/MSF_Colombia\",\"https:\/\/www.youtube.com\/user\/MedicosSinFronteras\",\"https:\/\/www.tiktok.com\/@medicossinfronteras\",\"https:\/\/www.instagram.com\/msf_sudamerica\",\"https:\/\/www.linkedin.com\/company\/msf-latam\/mycompany\/\"]}]}<\/script>\n<!-- \/ Yoast SEO plugin. -->","yoast_head_json":{"title":"Datos 2020 - M\u00e9dicos Sin Fronteras Colombia | Ayuda m\u00e9dico-humanitaria","robots":{"index":"noindex","follow":"follow","max-snippet":"max-snippet:-1","max-image-preview":"max-image-preview:large","max-video-preview":"max-video-preview:-1"},"og_locale":"es_ES","og_type":"article","og_title":"Datos 2020 - M\u00e9dicos Sin Fronteras Colombia | Ayuda m\u00e9dico-humanitaria","og_description":"En 2020, MSF ten\u00eda m\u00e1s de 63.000 empleados en todo el movimiento. Vimos un total de 444 quejas entre nuestro personal que trabaja en proyectos m\u00e9dico-humanitarios en el terreno (389 quejas) y en las oficinas de sede internacionales (55 quejas). Debe tenerse en cuenta que los detalles adicionales a continuaci\u00f3n desglosan los casos de proyectos [&hellip;]","og_url":"https:\/\/pezgordon.com\/msf_dev\/conocenos\/quienes-somos\/principios-y-compromisos\/politicas-contra-acoso\/datos-2020\/","og_site_name":"M\u00e9dicos Sin Fronteras Colombia | Ayuda m\u00e9dico-humanitaria","article_publisher":"https:\/\/www.facebook.com\/medicossinfronteras.ong","article_modified_time":"2023-05-15T19:00:30+00:00","og_image":[{"width":1200,"height":675,"url":"https:\/\/pezgordon.com\/msf_dev\/wp-content\/uploads\/2023\/05\/msf_seo.jpg","type":"image\/jpeg"}],"twitter_card":"summary_large_image","twitter_site":"@MSF_Colombia","schema":{"@context":"https:\/\/schema.org","@graph":[{"@type":"WebPage","@id":"https:\/\/pezgordon.com\/msf_dev\/conocenos\/quienes-somos\/principios-y-compromisos\/politicas-contra-acoso\/datos-2020\/","url":"https:\/\/pezgordon.com\/msf_dev\/conocenos\/quienes-somos\/principios-y-compromisos\/politicas-contra-acoso\/datos-2020\/","name":"Datos 2020 - M\u00e9dicos Sin Fronteras Colombia | Ayuda m\u00e9dico-humanitaria","isPartOf":{"@id":"https:\/\/pezgordon.com\/msf_dev\/#website"},"datePublished":"2023-04-27T04:20:39+00:00","dateModified":"2023-05-15T19:00:30+00:00","breadcrumb":{"@id":"https:\/\/pezgordon.com\/msf_dev\/conocenos\/quienes-somos\/principios-y-compromisos\/politicas-contra-acoso\/datos-2020\/#breadcrumb"},"inLanguage":"es","potentialAction":[{"@type":"ReadAction","target":["https:\/\/pezgordon.com\/msf_dev\/conocenos\/quienes-somos\/principios-y-compromisos\/politicas-contra-acoso\/datos-2020\/"]}]},{"@type":"BreadcrumbList","@id":"https:\/\/pezgordon.com\/msf_dev\/conocenos\/quienes-somos\/principios-y-compromisos\/politicas-contra-acoso\/datos-2020\/#breadcrumb","itemListElement":[{"@type":"ListItem","position":1,"name":"Home","item":"https:\/\/pezgordon.com\/msf_dev\/"},{"@type":"ListItem","position":2,"name":"Con\u00f3cenos","item":"https:\/\/pezgordon.com\/msf_dev\/conocenos\/"},{"@type":"ListItem","position":3,"name":"Qui\u00e9nes somos","item":"https:\/\/pezgordon.com\/msf_dev\/conocenos\/quienes-somos\/"},{"@type":"ListItem","position":4,"name":"Principios y compromisos","item":"https:\/\/pezgordon.com\/msf_dev\/conocenos\/quienes-somos\/principios-y-compromisos\/"},{"@type":"ListItem","position":5,"name":"Nuestras pol\u00edticas contra el acoso","item":"https:\/\/pezgordon.com\/msf_dev\/conocenos\/quienes-somos\/principios-y-compromisos\/politicas-contra-acoso\/"},{"@type":"ListItem","position":6,"name":"Datos 2020"}]},{"@type":"WebSite","@id":"https:\/\/pezgordon.com\/msf_dev\/#website","url":"https:\/\/pezgordon.com\/msf_dev\/","name":"M\u00e9dicos Sin Fronteras Colombia | Ayuda m\u00e9dico-humanitaria","description":"","publisher":{"@id":"https:\/\/pezgordon.com\/msf_dev\/#organization"},"potentialAction":[{"@type":"SearchAction","target":{"@type":"EntryPoint","urlTemplate":"https:\/\/pezgordon.com\/msf_dev\/?s={search_term_string}"},"query-input":"required name=search_term_string"}],"inLanguage":"es"},{"@type":"Organization","@id":"https:\/\/pezgordon.com\/msf_dev\/#organization","name":"M\u00e9dicos Sin Fronteras Colombia","alternateName":"MSF","url":"https:\/\/pezgordon.com\/msf_dev\/","logo":{"@type":"ImageObject","inLanguage":"es","@id":"https:\/\/pezgordon.com\/msf_dev\/#\/schema\/logo\/image\/","url":"https:\/\/pezgordon.com\/msf_dev\/wp-content\/uploads\/2023\/05\/msf_organization.png","contentUrl":"https:\/\/pezgordon.com\/msf_dev\/wp-content\/uploads\/2023\/05\/msf_organization.png","width":120,"height":120,"caption":"M\u00e9dicos Sin Fronteras Colombia"},"image":{"@id":"https:\/\/pezgordon.com\/msf_dev\/#\/schema\/logo\/image\/"},"sameAs":["https:\/\/www.facebook.com\/medicossinfronteras.ong","https:\/\/x.com\/MSF_Colombia","https:\/\/www.youtube.com\/user\/MedicosSinFronteras","https:\/\/www.tiktok.com\/@medicossinfronteras","https:\/\/www.instagram.com\/msf_sudamerica","https:\/\/www.linkedin.com\/company\/msf-latam\/mycompany\/"]}]}},"_links":{"self":[{"href":"https:\/\/pezgordon.com\/msf_dev\/wp-json\/wp\/v2\/pages\/2073"}],"collection":[{"href":"https:\/\/pezgordon.com\/msf_dev\/wp-json\/wp\/v2\/pages"}],"about":[{"href":"https:\/\/pezgordon.com\/msf_dev\/wp-json\/wp\/v2\/types\/page"}],"author":[{"embeddable":true,"href":"https:\/\/pezgordon.com\/msf_dev\/wp-json\/wp\/v2\/users\/1"}],"replies":[{"embeddable":true,"href":"https:\/\/pezgordon.com\/msf_dev\/wp-json\/wp\/v2\/comments?post=2073"}],"version-history":[{"count":12,"href":"https:\/\/pezgordon.com\/msf_dev\/wp-json\/wp\/v2\/pages\/2073\/revisions"}],"predecessor-version":[{"id":2524,"href":"https:\/\/pezgordon.com\/msf_dev\/wp-json\/wp\/v2\/pages\/2073\/revisions\/2524"}],"up":[{"embeddable":true,"href":"https:\/\/pezgordon.com\/msf_dev\/wp-json\/wp\/v2\/pages\/2063"}],"wp:attachment":[{"href":"https:\/\/pezgordon.com\/msf_dev\/wp-json\/wp\/v2\/media?parent=2073"}],"curies":[{"name":"wp","href":"https:\/\/api.w.org\/{rel}","templated":true}]}}