{"id":1143,"date":"2023-04-17T13:48:42","date_gmt":"2023-04-17T16:48:42","guid":{"rendered":"https:\/\/pezgordon.com\/msf_dev\/?page_id=1143"},"modified":"2023-04-19T15:51:30","modified_gmt":"2023-04-19T18:51:30","slug":"colabora","status":"publish","type":"page","link":"https:\/\/pezgordon.com\/msf_dev\/colabora\/","title":{"rendered":"Colabora"},"content":{"rendered":"<div id=\"pl-1143\"  class=\"panel-layout\" ><div id=\"pg-1143-0\"  class=\"panel-grid panel-no-style\" ><div id=\"pgc-1143-0-0\"  class=\"panel-grid-cell\" ><div id=\"panel-1143-0-0-0\" class=\"so-panel widget_links-module panel-first-child\" data-index=\"0\" ><div\n\t\t\t\n\t\t\tclass=\"so-widget-links-module so-widget-links-module-default-d75171398898-1143\"\n\t\t\t\n\t\t>\n<section class=\"pages-grid\">\n\n\t\n\t\n\t<div class=\"grid\">\n\n\t\t\n\t\t<div>\n\t\t\t<div class=\"thumbnail\">\n\t\t\t\t<img loading=\"lazy\" decoding=\"async\" width=\"150\" height=\"150\" src=\"https:\/\/pezgordon.com\/msf_dev\/wp-content\/uploads\/2023\/03\/como-nos-financiamos-150x150.jpg\" class=\"attachment-thumbnail size-thumbnail\" alt=\"\" srcset=\"https:\/\/pezgordon.com\/msf_dev\/wp-content\/uploads\/2023\/03\/como-nos-financiamos-150x150.jpg 150w, https:\/\/pezgordon.com\/msf_dev\/wp-content\/uploads\/2023\/03\/como-nos-financiamos-700x426.jpg 700w\" sizes=\"(max-width: 768px) 40px, 700px\" \/>\t\t\t<\/div>\n\t\t\t<div class=\"content\">\n\t\t\t\t<h2 class=\"semi_bold\">As\u00f3ciate<\/h2>\n\t\t\t\t<p class=\"hide_mobile\">Ay\u00fadanos a continuar con nuestros m\u00e1s de 423 proyectos de atenci\u00f3n m\u00e9dica en contextos de crisis humanitarias, conflictos armados, cat\u00e1strofes, epidemias y pandemias.<\/p>\n\t\t\t\t\t\t\t\t<a href=\"https:\/\/pezgordon.com\/msf_dev\/asociate\/\" title=\"\">Leer m\u00e1s<\/a>\n\t\t\t\t\t\t\t<\/div>\n\t\t<\/div>\n\n\t\t\n\t\t<div>\n\t\t\t<div class=\"thumbnail\">\n\t\t\t\t<img loading=\"lazy\" decoding=\"async\" width=\"150\" height=\"150\" src=\"https:\/\/pezgordon.com\/msf_dev\/wp-content\/uploads\/2022\/11\/msb128436_donacion_personas_desplazadas_holovanivsk_ucrania-150x150.jpg\" class=\"attachment-thumbnail size-thumbnail\" alt=\"Donaci\u00f3n de materiales para personas desplazadas en Holovanivsk, Ucrania\" srcset=\"https:\/\/pezgordon.com\/msf_dev\/wp-content\/uploads\/2022\/11\/msb128436_donacion_personas_desplazadas_holovanivsk_ucrania-150x150.jpg 150w, https:\/\/pezgordon.com\/msf_dev\/wp-content\/uploads\/2022\/11\/msb128436_donacion_personas_desplazadas_holovanivsk_ucrania-700x467.jpg 700w\" sizes=\"(max-width: 768px) 40px, 700px\" \/>\t\t\t<\/div>\n\t\t\t<div class=\"content\">\n\t\t\t\t<h2 class=\"semi_bold\">Dona por \u00fanica vez<\/h2>\n\t\t\t\t<p class=\"hide_mobile\">Haciendo una donaci\u00f3n por \u00fanica vez, alivias el sufrimiento y contribuyes a salvar las vidas de cientos de miles de personas afectadas por emergencias humanitarias.<\/p>\n\t\t\t\t\t\t\t\t<a href=\"https:\/\/pezgordon.com\/msf_dev\/haz-una-donacion-unica-vez\/\" title=\"\">Leer m\u00e1s<\/a>\n\t\t\t\t\t\t\t<\/div>\n\t\t<\/div>\n\n\t\t\n\t\t<div>\n\t\t\t<div class=\"thumbnail\">\n\t\t\t\t<img loading=\"lazy\" decoding=\"async\" width=\"150\" height=\"150\" src=\"https:\/\/pezgordon.com\/msf_dev\/wp-content\/uploads\/2022\/11\/msb127250_paciente_herido_guerra_atendido_tren_medicalizado-150x150.jpg\" class=\"attachment-thumbnail size-thumbnail\" alt=\"\" srcset=\"https:\/\/pezgordon.com\/msf_dev\/wp-content\/uploads\/2022\/11\/msb127250_paciente_herido_guerra_atendido_tren_medicalizado-150x150.jpg 150w, https:\/\/pezgordon.com\/msf_dev\/wp-content\/uploads\/2022\/11\/msb127250_paciente_herido_guerra_atendido_tren_medicalizado-700x467.jpg 700w\" sizes=\"(max-width: 768px) 40px, 700px\" \/>\t\t\t<\/div>\n\t\t\t<div class=\"content\">\n\t\t\t\t<h2 class=\"semi_bold\">Iniciativas Solidarias<\/h2>\n\t\t\t\t<p class=\"hide_mobile\">\u00bfSab\u00edas que tus celebraciones, eventos, o actividades relacionadas con la cultura, la m\u00fasica, el espect\u00e1culo o el deporte pueden convertirse en acciones solidarias?<\/p>\n\t\t\t\t\t\t\t\t<a href=\"https:\/\/pezgordon.com\/msf_dev\/colabora\/otras-formas-de-colaborar\/iniciativas-solidarias\/\" title=\"\">Leer m\u00e1s<\/a>\n\t\t\t\t\t\t\t<\/div>\n\t\t<\/div>\n\n\t\t\n\t\t<div>\n\t\t\t<div class=\"thumbnail\">\n\t\t\t\t<img loading=\"lazy\" decoding=\"async\" width=\"150\" height=\"150\" src=\"https:\/\/pezgordon.com\/msf_dev\/wp-content\/uploads\/2022\/06\/MSB92914.jpgd63763604346-150x150.jpg\" class=\"attachment-thumbnail size-thumbnail\" alt=\"\" srcset=\"https:\/\/pezgordon.com\/msf_dev\/wp-content\/uploads\/2022\/06\/MSB92914.jpgd63763604346-150x150.jpg 150w, https:\/\/pezgordon.com\/msf_dev\/wp-content\/uploads\/2022\/06\/MSB92914.jpgd63763604346-700x458.jpg 700w\" sizes=\"(max-width: 768px) 40px, 700px\" \/>\t\t\t<\/div>\n\t\t\t<div class=\"content\">\n\t\t\t\t<h2 class=\"semi_bold\">Difunde nuestra causa<\/h2>\n\t\t\t\t<p class=\"hide_mobile\">Conoce c\u00f3mo puedes ayudarnos a hacer llegar nuestro mensaje al m\u00e1ximo n\u00famero de personas posible.<\/p>\n\t\t\t\t\t\t\t\t<a href=\"https:\/\/pezgordon.com\/msf_dev\/colabora\/otras-formas-de-colaborar\/difunde-nuestra-causa\/\" title=\"\">Leer m\u00e1s<\/a>\n\t\t\t\t\t\t\t<\/div>\n\t\t<\/div>\n\n\t\t\n\t\t<div>\n\t\t\t<div class=\"thumbnail\">\n\t\t\t\t<img loading=\"lazy\" decoding=\"async\" width=\"150\" height=\"150\" src=\"https:\/\/pezgordon.com\/msf_dev\/wp-content\/uploads\/2023\/04\/MSF306618_Medium-150x150.jpg\" class=\"attachment-thumbnail size-thumbnail\" alt=\"\" srcset=\"https:\/\/pezgordon.com\/msf_dev\/wp-content\/uploads\/2023\/04\/MSF306618_Medium-150x150.jpg 150w, https:\/\/pezgordon.com\/msf_dev\/wp-content\/uploads\/2023\/04\/MSF306618_Medium-700x467.jpg 700w\" sizes=\"(max-width: 768px) 40px, 700px\" \/>\t\t\t<\/div>\n\t\t\t<div class=\"content\">\n\t\t\t\t<h2 class=\"semi_bold\">Testamento Solidario<\/h2>\n\t\t\t\t<p class=\"hide_mobile\">Un testamento solidario es un gesto en el presente que ser\u00e1 de gran ayuda en el futuro. <\/p>\n\t\t\t\t\t\t\t\t<a href=\"https:\/\/pezgordon.com\/msf_dev\/colabora\/otras-formas-de-colaborar\/testamento-solidario\/\" title=\"\">Leer m\u00e1s<\/a>\n\t\t\t\t\t\t\t<\/div>\n\t\t<\/div>\n\n\t\t\n\t\t<div>\n\t\t\t<div class=\"thumbnail\">\n\t\t\t\t<img loading=\"lazy\" decoding=\"async\" width=\"150\" height=\"150\" src=\"https:\/\/pezgordon.com\/msf_dev\/wp-content\/uploads\/2023\/04\/cumple-700x467-1-150x150.jpg\" class=\"attachment-thumbnail size-thumbnail\" alt=\"\" srcset=\"https:\/\/pezgordon.com\/msf_dev\/wp-content\/uploads\/2023\/04\/cumple-700x467-1-150x150.jpg 150w, https:\/\/pezgordon.com\/msf_dev\/wp-content\/uploads\/2023\/04\/cumple-700x467-1.jpg 700w\" sizes=\"(max-width: 768px) 40px, 700px\" \/>\t\t\t<\/div>\n\t\t\t<div class=\"content\">\n\t\t\t\t<h2 class=\"semi_bold\">Festeja un Cumplea\u00f1os Solidario<\/h2>\n\t\t\t\t<p class=\"hide_mobile\">\u00a1Celebra tu d\u00eda con una acci\u00f3n solidaria!<\/p>\n\t\t\t\t\t\t\t\t<a href=\"https:\/\/pezgordon.com\/msf_dev\/colabora\/otras-formas-de-colaborar\/cumpleanos-solidario\/\" title=\"\">Leer m\u00e1s<\/a>\n\t\t\t\t\t\t\t<\/div>\n\t\t<\/div>\n\n\t\t\n\t<\/div>\n\n<\/section><\/div><\/div><div id=\"panel-1143-0-0-1\" class=\"so-panel widget_text-module\" data-index=\"1\" ><div\n\t\t\t\n\t\t\tclass=\"so-widget-text-module so-widget-text-module-default-d75171398898-1143\"\n\t\t\t\n\t\t>\n<section class=\"text-module full-screen mobile-white desktop-white wide\" style=\"--backgroundDesktop:var(--white);--primaryColorDesktop:var(--grey);--secondaryColorDesktop:var(--red);--backgroundMobile:var(--white);--primaryColorMobile:var(--grey);--secondaryColorMobile:var(--red)\">\n\t\t\t\n\t<div class=\"container\">\n\n\t\t<h2>Si ya eres socio\/a<\/h2>\n<p>\u00a1Muchas gracias por tu apoyo! Si quieres saber c\u00f3mo aumentar tu donaci\u00f3n mensual, o bien necesitas actualizar datos de contacto o medio de pago, puedes hacerlo en los siguientes enlaces:<\/p>\n<p>&nbsp;<\/p>\n<p><a class=\"arrow_link\" href=\"https:\/\/pezgordon.com\/msf_dev\/aumenta-tu-aporte\/\">Aumenta tu donaci\u00f3n<\/a><\/p>\n<p><a class=\"arrow_link\" href=\"https:\/\/pezgordon.com\/msf_dev\/actualizacion-de-datos\/\">Actualiza tus datos<\/a><\/p>\n\n\t<\/div>\n\n<\/section><\/div><\/div><div id=\"panel-1143-0-0-2\" class=\"so-panel widget_text-module panel-last-child\" data-index=\"2\" ><div\n\t\t\t\n\t\t\tclass=\"so-widget-text-module so-widget-text-module-default-d75171398898-1143\"\n\t\t\t\n\t\t>\n<section class=\"text-module full-screen mobile-white desktop-white wide\" style=\"--backgroundDesktop:var(--white);--primaryColorDesktop:var(--grey);--secondaryColorDesktop:var(--red);--backgroundMobile:var(--white);--primaryColorMobile:var(--grey);--secondaryColorMobile:var(--red)\">\n\t\t\t\n\t<div class=\"container\">\n\n\t\t<h2>Si eres una empresa<\/h2>\n<p>Tu empresa o entidad puede colaborar con nosotros de m\u00e1s de una manera. Muchas veces son complementarias, lo que enriquece a\u00fan m\u00e1s nuestra relaci\u00f3n y maximiza el impacto de la colaboraci\u00f3n. Si quieres saber c\u00f3mo colaborar, o quienes nos apoyan, ve a los siguientes enlaces:<\/p>\n<p><a class=\"arrow_link\" href=\"https:\/\/pezgordon.com\/msf_dev\/colabora\/empresas\/\">Colaborar como Empresa<\/a><\/p>\n<p><a class=\"arrow_link\" href=\"https:\/\/pezgordon.com\/msf_dev\/colabora\/empresas\/empresas-que-nos-apoyan\/\">Empresas que nos apoyan<\/a><\/p>\n\n\t<\/div>\n\n<\/section><\/div><\/div><\/div><\/div><\/div>","protected":false},"excerpt":{"rendered":"<p>Existen m\u00faltiples formas de colaborar para ayudarnos a salvar vidas. \u00a1Te las contamos!<\/p>\n","protected":false},"author":1,"featured_media":1066,"parent":0,"menu_order":0,"comment_status":"closed","ping_status":"closed","template":"","meta":{"_acf_changed":false,"footnotes":""},"class_list":["post-1143","page","type-page","status-publish","has-post-thumbnail","hentry"],"acf":[],"yoast_head":"<!-- This site is optimized with the Yoast SEO plugin v23.0 - https:\/\/yoast.com\/wordpress\/plugins\/seo\/ -->\n<title>Colabora - M\u00e9dicos Sin Fronteras Colombia | Ayuda m\u00e9dico-humanitaria<\/title>\n<meta name=\"robots\" content=\"noindex, follow, max-snippet:-1, max-image-preview:large, max-video-preview:-1\" \/>\n<meta property=\"og:locale\" content=\"es_ES\" \/>\n<meta property=\"og:type\" content=\"article\" \/>\n<meta property=\"og:title\" content=\"Colabora - M\u00e9dicos Sin Fronteras Colombia | Ayuda m\u00e9dico-humanitaria\" \/>\n<meta property=\"og:description\" content=\"Existen m\u00faltiples formas de colaborar para ayudarnos a salvar vidas. \u00a1Te las contamos!\" \/>\n<meta property=\"og:url\" content=\"https:\/\/pezgordon.com\/msf_dev\/colabora\/\" \/>\n<meta property=\"og:site_name\" content=\"M\u00e9dicos Sin Fronteras Colombia | Ayuda m\u00e9dico-humanitaria\" \/>\n<meta property=\"article:publisher\" content=\"https:\/\/www.facebook.com\/medicossinfronteras.ong\" \/>\n<meta property=\"article:modified_time\" content=\"2023-04-19T18:51:30+00:00\" \/>\n<meta property=\"og:image\" content=\"https:\/\/pezgordon.com\/msf_dev\/wp-content\/uploads\/2023\/04\/MSB115601_Medium.jpg\" \/>\n\t<meta property=\"og:image:width\" content=\"1000\" \/>\n\t<meta property=\"og:image:height\" content=\"667\" \/>\n\t<meta property=\"og:image:type\" content=\"image\/jpeg\" \/>\n<meta name=\"twitter:card\" content=\"summary_large_image\" \/>\n<meta name=\"twitter:site\" content=\"@MSF_Colombia\" \/>\n<script type=\"application\/ld+json\" class=\"yoast-schema-graph\">{\"@context\":\"https:\/\/schema.org\",\"@graph\":[{\"@type\":\"WebPage\",\"@id\":\"https:\/\/pezgordon.com\/msf_dev\/colabora\/\",\"url\":\"https:\/\/pezgordon.com\/msf_dev\/colabora\/\",\"name\":\"Colabora - M\u00e9dicos Sin Fronteras Colombia | Ayuda m\u00e9dico-humanitaria\",\"isPartOf\":{\"@id\":\"https:\/\/pezgordon.com\/msf_dev\/#website\"},\"primaryImageOfPage\":{\"@id\":\"https:\/\/pezgordon.com\/msf_dev\/colabora\/#primaryimage\"},\"image\":{\"@id\":\"https:\/\/pezgordon.com\/msf_dev\/colabora\/#primaryimage\"},\"thumbnailUrl\":\"https:\/\/pezgordon.com\/msf_dev\/wp-content\/uploads\/2023\/04\/MSB115601_Medium.jpg\",\"datePublished\":\"2023-04-17T16:48:42+00:00\",\"dateModified\":\"2023-04-19T18:51:30+00:00\",\"breadcrumb\":{\"@id\":\"https:\/\/pezgordon.com\/msf_dev\/colabora\/#breadcrumb\"},\"inLanguage\":\"es\",\"potentialAction\":[{\"@type\":\"ReadAction\",\"target\":[\"https:\/\/pezgordon.com\/msf_dev\/colabora\/\"]}]},{\"@type\":\"ImageObject\",\"inLanguage\":\"es\",\"@id\":\"https:\/\/pezgordon.com\/msf_dev\/colabora\/#primaryimage\",\"url\":\"https:\/\/pezgordon.com\/msf_dev\/wp-content\/uploads\/2023\/04\/MSB115601_Medium.jpg\",\"contentUrl\":\"https:\/\/pezgordon.com\/msf_dev\/wp-content\/uploads\/2023\/04\/MSB115601_Medium.jpg\",\"width\":1000,\"height\":667,\"caption\":\"MSF Doctor Benjamin Safari examines Mave Aksanti, 2 weeks old, in the paediatric ward under tents of the health centre managed by MSF of Rhoe camp. She suffers from cough and shoulder injury. Her mother, Angela Madasi, 36, is a widow with six children. She lives in Rhoe camp since she has left Drodro after the attacks of the town. After the violent attacks of Drodro village in November 2021, the population was forced to flee and the health workers had to abandon the general referral hospital where MSF was working to take refuge in the Rhoe site, bringing its population to more than 65,000 displaced. MSF had to transform the health centre into a quasi-field hospital. Originally, this advanced health post set up in the camp was intended to refer patients requiring more intensive care to the better-equipped general referral hospital in the town of Drodro. In the last few weeks of December 2021, the medical teams carried out a weekly average of more than 800 consultations, assisted 35 deliveries, and took care of several dozen patients requiring mental health assistance.\"},{\"@type\":\"BreadcrumbList\",\"@id\":\"https:\/\/pezgordon.com\/msf_dev\/colabora\/#breadcrumb\",\"itemListElement\":[{\"@type\":\"ListItem\",\"position\":1,\"name\":\"Home\",\"item\":\"https:\/\/pezgordon.com\/msf_dev\/\"},{\"@type\":\"ListItem\",\"position\":2,\"name\":\"Colabora\"}]},{\"@type\":\"WebSite\",\"@id\":\"https:\/\/pezgordon.com\/msf_dev\/#website\",\"url\":\"https:\/\/pezgordon.com\/msf_dev\/\",\"name\":\"M\u00e9dicos Sin Fronteras Colombia | Ayuda m\u00e9dico-humanitaria\",\"description\":\"\",\"publisher\":{\"@id\":\"https:\/\/pezgordon.com\/msf_dev\/#organization\"},\"potentialAction\":[{\"@type\":\"SearchAction\",\"target\":{\"@type\":\"EntryPoint\",\"urlTemplate\":\"https:\/\/pezgordon.com\/msf_dev\/?s={search_term_string}\"},\"query-input\":\"required name=search_term_string\"}],\"inLanguage\":\"es\"},{\"@type\":\"Organization\",\"@id\":\"https:\/\/pezgordon.com\/msf_dev\/#organization\",\"name\":\"M\u00e9dicos Sin Fronteras Colombia\",\"alternateName\":\"MSF\",\"url\":\"https:\/\/pezgordon.com\/msf_dev\/\",\"logo\":{\"@type\":\"ImageObject\",\"inLanguage\":\"es\",\"@id\":\"https:\/\/pezgordon.com\/msf_dev\/#\/schema\/logo\/image\/\",\"url\":\"https:\/\/pezgordon.com\/msf_dev\/wp-content\/uploads\/2023\/05\/msf_organization.png\",\"contentUrl\":\"https:\/\/pezgordon.com\/msf_dev\/wp-content\/uploads\/2023\/05\/msf_organization.png\",\"width\":120,\"height\":120,\"caption\":\"M\u00e9dicos Sin Fronteras Colombia\"},\"image\":{\"@id\":\"https:\/\/pezgordon.com\/msf_dev\/#\/schema\/logo\/image\/\"},\"sameAs\":[\"https:\/\/www.facebook.com\/medicossinfronteras.ong\",\"https:\/\/x.com\/MSF_Colombia\",\"https:\/\/www.youtube.com\/user\/MedicosSinFronteras\",\"https:\/\/www.tiktok.com\/@medicossinfronteras\",\"https:\/\/www.instagram.com\/msf_sudamerica\",\"https:\/\/www.linkedin.com\/company\/msf-latam\/mycompany\/\"]}]}<\/script>\n<!-- \/ Yoast SEO plugin. -->","yoast_head_json":{"title":"Colabora - M\u00e9dicos Sin Fronteras Colombia | Ayuda m\u00e9dico-humanitaria","robots":{"index":"noindex","follow":"follow","max-snippet":"max-snippet:-1","max-image-preview":"max-image-preview:large","max-video-preview":"max-video-preview:-1"},"og_locale":"es_ES","og_type":"article","og_title":"Colabora - M\u00e9dicos Sin Fronteras Colombia | Ayuda m\u00e9dico-humanitaria","og_description":"Existen m\u00faltiples formas de colaborar para ayudarnos a salvar vidas. \u00a1Te las contamos!","og_url":"https:\/\/pezgordon.com\/msf_dev\/colabora\/","og_site_name":"M\u00e9dicos Sin Fronteras Colombia | Ayuda m\u00e9dico-humanitaria","article_publisher":"https:\/\/www.facebook.com\/medicossinfronteras.ong","article_modified_time":"2023-04-19T18:51:30+00:00","og_image":[{"width":1000,"height":667,"url":"https:\/\/pezgordon.com\/msf_dev\/wp-content\/uploads\/2023\/04\/MSB115601_Medium.jpg","type":"image\/jpeg"}],"twitter_card":"summary_large_image","twitter_site":"@MSF_Colombia","schema":{"@context":"https:\/\/schema.org","@graph":[{"@type":"WebPage","@id":"https:\/\/pezgordon.com\/msf_dev\/colabora\/","url":"https:\/\/pezgordon.com\/msf_dev\/colabora\/","name":"Colabora - M\u00e9dicos Sin Fronteras Colombia | Ayuda m\u00e9dico-humanitaria","isPartOf":{"@id":"https:\/\/pezgordon.com\/msf_dev\/#website"},"primaryImageOfPage":{"@id":"https:\/\/pezgordon.com\/msf_dev\/colabora\/#primaryimage"},"image":{"@id":"https:\/\/pezgordon.com\/msf_dev\/colabora\/#primaryimage"},"thumbnailUrl":"https:\/\/pezgordon.com\/msf_dev\/wp-content\/uploads\/2023\/04\/MSB115601_Medium.jpg","datePublished":"2023-04-17T16:48:42+00:00","dateModified":"2023-04-19T18:51:30+00:00","breadcrumb":{"@id":"https:\/\/pezgordon.com\/msf_dev\/colabora\/#breadcrumb"},"inLanguage":"es","potentialAction":[{"@type":"ReadAction","target":["https:\/\/pezgordon.com\/msf_dev\/colabora\/"]}]},{"@type":"ImageObject","inLanguage":"es","@id":"https:\/\/pezgordon.com\/msf_dev\/colabora\/#primaryimage","url":"https:\/\/pezgordon.com\/msf_dev\/wp-content\/uploads\/2023\/04\/MSB115601_Medium.jpg","contentUrl":"https:\/\/pezgordon.com\/msf_dev\/wp-content\/uploads\/2023\/04\/MSB115601_Medium.jpg","width":1000,"height":667,"caption":"MSF Doctor Benjamin Safari examines Mave Aksanti, 2 weeks old, in the paediatric ward under tents of the health centre managed by MSF of Rhoe camp. She suffers from cough and shoulder injury. Her mother, Angela Madasi, 36, is a widow with six children. She lives in Rhoe camp since she has left Drodro after the attacks of the town. After the violent attacks of Drodro village in November 2021, the population was forced to flee and the health workers had to abandon the general referral hospital where MSF was working to take refuge in the Rhoe site, bringing its population to more than 65,000 displaced. MSF had to transform the health centre into a quasi-field hospital. Originally, this advanced health post set up in the camp was intended to refer patients requiring more intensive care to the better-equipped general referral hospital in the town of Drodro. In the last few weeks of December 2021, the medical teams carried out a weekly average of more than 800 consultations, assisted 35 deliveries, and took care of several dozen patients requiring mental health assistance."},{"@type":"BreadcrumbList","@id":"https:\/\/pezgordon.com\/msf_dev\/colabora\/#breadcrumb","itemListElement":[{"@type":"ListItem","position":1,"name":"Home","item":"https:\/\/pezgordon.com\/msf_dev\/"},{"@type":"ListItem","position":2,"name":"Colabora"}]},{"@type":"WebSite","@id":"https:\/\/pezgordon.com\/msf_dev\/#website","url":"https:\/\/pezgordon.com\/msf_dev\/","name":"M\u00e9dicos Sin Fronteras Colombia | Ayuda m\u00e9dico-humanitaria","description":"","publisher":{"@id":"https:\/\/pezgordon.com\/msf_dev\/#organization"},"potentialAction":[{"@type":"SearchAction","target":{"@type":"EntryPoint","urlTemplate":"https:\/\/pezgordon.com\/msf_dev\/?s={search_term_string}"},"query-input":"required name=search_term_string"}],"inLanguage":"es"},{"@type":"Organization","@id":"https:\/\/pezgordon.com\/msf_dev\/#organization","name":"M\u00e9dicos Sin Fronteras Colombia","alternateName":"MSF","url":"https:\/\/pezgordon.com\/msf_dev\/","logo":{"@type":"ImageObject","inLanguage":"es","@id":"https:\/\/pezgordon.com\/msf_dev\/#\/schema\/logo\/image\/","url":"https:\/\/pezgordon.com\/msf_dev\/wp-content\/uploads\/2023\/05\/msf_organization.png","contentUrl":"https:\/\/pezgordon.com\/msf_dev\/wp-content\/uploads\/2023\/05\/msf_organization.png","width":120,"height":120,"caption":"M\u00e9dicos Sin Fronteras Colombia"},"image":{"@id":"https:\/\/pezgordon.com\/msf_dev\/#\/schema\/logo\/image\/"},"sameAs":["https:\/\/www.facebook.com\/medicossinfronteras.ong","https:\/\/x.com\/MSF_Colombia","https:\/\/www.youtube.com\/user\/MedicosSinFronteras","https:\/\/www.tiktok.com\/@medicossinfronteras","https:\/\/www.instagram.com\/msf_sudamerica","https:\/\/www.linkedin.com\/company\/msf-latam\/mycompany\/"]}]}},"_links":{"self":[{"href":"https:\/\/pezgordon.com\/msf_dev\/wp-json\/wp\/v2\/pages\/1143"}],"collection":[{"href":"https:\/\/pezgordon.com\/msf_dev\/wp-json\/wp\/v2\/pages"}],"about":[{"href":"https:\/\/pezgordon.com\/msf_dev\/wp-json\/wp\/v2\/types\/page"}],"author":[{"embeddable":true,"href":"https:\/\/pezgordon.com\/msf_dev\/wp-json\/wp\/v2\/users\/1"}],"replies":[{"embeddable":true,"href":"https:\/\/pezgordon.com\/msf_dev\/wp-json\/wp\/v2\/comments?post=1143"}],"version-history":[{"count":24,"href":"https:\/\/pezgordon.com\/msf_dev\/wp-json\/wp\/v2\/pages\/1143\/revisions"}],"predecessor-version":[{"id":1445,"href":"https:\/\/pezgordon.com\/msf_dev\/wp-json\/wp\/v2\/pages\/1143\/revisions\/1445"}],"wp:featuredmedia":[{"embeddable":true,"href":"https:\/\/pezgordon.com\/msf_dev\/wp-json\/wp\/v2\/media\/1066"}],"wp:attachment":[{"href":"https:\/\/pezgordon.com\/msf_dev\/wp-json\/wp\/v2\/media?parent=1143"}],"curies":[{"name":"wp","href":"https:\/\/api.w.org\/{rel}","templated":true}]}}